{"id":4471,"date":"2020-12-18T22:37:27","date_gmt":"2020-12-18T21:37:27","guid":{"rendered":"https:\/\/mirola.pl\/kaufen\/"},"modified":"2022-12-23T10:51:44","modified_gmt":"2022-12-23T09:51:44","slug":"kaufen","status":"publish","type":"page","link":"https:\/\/mirola.pl\/de\/kaufen\/","title":{"rendered":"Kaufen"},"content":{"rendered":"\n<section id=\"full-content-block_615c1306638de\" class=\"full-content-block style1\">\n    <div class=\"container\">\n        <div class=\"outer\">\n            <div class=\"inner\">\n                <div class=\"row\">\n                    <div class=\"col-md-12\">\n                        \n<div class=\"mirola-map\">\n    <form action=\"\" method=\"get\" class=\"gmaps-form\" id=\"mirolamap-form\">\n        <div id=\"maprow\" class=\"row\">\n            <div class=\"col-md-4 col-12 sidebar\">\n                <div class=\"inner\">\n                    <div class=\"form-group\">\n                        <h3>Products<\/h3>\n                        <label class=\"style-checkbox\">\n                            <input type=\"checkbox\" name=\"assortment[]\" value=\"bramy_garazowe\"  \/>\n                            <span class=\"checkmark\"><\/span>\n                            garage doors                        <\/label>\n                        <label class=\"style-checkbox\">\n                            <input type=\"checkbox\" name=\"assortment[]\" value=\"rolety_zewnetrzne\"  \/>\n                            <span class=\"checkmark\"><\/span>\n                            external roller shutters                        <\/label>\n                        <label class=\"style-checkbox\">\n                            <input type=\"checkbox\" name=\"assortment[]\" value=\"zaluzje_zewnetrzne\"  \/>\n                            <span class=\"checkmark\"><\/span>\n                            venetian blinds                        <\/label>\n                        <label class=\"style-checkbox\">\n                            <input type=\"checkbox\" name=\"assortment[]\" value=\"screeny\"  \/>\n                            <span class=\"checkmark\"><\/span>\n                            screen systems                        <\/label>\n                    <\/div>\n                    <br\/>\n                    <div class=\"form-group\">\n                        <h3>Partner points<\/h3>\n\n                        <div class=\"salon\">Mirola partner salon<\/div>\n                        <div class=\"punkt\">Point of sale<\/div>\n                    <\/div>\n                <\/div>\n            <\/div>\n            <div class=\"col-md-8 col-12\">\n                <div class=\"mirola-map-text\">\n                    Our products are available to all customers through a&nbsp;group of trading partners.                    <br\/>\n                    <b>Enter your location and check where you can buy MIROLA products nearby.<\/b>\n\n                    <div class=\"flex-wrap\">\n                        <input type=\"text\" name=\"city\" id=\"pac-input\" class=\"form-control\" value=\"\"  placeholder=\"Enter city or postal code\" style=\"width: 90%;\">\n                        <input type=\"hidden\" id=\"lat\" name=\"lat\" value=\"\" \/>\n                        <input type=\"hidden\" id=\"lng\" name=\"lng\" value=\"\" \/>\n                    <\/div>\n                <\/div>\n\n                <div id=\"mirola-map-poland\">\n                    <div id=\"mirolamap\" style=\"display: none;\"><\/div>\n\n                    <!-- CSSMap - Poland -->\n                    <div id=\"map-poland\" data-current=\"\">\n                        <ul class=\"poland\">\n                            <li class=\"pl1 dolnoslaskie\"><a href=\"https:\/\/mirola.pl\/do-pobrania\/dolnoslaskie\/?\" data-title=\"Dolno\u015bl\u0105skie\" rel=\"nofollow\">Dolno\u015bl\u0105skie<\/a><\/li>\n                            <li class=\"pl2 kujawsko-pomorskie\"><a href=\"https:\/\/mirola.pl\/do-pobrania\/kujawsko-pomorskie\/?\" data-title=\"Kujawsko-pomorskie\" rel=\"nofollow\">Kujawsko-pomorskie<\/a><\/li>\n                            <li class=\"pl3 lubelskie\"><a href=\"https:\/\/mirola.pl\/do-pobrania\/lubelskie\/?\" data-title=\"Lubelskie\" rel=\"nofollow\">Lubelskie<\/a><\/li>\n                            <li class=\"pl4 lubuskie\"><a href=\"https:\/\/mirola.pl\/do-pobrania\/lubuskie\/?\" data-title=\"Lubuskie\" rel=\"nofollow\">Lubuskie<\/a><\/li>\n                            <li class=\"pl5 lodzkie\"><a href=\"https:\/\/mirola.pl\/do-pobrania\/lodzkie\/?\" data-title=\"\u0141\u00f3dzkie\" rel=\"nofollow\">\u0141\u00f3dzkie<\/a><\/li>\n                            <li class=\"pl6 malopolskie\"><a href=\"https:\/\/mirola.pl\/do-pobrania\/malopolskie\/?\" data-title=\"Ma\u0142opolskie\" rel=\"nofollow\">Ma\u0142opolskie<\/a><\/li>\n                            <li class=\"pl7 mazowieckie\"><a href=\"https:\/\/mirola.pl\/do-pobrania\/mazowieckie\/?\" data-title=\"Mazowieckie\" rel=\"nofollow\">Mazowieckie<\/a><\/li>\n                            <li class=\"pl8 opolskie\"><a href=\"https:\/\/mirola.pl\/do-pobrania\/opolskie\/?\" data-title=\"Opolskie\" rel=\"nofollow\">Opolskie<\/a><\/li>\n                            <li class=\"pl9 podkarpackie\"><a href=\"https:\/\/mirola.pl\/do-pobrania\/podkarpackie\/?\" data-title=\"Podkarpackie\" rel=\"nofollow\">Podkarpackie<\/a><\/li>\n                            <li class=\"pl10 podlaskie\"><a href=\"https:\/\/mirola.pl\/do-pobrania\/podlaskie\/?\" data-title=\"Podlaskie\" rel=\"nofollow\">Podlaskie<\/a><\/li>\n                            <li class=\"pl11 pomorskie\"><a href=\"https:\/\/mirola.pl\/do-pobrania\/pomorskie\/?\" data-title=\"Pomorskie\" rel=\"nofollow\">Pomorskie<\/a><\/li>\n                            <li class=\"pl12 slaskie\"><a href=\"https:\/\/mirola.pl\/do-pobrania\/slaskie\/?\" data-title=\"\u015al\u0105skie\" rel=\"nofollow\">\u015al\u0105skie<\/a><\/li>\n                            <li class=\"pl13 swietokrzyskie\"><a href=\"https:\/\/mirola.pl\/do-pobrania\/swietokrzyskie\/?\" data-title=\"\u015awi\u0119tokrzyskie\" rel=\"nofollow\">\u015awi\u0119tokrzyskie<\/a><\/li>\n                            <li class=\"pl14 warminsko-mazurskie\"><a href=\"https:\/\/mirola.pl\/do-pobrania\/warminsko-mazurskie\/?\" data-title=\"Warmi\u0144sko-mazurskie\" rel=\"nofollow\">Warmi\u0144sko-mazurskie<\/a><\/li>\n                            <li class=\"pl15 wielkopolskie\"><a href=\"https:\/\/mirola.pl\/do-pobrania\/wielkopolskie\/?\" data-title=\"Wielkopolskie\" rel=\"nofollow\">Wielkopolskie<\/a><\/li>\n                            <li class=\"pl16 zachodniopomorskie\"><a href=\"https:\/\/mirola.pl\/do-pobrania\/zachodniopomorskie\/?\" data-title=\"Zachodniopomorskie\" rel=\"nofollow\">Zachodniopomorskie<\/a><\/li>\n                        <\/ul>\n                    <\/div>\n                    <!-- END OF THE CSSMap - Poland -->\n                <\/div>\n            <\/div>\n        <\/div>\n    <\/form>\n<\/div>\n\n                    <\/div>\n                <\/div>\n            <\/div>\n        <\/div>\n    <\/div>\n<\/section>\n\n<section id=\"full-content-block_615c1311638df\" class=\"full-content-block\" style=\"height:50px;\">\n\n<\/section>\n\n<section id=\"full-content-block_615c1321638e0\" class=\"full-content-block style1\">\n    <div class=\"container\">\n        <div class=\"outer\">\n            <div class=\"inner\">\n                <div class=\"row\">\n                    <div class=\"col-md-12\">\n                        <div class=\"page\" title=\"Page 3\">\n<div class=\"layoutArea\">\n<div class=\"column\">\n<p><strong>Kontaktieren Sie uns<\/strong><\/p>\n<\/div>\n<\/div>\n<\/div>\n\n<div class=\"wpcf7 no-js\" id=\"wpcf7-f4487-o1\" lang=\"de-DE\" dir=\"ltr\" data-wpcf7-id=\"4487\">\n<div class=\"screen-reader-response\"><p role=\"status\" aria-live=\"polite\" aria-atomic=\"true\"><\/p> <ul><\/ul><\/div>\n<form action=\"\/de\/wp-json\/wp\/v2\/pages\/4471#wpcf7-f4487-o1\" method=\"post\" class=\"wpcf7-form init\" aria-label=\"Kontaktformular\" novalidate=\"novalidate\" data-status=\"init\">\n<fieldset class=\"hidden-fields-container\"><input type=\"hidden\" name=\"_wpcf7\" value=\"4487\" \/><input type=\"hidden\" name=\"_wpcf7_version\" value=\"6.1.5\" \/><input type=\"hidden\" name=\"_wpcf7_locale\" value=\"de_DE\" \/><input type=\"hidden\" name=\"_wpcf7_unit_tag\" value=\"wpcf7-f4487-o1\" \/><input type=\"hidden\" name=\"_wpcf7_container_post\" value=\"0\" \/><input type=\"hidden\" name=\"_wpcf7_posted_data_hash\" value=\"\" \/><input type=\"hidden\" name=\"_wpcf7_recaptcha_response\" value=\"\" \/>\n<\/fieldset>\n<div class=\"form\">\n\t<div class=\"row\">\n\t\t<div class=\"col-md-12\">\n\t\t\t<p><span class=\"wpcf7-form-control-wrap\" data-name=\"your-name\"><input size=\"40\" maxlength=\"400\" class=\"wpcf7-form-control wpcf7-text wpcf7-validates-as-required\" aria-required=\"true\" aria-invalid=\"false\" placeholder=\"Vor- und Nachname \/ Firma\" value=\"\" type=\"text\" name=\"your-name\" \/><\/span>\n\t\t\t<\/p>\n\t\t<\/div>\n\t\t<div class=\"col-md-12\">\n\t\t\t<p><span class=\"wpcf7-form-control-wrap\" data-name=\"your-phone\"><input size=\"40\" maxlength=\"400\" class=\"wpcf7-form-control wpcf7-text wpcf7-validates-as-required\" aria-required=\"true\" aria-invalid=\"false\" placeholder=\"Telefonnummer\" value=\"\" type=\"text\" name=\"your-phone\" \/><\/span>\n\t\t\t<\/p>\n\t\t<\/div>\n\t\t<div class=\"col-md-12\">\n\t\t\t<p><span class=\"wpcf7-form-control-wrap\" data-name=\"your-subject\"><input size=\"40\" maxlength=\"400\" class=\"wpcf7-form-control wpcf7-text\" aria-invalid=\"false\" placeholder=\"Betreff\" value=\"\" type=\"text\" name=\"your-subject\" \/><\/span>\n\t\t\t<\/p>\n\t\t<\/div>\n\t\t<div class=\"col-md-12\">\n\t\t\t<p><span class=\"wpcf7-form-control-wrap\" data-name=\"your-message\"><textarea cols=\"40\" rows=\"10\" maxlength=\"2000\" class=\"wpcf7-form-control wpcf7-textarea wpcf7-validates-as-required\" aria-required=\"true\" aria-invalid=\"false\" placeholder=\"Nachricht eingeben\" name=\"your-message\"><\/textarea><\/span>\n\t\t\t<\/p>\n\t\t<\/div>\n\t<\/div>\n\t<div class=\"row submit-row\">\n\t\t<div class=\"col-md-10\">\n\t\t\t<p><span class=\"wpcf7-form-control-wrap\" data-name=\"your-email\"><input size=\"40\" maxlength=\"400\" class=\"wpcf7-form-control wpcf7-email wpcf7-validates-as-required wpcf7-text wpcf7-validates-as-email\" aria-required=\"true\" aria-invalid=\"false\" placeholder=\"E-Mail-Adresse\" value=\"\" type=\"email\" name=\"your-email\" \/><\/span>\n\t\t\t<\/p>\n\t\t<\/div>\n\t\t<div class=\"col-md-2\">\n\t\t\t<p><input class=\"wpcf7-form-control wpcf7-submit has-spinner\" type=\"submit\" value=\"?_senden\" \/>\n\t\t\t<\/p>\n\t\t<\/div>\n\t<\/div>\n<\/div><input type='hidden' class='wpcf7-pum' value='{\"closepopup\":false,\"closedelay\":0,\"openpopup\":false,\"openpopup_id\":0}' \/><div class=\"wpcf7-response-output\" aria-hidden=\"true\"><\/div>\n<\/form>\n<\/div>\n\n                    <\/div>\n                <\/div>\n            <\/div>\n        <\/div>\n    <\/div>\n<\/section>\n","protected":false},"excerpt":{"rendered":"","protected":false},"author":1,"featured_media":0,"parent":0,"menu_order":0,"comment_status":"closed","ping_status":"closed","template":"","meta":{"_acf_changed":false,"inline_featured_image":false,"_joinchat":[],"footnotes":""},"class_list":["post-4471","page","type-page","status-publish","hentry"],"acf":[],"yoast_head":"<!-- This site is optimized with the Yoast SEO plugin v27.3 - https:\/\/yoast.com\/product\/yoast-seo-wordpress\/ -->\n<title>Kaufen &#187; Mirola<\/title>\n<meta name=\"description\" content=\"Kaufen &#187; Mirola rolety zewn\u0119trzne, \u017caluzje fasadowe, pergole, bramy gara\u017cowe, moskitiery, rolety MScreen, rolety zewn\u0119trzne, \u017caluzje fasadowe, pergole tarasowe, bramy gara\u017cowe automatyczne, moskitiery okienne, nowoczesne os\u0142ony, os\u0142ony przeciws\u0142oneczne, ochrona przed owadami, kontrola \u015bwiat\u0142a, os\u0142ony okienne na wymiar, \u015bl\u0105skie, Ma\u0142opolska, Opolskie, Dolny \u015al\u0105sk, Polska, Orzesze\" \/>\n<meta name=\"robots\" content=\"index, follow, max-snippet:-1, max-image-preview:large, max-video-preview:-1\" \/>\n<link rel=\"canonical\" href=\"https:\/\/mirola.pl\/de\/kaufen\/\" \/>\n<meta property=\"og:locale\" content=\"de_DE\" \/>\n<meta property=\"og:type\" content=\"article\" \/>\n<meta property=\"og:title\" content=\"Kaufen &#187; Mirola\" \/>\n<meta property=\"og:description\" content=\"Kaufen &#187; Mirola rolety zewn\u0119trzne, \u017caluzje fasadowe, pergole, bramy gara\u017cowe, moskitiery, rolety MScreen, rolety zewn\u0119trzne, \u017caluzje fasadowe, pergole tarasowe, bramy gara\u017cowe automatyczne, moskitiery okienne, nowoczesne os\u0142ony, os\u0142ony przeciws\u0142oneczne, ochrona przed owadami, kontrola \u015bwiat\u0142a, os\u0142ony okienne na wymiar, \u015bl\u0105skie, Ma\u0142opolska, Opolskie, Dolny \u015al\u0105sk, Polska, Orzesze\" \/>\n<meta property=\"og:url\" content=\"https:\/\/mirola.pl\/de\/kaufen\/\" \/>\n<meta property=\"og:site_name\" content=\"Mirola\" \/>\n<meta property=\"article:publisher\" content=\"https:\/\/www.facebook.com\/MIROLApl\" \/>\n<meta property=\"article:modified_time\" content=\"2022-12-23T09:51:44+00:00\" \/>\n<meta property=\"og:image\" content=\"https:\/\/mirola.pl\/wp-content\/uploads\/2024\/09\/MIROLA-OG-IMAGE-OGOLNY-v2.jpeg\" \/>\n\t<meta property=\"og:image:width\" content=\"1920\" \/>\n\t<meta property=\"og:image:height\" content=\"1006\" \/>\n\t<meta property=\"og:image:type\" content=\"image\/jpeg\" \/>\n<meta name=\"twitter:card\" content=\"summary_large_image\" \/>\n<script type=\"application\/ld+json\" class=\"yoast-schema-graph\">{\"@context\":\"https:\\\/\\\/schema.org\",\"@graph\":[{\"@type\":\"WebPage\",\"@id\":\"https:\\\/\\\/mirola.pl\\\/de\\\/kaufen\\\/\",\"url\":\"https:\\\/\\\/mirola.pl\\\/de\\\/kaufen\\\/\",\"name\":\"Kaufen &#187; Mirola\",\"isPartOf\":{\"@id\":\"https:\\\/\\\/mirola.pl\\\/de\\\/#website\"},\"datePublished\":\"2020-12-18T21:37:27+00:00\",\"dateModified\":\"2022-12-23T09:51:44+00:00\",\"description\":\"Kaufen &#187; Mirola rolety zewn\u0119trzne, \u017caluzje fasadowe, pergole, bramy gara\u017cowe, moskitiery, rolety MScreen, rolety zewn\u0119trzne, \u017caluzje fasadowe, pergole tarasowe, bramy gara\u017cowe automatyczne, moskitiery okienne, nowoczesne os\u0142ony, os\u0142ony przeciws\u0142oneczne, ochrona przed owadami, kontrola \u015bwiat\u0142a, os\u0142ony okienne na wymiar, \u015bl\u0105skie, Ma\u0142opolska, Opolskie, Dolny \u015al\u0105sk, Polska, Orzesze\",\"breadcrumb\":{\"@id\":\"https:\\\/\\\/mirola.pl\\\/de\\\/kaufen\\\/#breadcrumb\"},\"inLanguage\":\"de\",\"potentialAction\":[{\"@type\":\"ReadAction\",\"target\":[\"https:\\\/\\\/mirola.pl\\\/de\\\/kaufen\\\/\"]}]},{\"@type\":\"BreadcrumbList\",\"@id\":\"https:\\\/\\\/mirola.pl\\\/de\\\/kaufen\\\/#breadcrumb\",\"itemListElement\":[{\"@type\":\"ListItem\",\"position\":1,\"name\":\"Strona g\u0142\u00f3wna\",\"item\":\"https:\\\/\\\/mirola.pl\\\/de\\\/\"},{\"@type\":\"ListItem\",\"position\":2,\"name\":\"Kaufen\"}]},{\"@type\":\"WebSite\",\"@id\":\"https:\\\/\\\/mirola.pl\\\/de\\\/#website\",\"url\":\"https:\\\/\\\/mirola.pl\\\/de\\\/\",\"name\":\"Mirola - Rolety, \u017baluzje, Bramy Gara\u017cowe\",\"description\":\"Miejsce dobrych jako\u015bciowo produkt\u00f3w system\u00f3w os\u0142onowych, pergol i bram gara\u017cowych\",\"publisher\":{\"@id\":\"https:\\\/\\\/mirola.pl\\\/de\\\/#organization\"},\"alternateName\":\"Mirola - Specjali\u015bci od Rolet Zewn\u0119trznych, \u017baluzji Fasadowych, Bram Gara\u017cowych, Pergoli i Moskitiery\",\"potentialAction\":[{\"@type\":\"SearchAction\",\"target\":{\"@type\":\"EntryPoint\",\"urlTemplate\":\"https:\\\/\\\/mirola.pl\\\/de\\\/?s={search_term_string}\"},\"query-input\":{\"@type\":\"PropertyValueSpecification\",\"valueRequired\":true,\"valueName\":\"search_term_string\"}}],\"inLanguage\":\"de\"},{\"@type\":\"Organization\",\"@id\":\"https:\\\/\\\/mirola.pl\\\/de\\\/#organization\",\"name\":\"Mirola - ekspert w dziedzinie os\u0142on okiennych, bram gara\u017cowych i pergoli\",\"url\":\"https:\\\/\\\/mirola.pl\\\/de\\\/\",\"logo\":{\"@type\":\"ImageObject\",\"inLanguage\":\"de\",\"@id\":\"https:\\\/\\\/mirola.pl\\\/de\\\/#\\\/schema\\\/logo\\\/image\\\/\",\"url\":\"https:\\\/\\\/mirola.pl\\\/wp-content\\\/uploads\\\/2021\\\/11\\\/logo_mirola_krzywe.svg\",\"contentUrl\":\"https:\\\/\\\/mirola.pl\\\/wp-content\\\/uploads\\\/2021\\\/11\\\/logo_mirola_krzywe.svg\",\"width\":356,\"height\":80,\"caption\":\"Mirola - ekspert w dziedzinie os\u0142on okiennych, bram gara\u017cowych i pergoli\"},\"image\":{\"@id\":\"https:\\\/\\\/mirola.pl\\\/de\\\/#\\\/schema\\\/logo\\\/image\\\/\"},\"sameAs\":[\"https:\\\/\\\/www.facebook.com\\\/MIROLApl\"]}]}<\/script>\n<!-- \/ Yoast SEO plugin. -->","yoast_head_json":{"title":"Kaufen &#187; Mirola","description":"Kaufen &#187; Mirola rolety zewn\u0119trzne, \u017caluzje fasadowe, pergole, bramy gara\u017cowe, moskitiery, rolety MScreen, rolety zewn\u0119trzne, \u017caluzje fasadowe, pergole tarasowe, bramy gara\u017cowe automatyczne, moskitiery okienne, nowoczesne os\u0142ony, os\u0142ony przeciws\u0142oneczne, ochrona przed owadami, kontrola \u015bwiat\u0142a, os\u0142ony okienne na wymiar, \u015bl\u0105skie, Ma\u0142opolska, Opolskie, Dolny \u015al\u0105sk, Polska, Orzesze","robots":{"index":"index","follow":"follow","max-snippet":"max-snippet:-1","max-image-preview":"max-image-preview:large","max-video-preview":"max-video-preview:-1"},"canonical":"https:\/\/mirola.pl\/de\/kaufen\/","og_locale":"de_DE","og_type":"article","og_title":"Kaufen &#187; Mirola","og_description":"Kaufen &#187; Mirola rolety zewn\u0119trzne, \u017caluzje fasadowe, pergole, bramy gara\u017cowe, moskitiery, rolety MScreen, rolety zewn\u0119trzne, \u017caluzje fasadowe, pergole tarasowe, bramy gara\u017cowe automatyczne, moskitiery okienne, nowoczesne os\u0142ony, os\u0142ony przeciws\u0142oneczne, ochrona przed owadami, kontrola \u015bwiat\u0142a, os\u0142ony okienne na wymiar, \u015bl\u0105skie, Ma\u0142opolska, Opolskie, Dolny \u015al\u0105sk, Polska, Orzesze","og_url":"https:\/\/mirola.pl\/de\/kaufen\/","og_site_name":"Mirola","article_publisher":"https:\/\/www.facebook.com\/MIROLApl","article_modified_time":"2022-12-23T09:51:44+00:00","og_image":[{"width":1920,"height":1006,"url":"https:\/\/mirola.pl\/wp-content\/uploads\/2024\/09\/MIROLA-OG-IMAGE-OGOLNY-v2.jpeg","type":"image\/jpeg"}],"twitter_card":"summary_large_image","schema":{"@context":"https:\/\/schema.org","@graph":[{"@type":"WebPage","@id":"https:\/\/mirola.pl\/de\/kaufen\/","url":"https:\/\/mirola.pl\/de\/kaufen\/","name":"Kaufen &#187; Mirola","isPartOf":{"@id":"https:\/\/mirola.pl\/de\/#website"},"datePublished":"2020-12-18T21:37:27+00:00","dateModified":"2022-12-23T09:51:44+00:00","description":"Kaufen &#187; Mirola rolety zewn\u0119trzne, \u017caluzje fasadowe, pergole, bramy gara\u017cowe, moskitiery, rolety MScreen, rolety zewn\u0119trzne, \u017caluzje fasadowe, pergole tarasowe, bramy gara\u017cowe automatyczne, moskitiery okienne, nowoczesne os\u0142ony, os\u0142ony przeciws\u0142oneczne, ochrona przed owadami, kontrola \u015bwiat\u0142a, os\u0142ony okienne na wymiar, \u015bl\u0105skie, Ma\u0142opolska, Opolskie, Dolny \u015al\u0105sk, Polska, Orzesze","breadcrumb":{"@id":"https:\/\/mirola.pl\/de\/kaufen\/#breadcrumb"},"inLanguage":"de","potentialAction":[{"@type":"ReadAction","target":["https:\/\/mirola.pl\/de\/kaufen\/"]}]},{"@type":"BreadcrumbList","@id":"https:\/\/mirola.pl\/de\/kaufen\/#breadcrumb","itemListElement":[{"@type":"ListItem","position":1,"name":"Strona g\u0142\u00f3wna","item":"https:\/\/mirola.pl\/de\/"},{"@type":"ListItem","position":2,"name":"Kaufen"}]},{"@type":"WebSite","@id":"https:\/\/mirola.pl\/de\/#website","url":"https:\/\/mirola.pl\/de\/","name":"Mirola - Rolety, \u017baluzje, Bramy Gara\u017cowe","description":"Miejsce dobrych jako\u015bciowo produkt\u00f3w system\u00f3w os\u0142onowych, pergol i bram gara\u017cowych","publisher":{"@id":"https:\/\/mirola.pl\/de\/#organization"},"alternateName":"Mirola - Specjali\u015bci od Rolet Zewn\u0119trznych, \u017baluzji Fasadowych, Bram Gara\u017cowych, Pergoli i Moskitiery","potentialAction":[{"@type":"SearchAction","target":{"@type":"EntryPoint","urlTemplate":"https:\/\/mirola.pl\/de\/?s={search_term_string}"},"query-input":{"@type":"PropertyValueSpecification","valueRequired":true,"valueName":"search_term_string"}}],"inLanguage":"de"},{"@type":"Organization","@id":"https:\/\/mirola.pl\/de\/#organization","name":"Mirola - ekspert w dziedzinie os\u0142on okiennych, bram gara\u017cowych i pergoli","url":"https:\/\/mirola.pl\/de\/","logo":{"@type":"ImageObject","inLanguage":"de","@id":"https:\/\/mirola.pl\/de\/#\/schema\/logo\/image\/","url":"https:\/\/mirola.pl\/wp-content\/uploads\/2021\/11\/logo_mirola_krzywe.svg","contentUrl":"https:\/\/mirola.pl\/wp-content\/uploads\/2021\/11\/logo_mirola_krzywe.svg","width":356,"height":80,"caption":"Mirola - ekspert w dziedzinie os\u0142on okiennych, bram gara\u017cowych i pergoli"},"image":{"@id":"https:\/\/mirola.pl\/de\/#\/schema\/logo\/image\/"},"sameAs":["https:\/\/www.facebook.com\/MIROLApl"]}]}},"_links":{"self":[{"href":"https:\/\/mirola.pl\/de\/wp-json\/wp\/v2\/pages\/4471","targetHints":{"allow":["GET"]}}],"collection":[{"href":"https:\/\/mirola.pl\/de\/wp-json\/wp\/v2\/pages"}],"about":[{"href":"https:\/\/mirola.pl\/de\/wp-json\/wp\/v2\/types\/page"}],"author":[{"embeddable":true,"href":"https:\/\/mirola.pl\/de\/wp-json\/wp\/v2\/users\/1"}],"replies":[{"embeddable":true,"href":"https:\/\/mirola.pl\/de\/wp-json\/wp\/v2\/comments?post=4471"}],"version-history":[{"count":1,"href":"https:\/\/mirola.pl\/de\/wp-json\/wp\/v2\/pages\/4471\/revisions"}],"predecessor-version":[{"id":4472,"href":"https:\/\/mirola.pl\/de\/wp-json\/wp\/v2\/pages\/4471\/revisions\/4472"}],"wp:attachment":[{"href":"https:\/\/mirola.pl\/de\/wp-json\/wp\/v2\/media?parent=4471"}],"curies":[{"name":"wp","href":"https:\/\/api.w.org\/{rel}","templated":true}]}}