{"id":6220,"date":"2023-09-26T08:54:53","date_gmt":"2023-09-26T06:54:53","guid":{"rendered":"https:\/\/mirola.pl\/?page_id=6220"},"modified":"2023-09-27T09:36:25","modified_gmt":"2023-09-27T07:36:25","slug":"agb","status":"publish","type":"page","link":"https:\/\/mirola.pl\/de\/agb\/","title":{"rendered":"AGB"},"content":{"rendered":"\n<section id=\"full-content-block_af6384a226c488803c8cabc068175ced\" class=\"full-content-block style1\">\n    <div class=\"container\">\n        <div class=\"outer\">\n            <div class=\"inner\">\n                <div class=\"row\">\n                    <div class=\"col-md-12\">\n                        <p style=\"text-align: center;\"><strong>\u00a0Allgemeine Gesch\u00e4ftsBedingungen<\/strong><\/p>\n<p>Diese Allgemeinen Verkaufs-, Liefer- und Zahlungsbedingungen sind integraler Bestandteil aller Angebote sowie Bestandteil jedes Vertrags zwischen Mirola Sp. z&nbsp;o. o. und dem K\u00e4ufer als Empf\u00e4nger der Waren. Die Bestimmungen dieser AGB binden die Parteien zuk\u00fcnftiger Gesch\u00e4ftsbeziehungen (Bestellungen und Vertr\u00e4ge), ohne dass der K\u00e4ufer hierzu weitere Willenserkl\u00e4rungen abgeben muss. Der K\u00e4ufer erkl\u00e4rt sich mit ihrer Verwendung zum Zeitpunkt der Bestellung\/des Vertragsabschlusses einverstanden.<\/p>\n<p>Von den AGB abweichende Bedingungen des K\u00e4ufers, die nicht ausdr\u00fccklich schriftlich festgelegt wurden, sind nicht verbindlich.<\/p>\n<p>Diese AGB gelten unabh\u00e4ngig davon, ob die Ware vom Verk\u00e4ufer hergestellt oder von Sublieferanten bezogen wird.<\/p>\n<p>Werden mit dem K\u00e4ufer individuelle Vereinbarungen getroffen (dies gilt auch f\u00fcr Nebenabreden, Erg\u00e4nzungen und \u00c4nderungen), so haben diese, soweit nichts anderes festgelegt wurde, Vorrang vor diesen AGB. Erkl\u00e4rungen und\/oder Ank\u00fcndigungen des K\u00e4ufers im Zusammenhang mit der Bestellung\/dem Vertrag (z. B. Terminabsprachen, M\u00e4ngelr\u00fcge, R\u00fccktritt oder Preisminderung) bed\u00fcrfen der Schriftform, andernfalls sind sie nichtig. Absprachen per E-Mail sind zul\u00e4ssig, wenn dies ausdr\u00fccklich und unter Angabe der E-Mail-Adresse f\u00fcr die Korrespondenz vereinbart wurde.<\/p>\n<p>&nbsp;<\/p>\n<p>&nbsp;<\/p>\n<ol>\n<li><strong>Angebote, Bestellungen<br \/>\n<\/strong>a) Die Angebote haben eine G\u00fcltigkeitsdauer von 14 Tagen und sind, sofern nichts anderes vereinbart wurde, unverbindlich;<br \/>\nb) Lieferfristen werden individuell mit dem K\u00e4ufer vereinbart<br \/>\nc) Der Verk\u00e4ufer beh\u00e4lt sich das Recht vor, die Abwicklungszeit einer Bestellung aus Gr\u00fcnden, die er nicht zu vertreten hat, zu verl\u00e4ngern, nachdem er den K\u00e4ufer schriftlich oder telefonisch dar\u00fcber informiert hat. Mirola Sp. z&nbsp;o. o. \u00fcbernimmt diesbez\u00fcglich keine Ihnen daraus entstandene Zusatzkosten;<br \/>\nd) Die Bestellung erfolgt \u00fcber spezielle Programme (Mirola-Panel, Partner-Panel) oder durch Senden einer E-Mail an den Kundenbetreuer des K\u00e4ufers;<br \/>\ne) Die \u00c4nderung\/Korrektur eines erteilten Auftrags oder dessen Stornierung durch den K\u00e4ufer ist nur m\u00f6glich, wenn der Produktionsprozess noch nicht begonnen hat. Andernfalls ist der K\u00e4ufer verpflichtet, den vollen Betrag zu zahlen;<br \/>\nf) Bei \u00c4nderungen der Bestellung beh\u00e4lt sich der Hersteller das Recht vor, den Preis zu \u00e4ndern und den Liefertermin zu verschieben;<br \/>\ng) Kommt der K\u00e4ufer mit der Abholung der bestellten Ware in Verzug, ist der Verk\u00e4ufer berechtigt, zus\u00e4tzliche Kosten (z. B. Lagergeb\u00fchren) zu verlangen;<br \/>\nh) Die Ware bleibt bis zur vollst\u00e4ndigen Bezahlung Eigentum des Herstellers.<\/li>\n<li><strong>\u00a0Zahlungsbedingungen<br \/>\n<\/strong>a) Die Zahlungsform und -frist, die H\u00f6he der Anzahlung sowie die H\u00f6he des H\u00e4ndlerlimits werden individuell festgelegt;<br \/>\nb) Als Zahlungstag gilt der Tag, an dem der Verk\u00e4ufer die Zahlung erhalten hat. Im Falle einer \u00dcberweisung ist dies der Tag, an dem die Einzahlung auf dem Bankkonto des Verk\u00e4ufers verbucht wird;<br \/>\nc) Die Rechnungen des Verk\u00e4ufers sind ohne Abzug, in der auf der Rechnung angegebenen W\u00e4hrung und Frist zu bezahlen. Zahlt der K\u00e4ufer nicht, ger\u00e4t er am ersten Tag nach dem auf der Rechnung angegebenen F\u00e4lligkeitstag in Verzug;<br \/>\nd) Zahlungen sind ausschlie\u00dflich an den Verk\u00e4ufer und auf das vom Verk\u00e4ufer angegebene Bankkonto zu leisten. Mitarbeiter des Verk\u00e4ufers sind nicht berechtigt Zahlungen einzuziehen, es sei denn, sie sind dazu ausdr\u00fccklich schriftlich bevollm\u00e4chtigt worden;<br \/>\ne) Bei Zahlungsverzug ist der Verk\u00e4ufer berechtigt, gesetzliche Verzugszinsen zu berechnen. Das Recht des Verk\u00e4ufers zur Geltendmachung von Anspr\u00fcchen aus dem Zahlungsverzug des K\u00e4ufers bleibt hiervon unber\u00fchrt;<br \/>\nf) Der Verk\u00e4ufer beh\u00e4lt sich das Eigentumsrecht an der zu liefernden Ware vor, bis alle sich aus der Bestellung \/ dem Vertrag, an dem der Verk\u00e4ufer Partei ist, ergebenden Verpflichtungen des K\u00e4ufers erf\u00fcllt wurden.<\/li>\n<\/ol>\n<ol start=\"3\">\n<li><strong>Lieferung<br \/>\n<\/strong>a) Der Verk\u00e4ufer beh\u00e4lt sich das Recht vor, die Versandart zu w\u00e4hlen. Die Lieferung erfolgt an die vom K\u00e4ufer angegebene Lieferadresse. Das Abladen der Ware vom Fahrzeug und andere damit zusammenh\u00e4ngende T\u00e4tigkeiten gehen zu Lasten des K\u00e4ufers. Teillieferungen sind zul\u00e4ssig, soweit der K\u00e4ufer dies gestattet;<br \/>\nb) Standard-Versandkosten:<br \/>\nI. Lieferung nach Deutschland: ab einem Bestellwert von: 1500,00 \u20ac Netto &#8211; frei Haus zum Sitz der Firma. Bei einem Bestellwert unter \u20ac 1500 Netto zzgl. \u20ac 200 Transportkosten pro Lieferung;<br \/>\nII. Lieferung nach \u00d6sterreich: ab einem Bestellwert von: 2000,00 \u20ac Netto &#8211; frei Haus zum Sitz der Firma. Bei einem Bestellwert unter \u20ac 2000 Netto zzgl.<br \/>\n\u20ac 300 Transportkosten pro Lieferung;<br \/>\nIII. Lieferung in andere L\u00e4nder: die Lieferungskosten werden individuell berechnet<\/p>\n<p>c) Wird der Versand oder die Zustellung auf Wunsch des K\u00e4ufers um mehr als 2 Wochen nach Meldung der Versandbereitschaft verschoben, k\u00f6nnen dem K\u00e4ufer Lagergeb\u00fchren berechnet werden.<\/li>\n<\/ol>\n<p>&nbsp;<\/p>\n<ol>\n<li><strong>Reklamationen, M\u00e4ngelr\u00fcgen<br \/>\n<\/strong>a) Der Verk\u00e4ufer garantiert f\u00fcr die Qualit\u00e4t der Waren und haftet w\u00e4hrend der Garantiezeit f\u00fcr das einwandfreie Funktionieren der Waren unter der Bedingung, dass sie bestimmungsgem\u00e4\u00df verwendet, gewartet und gem\u00e4\u00df den gelieferten Unterlagen betrieben werden. Der Verk\u00e4ufer schlie\u00dft die Haftung f\u00fcr M\u00e4ngel aus der Gew\u00e4hrleistung aus;<br \/>\nb)Die Garantiezeit f\u00fcr das einwandfreie Funktionieren der Waren oder Komponenten betr\u00e4gt 24 Monate. Diese Fristen beginnen ab dem Zeitpunkt der \u00dcbergabe der Ware oder des Komponenten an den K\u00e4ufer bzw. ab dem Zeitpunkt der Mitteilung der Lieferbereitschaft an den K\u00e4ufer. Die Anspr\u00fcche aus der Garantie auf die Funktionsf\u00e4higkeit der Ware verj\u00e4hren in 24 Monaten, soweit nicht zwingende gesetzliche Vorschriften l\u00e4ngere Fristen vorsehen. Anspr\u00fcche aus der Garantie auf die einwandfreie Funktion von elektrischen\/elektronischen Waren oder Bauteilen verj\u00e4hren in 24 Monaten, soweit nicht eine k\u00fcrzere Frist vereinbart wurde oder l\u00e4ngere Fristen gesetzlich vorgeschrieben sind;<br \/>\nc) Die Garantie erstreckt sich nicht auf F\u00e4lle, in denen:<br \/>\nI. die Ware durch Kr\u00e4fte die die Tragf\u00e4higkeit der Ware \u00fcbersteigen, durch unsachgem\u00e4\u00dfen Gebrauch oder durch \u00e4u\u00dfere Einfl\u00fcsse besch\u00e4digt wird;<br \/>\nII. die Ware durch vom K\u00e4ufer oder von Dritten vorgenommene Reparaturen, \u00c4nderungen oder Modifikationen besch\u00e4digt wird;<br \/>\nIII. die Ware aus Gr\u00fcnden besch\u00e4digt wird, die auf Seiten des K\u00e4ufers oder Dritter liegen;<br \/>\nIV. die Ware durch unsachgem\u00e4\u00dfe Montage oder Verwendung entgegen der Gebrauchs- und Wartungsanleitung besch\u00e4digt wird;<br \/>\nV. die Ware durch normalen Verschlei\u00df besch\u00e4digt wird;<br \/>\nVI. die Ware infolge eines Unfalls beim Entladen oder bei unsachgem\u00e4\u00dfer Lagerung besch\u00e4digt wird;<br \/>\nVII. die Ware unter besonderen Bedingungen verwendet wird, z. B. in einem aggressiven, korrosionsf\u00f6rdernden Klima (z. B. Luft mit hohem Meersalzgehalt) oder in einer \u00e4hnlicher Umgebung;<br \/>\nVIII. einmalige Softwarefehler in elektronischen und elektromechanischen Ger\u00e4ten auftreten;<br \/>\nIX. die Ware des Verk\u00e4ufers zusammen mit Produkten anderer Hersteller montiert wurde (z. B. : Antriebe, Schalter);<br \/>\nX. optische Sch\u00e4den an der Ware entstanden sind, die mit blo\u00dfem Auge aus einer Entfernung von mindestens 2 m nicht sichtbar sind und die Funktion nicht beeintr\u00e4chtigen;<br \/>\nXI. nur geringf\u00fcgige Abweichungen von der vereinbarten Beschaffenheit mit nur geringf\u00fcgiger Einschr\u00e4nkung der Brauchbarkeit vorliegen;<\/p>\n<p>d) Reklamationen wegen unvollst\u00e4ndiger oder falscher Lieferung sind unverz\u00fcglich nach Erhalt der Ware auf dem Lieferschein zu vermerken und dem Verk\u00e4ufer innerhalb von 8 Kalendertagen schriftlich mitzuteilen;<br \/>\ne) Der K\u00e4ufer ist verpflichtet den Verk\u00e4ufer schriftlich zu informieren, sp\u00e4testens innerhalb von 8 Tagen nach Erhalt der Ware bei festgestellten offensichtlichen M\u00e4ngel und bei verborgenen M\u00e4ngel unverz\u00fcglich nach deren Entdeckung, mit Beilegung einer genauen Beschreibung der festgestellten M\u00e4ngel sowie der Kopie der (Waren-) Rechnung. M\u00e4ngelr\u00fcge beziehen sich auf M\u00e4ngel, die w\u00e4hrend der Garantiezeit entdeckt wurden. Qualit\u00e4tsm\u00e4ngel sowie\u00a0 Beanstandungen hinsichtlich Lieferung von nicht Bestellungs-\/Vertragskonformer Menge und Art der Ware die nach Ablauf der in den AGB angegebenen Fristen gemeldet wurden, werden vom Verk\u00e4ufer nicht ber\u00fccksichtigt;<br \/>\nf) Der Verk\u00e4ufer wird sp\u00e4testens innerhalb von 14 Arbeitstagen nach Eingang der M\u00e4ngelanzeige des K\u00e4ufers, die Rechtm\u00e4\u00dfigkeit der M\u00e4ngelanzeige pr\u00fcfen und eine L\u00f6sung des Problems vorschlagen.<br \/>\ng) Im Rahmen der gew\u00e4hrten Garantie ist der Verk\u00e4ufer verpflichtet, nach eigenem Erm\u00e4ssen, die mangelhafte Ware zu reparieren oder eine mangelfreie Ware zu liefern;<br \/>\nh) Der K\u00e4ufer erm\u00f6glicht dem Verk\u00e4ufer eine entsprechende Zeit und Bedingungen (einschlie\u00dflich der von ihm entsandten Personen) zur Behebung der M\u00e4ngel, andernfalls wird der Verk\u00e4ufer von der Pflicht der M\u00e4ngelbehebung entbunden;<br \/>\ni) Weitergehende Anspr\u00fcche des K\u00e4ufers, insbesondere Schadensersatzanspr\u00fcche oder Aufwandsersatzanspr\u00fcche aus M\u00e4ngeln am Liefergegenstand \u00fcberdies aus sonstiger vertraglicher Pflichtverletzungen und wegen unerlaubter Handlungen sind ausgeschlossen. Diese Einschr\u00e4nkung gilt nicht, soweit die Haftung zwingend ist, z. B. bei Vorsatz oder grober Fahrl\u00e4ssigkeit. Der Schadensersatzanspruch wegen Verletzung wesentlicher Vertragspflichten erstreckt sich nur auf tats\u00e4chliche, vertragstypische und vorhersehbare Sch\u00e4den, es sei denn, es liegt Vorsatz oder grobe Fahrl\u00e4ssigkeit vor oder der Verk\u00e4ufer haftet wegen der Verletzung von Gesundheit oder Leben;<br \/>\nj) Wird die reklamierte Ware trotz der festgestellten M\u00e4ngel weiterverwendet, haftet der Verk\u00e4ufer nur f\u00fcr den urspr\u00fcnglichen Mangel, nicht aber f\u00fcr Sch\u00e4den die wegen der Weiterverwendung aus dem urspr\u00fcnglichen Mangel entstanden sind;<br \/>\nk) F\u00fcr Ersatzlieferungen und Nachbesserungsarbeiten wird wie f\u00fcr den urspr\u00fcnglichen Liefergegenstand gehaftet. Die Gew\u00e4hrleistung erlischt sp\u00e4testens mit Ablauf der f\u00fcr den urspr\u00fcnglichen Liefergegenstand festgelegten Gew\u00e4hrleistungsfrist;<br \/>\nl) Der Verk\u00e4ufer haftet nicht f\u00fcr Sachm\u00e4ngel an Waren, die von Dritten bezogen und dem K\u00e4ufer unver\u00e4ndert \u00fcbergeben wurden. Die Gew\u00e4hrleistung ist ausgeschlossen;<br \/>\nm) Der Verk\u00e4ufer haftet nicht f\u00fcr R\u00fcckanspr\u00fcche, die an den K\u00e4ufer von mit ihm verbundenen Dritten gerichtet werden, ungeachtet der Vereinbarungen zwischen dem K\u00e4ufer und Dritten;<br \/>\nn) Sonstige Anspr\u00fcche des K\u00e4ufers, insbesondere Schadensersatz- und Erstattungsanspr\u00fcche, die sich aus M\u00e4ngeln der gelieferten Ware und aus sonstigen Pflichtverletzungen sowie unerlaubten Handlungen gem. Vertrag ergeben, sind ausgeschlossen. Dies gilt nicht bei Vorsatz und grober Fahrl\u00e4ssigkeit;<br \/>\no) Bei berechtigter Reklamation kann der Hersteller den Verkaufspreis mindern oder innerhalb einer angemessenen Frist neue Ware liefern. Schadensersatzanspr\u00fcche sind auf die Nachlieferung von Neuware beschr\u00e4nkt. Jede weitere Haftung ist ausgeschlossen.<\/li>\n<\/ol>\n<ol start=\"5\">\n<li><strong>Zust\u00e4ndiges Gericht<\/strong>.<br \/>\na) Soweit nichts anderes schriftlich vereinbart wurde, gilt f\u00fcr die vom Verk\u00e4ufer mit den K\u00e4ufern abgeschlossenen Bestellungen\/Vertr\u00e4ge polnisches Recht unter Ausschluss des einheitlichen internationalen Rechts, insbesondere des \u00dcbereinkommens der Vereinten Nationen \u00fcber Vertr\u00e4ge \u00fcber den internationalen Warenkauf;<br \/>\nb) Die Parteien bem\u00fchen sich nach besten Kr\u00e4ften, Streitigkeiten aus dem Vertrag g\u00fctlich beizulegen;<br \/>\nc) Gerichtsstand f\u00fcr Streitigkeiten, die sich aus den Gesch\u00e4ftsbeziehungen mit dem Verk\u00e4ufer ergeben, ist das f\u00fcr den Sitz des Verk\u00e4ufers zust\u00e4ndige Gericht.<\/li>\n<\/ol>\n<p>&nbsp;<\/p>\n<p>&nbsp;<\/p>\n                    <\/div>\n                <\/div>\n            <\/div>\n        <\/div>\n    <\/div>\n<\/section>\n","protected":false},"excerpt":{"rendered":"","protected":false},"author":13,"featured_media":0,"parent":0,"menu_order":0,"comment_status":"closed","ping_status":"closed","template":"","meta":{"_acf_changed":false,"inline_featured_image":false,"_joinchat":[],"footnotes":""},"class_list":["post-6220","page","type-page","status-publish","hentry"],"acf":[],"yoast_head":"<!-- This site is optimized with the Yoast SEO plugin v27.3 - https:\/\/yoast.com\/product\/yoast-seo-wordpress\/ -->\n<title>AGB &#187; Mirola<\/title>\n<meta name=\"description\" content=\"AGB &#187; Mirola rolety zewn\u0119trzne, \u017caluzje fasadowe, pergole, bramy gara\u017cowe, moskitiery, rolety MScreen, rolety zewn\u0119trzne, \u017caluzje fasadowe, pergole tarasowe, bramy gara\u017cowe automatyczne, moskitiery okienne, nowoczesne os\u0142ony, os\u0142ony przeciws\u0142oneczne, ochrona przed owadami, kontrola \u015bwiat\u0142a, os\u0142ony okienne na wymiar, \u015bl\u0105skie, Ma\u0142opolska, Opolskie, Dolny \u015al\u0105sk, Polska, Orzesze\" \/>\n<meta name=\"robots\" content=\"index, follow, max-snippet:-1, max-image-preview:large, max-video-preview:-1\" \/>\n<link rel=\"canonical\" href=\"https:\/\/mirola.pl\/de\/agb\/\" \/>\n<meta property=\"og:locale\" content=\"de_DE\" \/>\n<meta property=\"og:type\" content=\"article\" \/>\n<meta property=\"og:title\" content=\"AGB &#187; Mirola\" \/>\n<meta property=\"og:description\" content=\"AGB &#187; Mirola rolety zewn\u0119trzne, \u017caluzje fasadowe, pergole, bramy gara\u017cowe, moskitiery, rolety MScreen, rolety zewn\u0119trzne, \u017caluzje fasadowe, pergole tarasowe, bramy gara\u017cowe automatyczne, moskitiery okienne, nowoczesne os\u0142ony, os\u0142ony przeciws\u0142oneczne, ochrona przed owadami, kontrola \u015bwiat\u0142a, os\u0142ony okienne na wymiar, \u015bl\u0105skie, Ma\u0142opolska, Opolskie, Dolny \u015al\u0105sk, Polska, Orzesze\" \/>\n<meta property=\"og:url\" content=\"https:\/\/mirola.pl\/de\/agb\/\" \/>\n<meta property=\"og:site_name\" content=\"Mirola\" \/>\n<meta property=\"article:publisher\" content=\"https:\/\/www.facebook.com\/MIROLApl\" \/>\n<meta property=\"article:modified_time\" content=\"2023-09-27T07:36:25+00:00\" \/>\n<meta property=\"og:image\" content=\"https:\/\/mirola.pl\/wp-content\/uploads\/2024\/09\/MIROLA-OG-IMAGE-OGOLNY-v2.jpeg\" \/>\n\t<meta property=\"og:image:width\" content=\"1920\" \/>\n\t<meta property=\"og:image:height\" content=\"1006\" \/>\n\t<meta property=\"og:image:type\" content=\"image\/jpeg\" \/>\n<meta name=\"twitter:card\" content=\"summary_large_image\" \/>\n<script type=\"application\/ld+json\" class=\"yoast-schema-graph\">{\"@context\":\"https:\\\/\\\/schema.org\",\"@graph\":[{\"@type\":\"WebPage\",\"@id\":\"https:\\\/\\\/mirola.pl\\\/de\\\/agb\\\/\",\"url\":\"https:\\\/\\\/mirola.pl\\\/de\\\/agb\\\/\",\"name\":\"AGB &#187; Mirola\",\"isPartOf\":{\"@id\":\"https:\\\/\\\/mirola.pl\\\/de\\\/#website\"},\"datePublished\":\"2023-09-26T06:54:53+00:00\",\"dateModified\":\"2023-09-27T07:36:25+00:00\",\"description\":\"AGB &#187; Mirola rolety zewn\u0119trzne, \u017caluzje fasadowe, pergole, bramy gara\u017cowe, moskitiery, rolety MScreen, rolety zewn\u0119trzne, \u017caluzje fasadowe, pergole tarasowe, bramy gara\u017cowe automatyczne, moskitiery okienne, nowoczesne os\u0142ony, os\u0142ony przeciws\u0142oneczne, ochrona przed owadami, kontrola \u015bwiat\u0142a, os\u0142ony okienne na wymiar, \u015bl\u0105skie, Ma\u0142opolska, Opolskie, Dolny \u015al\u0105sk, Polska, Orzesze\",\"breadcrumb\":{\"@id\":\"https:\\\/\\\/mirola.pl\\\/de\\\/agb\\\/#breadcrumb\"},\"inLanguage\":\"de\",\"potentialAction\":[{\"@type\":\"ReadAction\",\"target\":[\"https:\\\/\\\/mirola.pl\\\/de\\\/agb\\\/\"]}]},{\"@type\":\"BreadcrumbList\",\"@id\":\"https:\\\/\\\/mirola.pl\\\/de\\\/agb\\\/#breadcrumb\",\"itemListElement\":[{\"@type\":\"ListItem\",\"position\":1,\"name\":\"Strona g\u0142\u00f3wna\",\"item\":\"https:\\\/\\\/mirola.pl\\\/de\\\/\"},{\"@type\":\"ListItem\",\"position\":2,\"name\":\"AGB\"}]},{\"@type\":\"WebSite\",\"@id\":\"https:\\\/\\\/mirola.pl\\\/de\\\/#website\",\"url\":\"https:\\\/\\\/mirola.pl\\\/de\\\/\",\"name\":\"Mirola - Rolety, \u017baluzje, Bramy Gara\u017cowe\",\"description\":\"Miejsce dobrych jako\u015bciowo produkt\u00f3w system\u00f3w os\u0142onowych, pergol i bram gara\u017cowych\",\"publisher\":{\"@id\":\"https:\\\/\\\/mirola.pl\\\/de\\\/#organization\"},\"alternateName\":\"Mirola - Specjali\u015bci od Rolet Zewn\u0119trznych, \u017baluzji Fasadowych, Bram Gara\u017cowych, Pergoli i Moskitiery\",\"potentialAction\":[{\"@type\":\"SearchAction\",\"target\":{\"@type\":\"EntryPoint\",\"urlTemplate\":\"https:\\\/\\\/mirola.pl\\\/de\\\/?s={search_term_string}\"},\"query-input\":{\"@type\":\"PropertyValueSpecification\",\"valueRequired\":true,\"valueName\":\"search_term_string\"}}],\"inLanguage\":\"de\"},{\"@type\":\"Organization\",\"@id\":\"https:\\\/\\\/mirola.pl\\\/de\\\/#organization\",\"name\":\"Mirola - ekspert w dziedzinie os\u0142on okiennych, bram gara\u017cowych i pergoli\",\"url\":\"https:\\\/\\\/mirola.pl\\\/de\\\/\",\"logo\":{\"@type\":\"ImageObject\",\"inLanguage\":\"de\",\"@id\":\"https:\\\/\\\/mirola.pl\\\/de\\\/#\\\/schema\\\/logo\\\/image\\\/\",\"url\":\"https:\\\/\\\/mirola.pl\\\/wp-content\\\/uploads\\\/2021\\\/11\\\/logo_mirola_krzywe.svg\",\"contentUrl\":\"https:\\\/\\\/mirola.pl\\\/wp-content\\\/uploads\\\/2021\\\/11\\\/logo_mirola_krzywe.svg\",\"width\":356,\"height\":80,\"caption\":\"Mirola - ekspert w dziedzinie os\u0142on okiennych, bram gara\u017cowych i pergoli\"},\"image\":{\"@id\":\"https:\\\/\\\/mirola.pl\\\/de\\\/#\\\/schema\\\/logo\\\/image\\\/\"},\"sameAs\":[\"https:\\\/\\\/www.facebook.com\\\/MIROLApl\"]}]}<\/script>\n<!-- \/ Yoast SEO plugin. -->","yoast_head_json":{"title":"AGB &#187; Mirola","description":"AGB &#187; Mirola rolety zewn\u0119trzne, \u017caluzje fasadowe, pergole, bramy gara\u017cowe, moskitiery, rolety MScreen, rolety zewn\u0119trzne, \u017caluzje fasadowe, pergole tarasowe, bramy gara\u017cowe automatyczne, moskitiery okienne, nowoczesne os\u0142ony, os\u0142ony przeciws\u0142oneczne, ochrona przed owadami, kontrola \u015bwiat\u0142a, os\u0142ony okienne na wymiar, \u015bl\u0105skie, Ma\u0142opolska, Opolskie, Dolny \u015al\u0105sk, Polska, Orzesze","robots":{"index":"index","follow":"follow","max-snippet":"max-snippet:-1","max-image-preview":"max-image-preview:large","max-video-preview":"max-video-preview:-1"},"canonical":"https:\/\/mirola.pl\/de\/agb\/","og_locale":"de_DE","og_type":"article","og_title":"AGB &#187; Mirola","og_description":"AGB &#187; Mirola rolety zewn\u0119trzne, \u017caluzje fasadowe, pergole, bramy gara\u017cowe, moskitiery, rolety MScreen, rolety zewn\u0119trzne, \u017caluzje fasadowe, pergole tarasowe, bramy gara\u017cowe automatyczne, moskitiery okienne, nowoczesne os\u0142ony, os\u0142ony przeciws\u0142oneczne, ochrona przed owadami, kontrola \u015bwiat\u0142a, os\u0142ony okienne na wymiar, \u015bl\u0105skie, Ma\u0142opolska, Opolskie, Dolny \u015al\u0105sk, Polska, Orzesze","og_url":"https:\/\/mirola.pl\/de\/agb\/","og_site_name":"Mirola","article_publisher":"https:\/\/www.facebook.com\/MIROLApl","article_modified_time":"2023-09-27T07:36:25+00:00","og_image":[{"width":1920,"height":1006,"url":"https:\/\/mirola.pl\/wp-content\/uploads\/2024\/09\/MIROLA-OG-IMAGE-OGOLNY-v2.jpeg","type":"image\/jpeg"}],"twitter_card":"summary_large_image","schema":{"@context":"https:\/\/schema.org","@graph":[{"@type":"WebPage","@id":"https:\/\/mirola.pl\/de\/agb\/","url":"https:\/\/mirola.pl\/de\/agb\/","name":"AGB &#187; Mirola","isPartOf":{"@id":"https:\/\/mirola.pl\/de\/#website"},"datePublished":"2023-09-26T06:54:53+00:00","dateModified":"2023-09-27T07:36:25+00:00","description":"AGB &#187; Mirola rolety zewn\u0119trzne, \u017caluzje fasadowe, pergole, bramy gara\u017cowe, moskitiery, rolety MScreen, rolety zewn\u0119trzne, \u017caluzje fasadowe, pergole tarasowe, bramy gara\u017cowe automatyczne, moskitiery okienne, nowoczesne os\u0142ony, os\u0142ony przeciws\u0142oneczne, ochrona przed owadami, kontrola \u015bwiat\u0142a, os\u0142ony okienne na wymiar, \u015bl\u0105skie, Ma\u0142opolska, Opolskie, Dolny \u015al\u0105sk, Polska, Orzesze","breadcrumb":{"@id":"https:\/\/mirola.pl\/de\/agb\/#breadcrumb"},"inLanguage":"de","potentialAction":[{"@type":"ReadAction","target":["https:\/\/mirola.pl\/de\/agb\/"]}]},{"@type":"BreadcrumbList","@id":"https:\/\/mirola.pl\/de\/agb\/#breadcrumb","itemListElement":[{"@type":"ListItem","position":1,"name":"Strona g\u0142\u00f3wna","item":"https:\/\/mirola.pl\/de\/"},{"@type":"ListItem","position":2,"name":"AGB"}]},{"@type":"WebSite","@id":"https:\/\/mirola.pl\/de\/#website","url":"https:\/\/mirola.pl\/de\/","name":"Mirola - Rolety, \u017baluzje, Bramy Gara\u017cowe","description":"Miejsce dobrych jako\u015bciowo produkt\u00f3w system\u00f3w os\u0142onowych, pergol i bram gara\u017cowych","publisher":{"@id":"https:\/\/mirola.pl\/de\/#organization"},"alternateName":"Mirola - Specjali\u015bci od Rolet Zewn\u0119trznych, \u017baluzji Fasadowych, Bram Gara\u017cowych, Pergoli i Moskitiery","potentialAction":[{"@type":"SearchAction","target":{"@type":"EntryPoint","urlTemplate":"https:\/\/mirola.pl\/de\/?s={search_term_string}"},"query-input":{"@type":"PropertyValueSpecification","valueRequired":true,"valueName":"search_term_string"}}],"inLanguage":"de"},{"@type":"Organization","@id":"https:\/\/mirola.pl\/de\/#organization","name":"Mirola - ekspert w dziedzinie os\u0142on okiennych, bram gara\u017cowych i pergoli","url":"https:\/\/mirola.pl\/de\/","logo":{"@type":"ImageObject","inLanguage":"de","@id":"https:\/\/mirola.pl\/de\/#\/schema\/logo\/image\/","url":"https:\/\/mirola.pl\/wp-content\/uploads\/2021\/11\/logo_mirola_krzywe.svg","contentUrl":"https:\/\/mirola.pl\/wp-content\/uploads\/2021\/11\/logo_mirola_krzywe.svg","width":356,"height":80,"caption":"Mirola - ekspert w dziedzinie os\u0142on okiennych, bram gara\u017cowych i pergoli"},"image":{"@id":"https:\/\/mirola.pl\/de\/#\/schema\/logo\/image\/"},"sameAs":["https:\/\/www.facebook.com\/MIROLApl"]}]}},"_links":{"self":[{"href":"https:\/\/mirola.pl\/de\/wp-json\/wp\/v2\/pages\/6220","targetHints":{"allow":["GET"]}}],"collection":[{"href":"https:\/\/mirola.pl\/de\/wp-json\/wp\/v2\/pages"}],"about":[{"href":"https:\/\/mirola.pl\/de\/wp-json\/wp\/v2\/types\/page"}],"author":[{"embeddable":true,"href":"https:\/\/mirola.pl\/de\/wp-json\/wp\/v2\/users\/13"}],"replies":[{"embeddable":true,"href":"https:\/\/mirola.pl\/de\/wp-json\/wp\/v2\/comments?post=6220"}],"version-history":[{"count":7,"href":"https:\/\/mirola.pl\/de\/wp-json\/wp\/v2\/pages\/6220\/revisions"}],"predecessor-version":[{"id":6289,"href":"https:\/\/mirola.pl\/de\/wp-json\/wp\/v2\/pages\/6220\/revisions\/6289"}],"wp:attachment":[{"href":"https:\/\/mirola.pl\/de\/wp-json\/wp\/v2\/media?parent=6220"}],"curies":[{"name":"wp","href":"https:\/\/api.w.org\/{rel}","templated":true}]}}