{"id":4635,"date":"2020-12-18T22:38:02","date_gmt":"2020-12-18T21:38:02","guid":{"rendered":"https:\/\/mirola.pl\/architect-zone\/"},"modified":"2022-12-23T10:51:43","modified_gmt":"2022-12-23T09:51:43","slug":"architect-zone","status":"publish","type":"page","link":"https:\/\/mirola.pl\/en\/architect-zone\/","title":{"rendered":"Architect zone"},"content":{"rendered":"\n<section id=\"two-column-content-block_615c1728f81e0\" class=\"two-column-content-block size-32 6|6-layout\">\n    <div class=\"container\">\n        <div class=\"row\">\n            <div class=\"col-md-6 col-12\">\n                <p><strong>Are you an architect?<\/strong> This site has been created to help you design houses, buildings, public facilities and other architectural structures. Design, create and work with beautiful designs, modern technology and quality in every detail.<\/p>\n<p>Here, you can find technical drawings of roller shutters and mosquito nets, as well as their mounting methods. If there is anything else you need, please contact us!<\/p>\n<p><a target=\"_self\" class=\"more-button yellow-button\" href=\"https:\/\/mirola.pl\/strefa-architekta\/do-pobrania\/\" data-title=\"_go To The Architect Zone\"><span class=\"arrow\"><\/span><span class=\"text\">_go to the Architect Zone<\/span><\/a><div class=\"spacer\" style=\"height:1px;\"><\/div><\/p>\n            <\/div>\n            <div class=\"col-md-6 col-12\">\n                <div  class=\"image\"><a href=\"\/wp-content\/uploads\/2021\/11\/fota_architekci-scaled.jpeg\" class=\"fancy-image\"><img decoding=\"async\" class=\"img-fluid lazyload\" data-src=\"\/wp-content\/uploads\/2021\/11\/fota_architekci-scaled.jpeg\" alt=\"\" src=\"data:image\/svg+xml;base64,PHN2ZyB3aWR0aD0iMSIgaGVpZ2h0PSIxIiB4bWxucz0iaHR0cDovL3d3dy53My5vcmcvMjAwMC9zdmciPjwvc3ZnPg==\" style=\"--smush-placeholder-width: 2560px; --smush-placeholder-aspect-ratio: 2560\/1440;\" \/><\/a><\/div>\n            <\/div>\n        <\/div>\n    <\/div>\n<\/section>\n","protected":false},"excerpt":{"rendered":"","protected":false},"author":1,"featured_media":0,"parent":0,"menu_order":0,"comment_status":"closed","ping_status":"closed","template":"","meta":{"_acf_changed":false,"inline_featured_image":false,"_joinchat":[],"footnotes":""},"class_list":["post-4635","page","type-page","status-publish","hentry"],"acf":[],"yoast_head":"<!-- This site is optimized with the Yoast SEO plugin v27.3 - https:\/\/yoast.com\/product\/yoast-seo-wordpress\/ -->\n<title>Architect zone &#187; Mirola<\/title>\n<meta name=\"description\" content=\"Architect zone &#187; Mirola rolety zewn\u0119trzne, \u017caluzje fasadowe, pergole, bramy gara\u017cowe, moskitiery, rolety MScreen, rolety zewn\u0119trzne, \u017caluzje fasadowe, pergole tarasowe, bramy gara\u017cowe automatyczne, moskitiery okienne, nowoczesne os\u0142ony, os\u0142ony przeciws\u0142oneczne, ochrona przed owadami, kontrola \u015bwiat\u0142a, os\u0142ony okienne na wymiar, \u015bl\u0105skie, Ma\u0142opolska, Opolskie, Dolny \u015al\u0105sk, Polska, Orzesze\" \/>\n<meta name=\"robots\" content=\"index, follow, max-snippet:-1, max-image-preview:large, max-video-preview:-1\" \/>\n<link rel=\"canonical\" href=\"https:\/\/mirola.pl\/en\/architect-zone\/\" \/>\n<meta property=\"og:locale\" content=\"en_US\" \/>\n<meta property=\"og:type\" content=\"article\" \/>\n<meta property=\"og:title\" content=\"Architect zone &#187; Mirola\" \/>\n<meta property=\"og:description\" content=\"Architect zone &#187; Mirola rolety zewn\u0119trzne, \u017caluzje fasadowe, pergole, bramy gara\u017cowe, moskitiery, rolety MScreen, rolety zewn\u0119trzne, \u017caluzje fasadowe, pergole tarasowe, bramy gara\u017cowe automatyczne, moskitiery okienne, nowoczesne os\u0142ony, os\u0142ony przeciws\u0142oneczne, ochrona przed owadami, kontrola \u015bwiat\u0142a, os\u0142ony okienne na wymiar, \u015bl\u0105skie, Ma\u0142opolska, Opolskie, Dolny \u015al\u0105sk, Polska, Orzesze\" \/>\n<meta property=\"og:url\" content=\"https:\/\/mirola.pl\/en\/architect-zone\/\" \/>\n<meta property=\"og:site_name\" content=\"Mirola\" \/>\n<meta property=\"article:publisher\" content=\"https:\/\/www.facebook.com\/MIROLApl\" \/>\n<meta property=\"article:modified_time\" content=\"2022-12-23T09:51:43+00:00\" \/>\n<meta property=\"og:image\" content=\"https:\/\/mirola.pl\/wp-content\/uploads\/2024\/09\/MIROLA-OG-IMAGE-OGOLNY-v2.jpeg\" \/>\n\t<meta property=\"og:image:width\" content=\"1920\" \/>\n\t<meta property=\"og:image:height\" content=\"1006\" \/>\n\t<meta property=\"og:image:type\" content=\"image\/jpeg\" \/>\n<meta name=\"twitter:card\" content=\"summary_large_image\" \/>\n<script type=\"application\/ld+json\" class=\"yoast-schema-graph\">{\"@context\":\"https:\\\/\\\/schema.org\",\"@graph\":[{\"@type\":\"WebPage\",\"@id\":\"https:\\\/\\\/mirola.pl\\\/en\\\/architect-zone\\\/\",\"url\":\"https:\\\/\\\/mirola.pl\\\/en\\\/architect-zone\\\/\",\"name\":\"Architect zone &#187; Mirola\",\"isPartOf\":{\"@id\":\"https:\\\/\\\/mirola.pl\\\/en\\\/#website\"},\"datePublished\":\"2020-12-18T21:38:02+00:00\",\"dateModified\":\"2022-12-23T09:51:43+00:00\",\"description\":\"Architect zone &#187; Mirola rolety zewn\u0119trzne, \u017caluzje fasadowe, pergole, bramy gara\u017cowe, moskitiery, rolety MScreen, rolety zewn\u0119trzne, \u017caluzje fasadowe, pergole tarasowe, bramy gara\u017cowe automatyczne, moskitiery okienne, nowoczesne os\u0142ony, os\u0142ony przeciws\u0142oneczne, ochrona przed owadami, kontrola \u015bwiat\u0142a, os\u0142ony okienne na wymiar, \u015bl\u0105skie, Ma\u0142opolska, Opolskie, Dolny \u015al\u0105sk, Polska, Orzesze\",\"breadcrumb\":{\"@id\":\"https:\\\/\\\/mirola.pl\\\/en\\\/architect-zone\\\/#breadcrumb\"},\"inLanguage\":\"en-US\",\"potentialAction\":[{\"@type\":\"ReadAction\",\"target\":[\"https:\\\/\\\/mirola.pl\\\/en\\\/architect-zone\\\/\"]}]},{\"@type\":\"BreadcrumbList\",\"@id\":\"https:\\\/\\\/mirola.pl\\\/en\\\/architect-zone\\\/#breadcrumb\",\"itemListElement\":[{\"@type\":\"ListItem\",\"position\":1,\"name\":\"Strona g\u0142\u00f3wna\",\"item\":\"https:\\\/\\\/mirola.pl\\\/en\\\/\"},{\"@type\":\"ListItem\",\"position\":2,\"name\":\"Architect zone\"}]},{\"@type\":\"WebSite\",\"@id\":\"https:\\\/\\\/mirola.pl\\\/en\\\/#website\",\"url\":\"https:\\\/\\\/mirola.pl\\\/en\\\/\",\"name\":\"Mirola - Rolety, \u017baluzje, Bramy Gara\u017cowe\",\"description\":\"Miejsce dobrych jako\u015bciowo produkt\u00f3w system\u00f3w os\u0142onowych, pergol i bram gara\u017cowych\",\"publisher\":{\"@id\":\"https:\\\/\\\/mirola.pl\\\/en\\\/#organization\"},\"alternateName\":\"Mirola - Specjali\u015bci od Rolet Zewn\u0119trznych, \u017baluzji Fasadowych, Bram Gara\u017cowych, Pergoli i Moskitiery\",\"potentialAction\":[{\"@type\":\"SearchAction\",\"target\":{\"@type\":\"EntryPoint\",\"urlTemplate\":\"https:\\\/\\\/mirola.pl\\\/en\\\/?s={search_term_string}\"},\"query-input\":{\"@type\":\"PropertyValueSpecification\",\"valueRequired\":true,\"valueName\":\"search_term_string\"}}],\"inLanguage\":\"en-US\"},{\"@type\":\"Organization\",\"@id\":\"https:\\\/\\\/mirola.pl\\\/en\\\/#organization\",\"name\":\"Mirola - ekspert w dziedzinie os\u0142on okiennych, bram gara\u017cowych i pergoli\",\"url\":\"https:\\\/\\\/mirola.pl\\\/en\\\/\",\"logo\":{\"@type\":\"ImageObject\",\"inLanguage\":\"en-US\",\"@id\":\"https:\\\/\\\/mirola.pl\\\/en\\\/#\\\/schema\\\/logo\\\/image\\\/\",\"url\":\"https:\\\/\\\/mirola.pl\\\/wp-content\\\/uploads\\\/2021\\\/11\\\/logo_mirola_krzywe.svg\",\"contentUrl\":\"https:\\\/\\\/mirola.pl\\\/wp-content\\\/uploads\\\/2021\\\/11\\\/logo_mirola_krzywe.svg\",\"width\":356,\"height\":80,\"caption\":\"Mirola - ekspert w dziedzinie os\u0142on okiennych, bram gara\u017cowych i pergoli\"},\"image\":{\"@id\":\"https:\\\/\\\/mirola.pl\\\/en\\\/#\\\/schema\\\/logo\\\/image\\\/\"},\"sameAs\":[\"https:\\\/\\\/www.facebook.com\\\/MIROLApl\"]}]}<\/script>\n<!-- \/ Yoast SEO plugin. -->","yoast_head_json":{"title":"Architect zone &#187; Mirola","description":"Architect zone &#187; Mirola rolety zewn\u0119trzne, \u017caluzje fasadowe, pergole, bramy gara\u017cowe, moskitiery, rolety MScreen, rolety zewn\u0119trzne, \u017caluzje fasadowe, pergole tarasowe, bramy gara\u017cowe automatyczne, moskitiery okienne, nowoczesne os\u0142ony, os\u0142ony przeciws\u0142oneczne, ochrona przed owadami, kontrola \u015bwiat\u0142a, os\u0142ony okienne na wymiar, \u015bl\u0105skie, Ma\u0142opolska, Opolskie, Dolny \u015al\u0105sk, Polska, Orzesze","robots":{"index":"index","follow":"follow","max-snippet":"max-snippet:-1","max-image-preview":"max-image-preview:large","max-video-preview":"max-video-preview:-1"},"canonical":"https:\/\/mirola.pl\/en\/architect-zone\/","og_locale":"en_US","og_type":"article","og_title":"Architect zone &#187; Mirola","og_description":"Architect zone &#187; Mirola rolety zewn\u0119trzne, \u017caluzje fasadowe, pergole, bramy gara\u017cowe, moskitiery, rolety MScreen, rolety zewn\u0119trzne, \u017caluzje fasadowe, pergole tarasowe, bramy gara\u017cowe automatyczne, moskitiery okienne, nowoczesne os\u0142ony, os\u0142ony przeciws\u0142oneczne, ochrona przed owadami, kontrola \u015bwiat\u0142a, os\u0142ony okienne na wymiar, \u015bl\u0105skie, Ma\u0142opolska, Opolskie, Dolny \u015al\u0105sk, Polska, Orzesze","og_url":"https:\/\/mirola.pl\/en\/architect-zone\/","og_site_name":"Mirola","article_publisher":"https:\/\/www.facebook.com\/MIROLApl","article_modified_time":"2022-12-23T09:51:43+00:00","og_image":[{"width":1920,"height":1006,"url":"https:\/\/mirola.pl\/wp-content\/uploads\/2024\/09\/MIROLA-OG-IMAGE-OGOLNY-v2.jpeg","type":"image\/jpeg"}],"twitter_card":"summary_large_image","schema":{"@context":"https:\/\/schema.org","@graph":[{"@type":"WebPage","@id":"https:\/\/mirola.pl\/en\/architect-zone\/","url":"https:\/\/mirola.pl\/en\/architect-zone\/","name":"Architect zone &#187; Mirola","isPartOf":{"@id":"https:\/\/mirola.pl\/en\/#website"},"datePublished":"2020-12-18T21:38:02+00:00","dateModified":"2022-12-23T09:51:43+00:00","description":"Architect zone &#187; Mirola rolety zewn\u0119trzne, \u017caluzje fasadowe, pergole, bramy gara\u017cowe, moskitiery, rolety MScreen, rolety zewn\u0119trzne, \u017caluzje fasadowe, pergole tarasowe, bramy gara\u017cowe automatyczne, moskitiery okienne, nowoczesne os\u0142ony, os\u0142ony przeciws\u0142oneczne, ochrona przed owadami, kontrola \u015bwiat\u0142a, os\u0142ony okienne na wymiar, \u015bl\u0105skie, Ma\u0142opolska, Opolskie, Dolny \u015al\u0105sk, Polska, Orzesze","breadcrumb":{"@id":"https:\/\/mirola.pl\/en\/architect-zone\/#breadcrumb"},"inLanguage":"en-US","potentialAction":[{"@type":"ReadAction","target":["https:\/\/mirola.pl\/en\/architect-zone\/"]}]},{"@type":"BreadcrumbList","@id":"https:\/\/mirola.pl\/en\/architect-zone\/#breadcrumb","itemListElement":[{"@type":"ListItem","position":1,"name":"Strona g\u0142\u00f3wna","item":"https:\/\/mirola.pl\/en\/"},{"@type":"ListItem","position":2,"name":"Architect zone"}]},{"@type":"WebSite","@id":"https:\/\/mirola.pl\/en\/#website","url":"https:\/\/mirola.pl\/en\/","name":"Mirola - Rolety, \u017baluzje, Bramy Gara\u017cowe","description":"Miejsce dobrych jako\u015bciowo produkt\u00f3w system\u00f3w os\u0142onowych, pergol i bram gara\u017cowych","publisher":{"@id":"https:\/\/mirola.pl\/en\/#organization"},"alternateName":"Mirola - Specjali\u015bci od Rolet Zewn\u0119trznych, \u017baluzji Fasadowych, Bram Gara\u017cowych, Pergoli i Moskitiery","potentialAction":[{"@type":"SearchAction","target":{"@type":"EntryPoint","urlTemplate":"https:\/\/mirola.pl\/en\/?s={search_term_string}"},"query-input":{"@type":"PropertyValueSpecification","valueRequired":true,"valueName":"search_term_string"}}],"inLanguage":"en-US"},{"@type":"Organization","@id":"https:\/\/mirola.pl\/en\/#organization","name":"Mirola - ekspert w dziedzinie os\u0142on okiennych, bram gara\u017cowych i pergoli","url":"https:\/\/mirola.pl\/en\/","logo":{"@type":"ImageObject","inLanguage":"en-US","@id":"https:\/\/mirola.pl\/en\/#\/schema\/logo\/image\/","url":"https:\/\/mirola.pl\/wp-content\/uploads\/2021\/11\/logo_mirola_krzywe.svg","contentUrl":"https:\/\/mirola.pl\/wp-content\/uploads\/2021\/11\/logo_mirola_krzywe.svg","width":356,"height":80,"caption":"Mirola - ekspert w dziedzinie os\u0142on okiennych, bram gara\u017cowych i pergoli"},"image":{"@id":"https:\/\/mirola.pl\/en\/#\/schema\/logo\/image\/"},"sameAs":["https:\/\/www.facebook.com\/MIROLApl"]}]}},"_links":{"self":[{"href":"https:\/\/mirola.pl\/en\/wp-json\/wp\/v2\/pages\/4635","targetHints":{"allow":["GET"]}}],"collection":[{"href":"https:\/\/mirola.pl\/en\/wp-json\/wp\/v2\/pages"}],"about":[{"href":"https:\/\/mirola.pl\/en\/wp-json\/wp\/v2\/types\/page"}],"author":[{"embeddable":true,"href":"https:\/\/mirola.pl\/en\/wp-json\/wp\/v2\/users\/1"}],"replies":[{"embeddable":true,"href":"https:\/\/mirola.pl\/en\/wp-json\/wp\/v2\/comments?post=4635"}],"version-history":[{"count":1,"href":"https:\/\/mirola.pl\/en\/wp-json\/wp\/v2\/pages\/4635\/revisions"}],"predecessor-version":[{"id":4636,"href":"https:\/\/mirola.pl\/en\/wp-json\/wp\/v2\/pages\/4635\/revisions\/4636"}],"wp:attachment":[{"href":"https:\/\/mirola.pl\/en\/wp-json\/wp\/v2\/media?parent=4635"}],"curies":[{"name":"wp","href":"https:\/\/api.w.org\/{rel}","templated":true}]}}