{"id":4647,"date":"2020-12-18T22:34:38","date_gmt":"2020-12-18T21:34:38","guid":{"rendered":"https:\/\/mirola.pl\/about-us\/"},"modified":"2022-12-23T10:51:44","modified_gmt":"2022-12-23T09:51:44","slug":"about-us","status":"publish","type":"page","link":"https:\/\/mirola.pl\/en\/about-us\/","title":{"rendered":"About us"},"content":{"rendered":"\n<section id=\"full-content-block_61ccc14d23672\" class=\"full-content-block size-36 style1\">\n    <div class=\"container\">\n        <div class=\"outer\">\n            <div class=\"inner\">\n                <div class=\"row\">\n                    <div class=\"col-md-12\">\n                        <p>We are experts in the production of garage doors and window coverings with almost 30 years of experience on the market.<br \/>\nOur goal is to provide products and services meeting the highest expectations of our clients in terms of quality, design and innovation. The relationship we establish with our clients has always been based on partnership, dedication and mutual trust.<\/p>\n                    <\/div>\n                <\/div>\n            <\/div>\n        <\/div>\n    <\/div>\n<\/section>\n\n<section id=\"info-boxes-block_61ccc429066a6\" class=\"info-boxes-block\">\n    <div class=\"container\">\n        <div class=\"info-boxes\">\n                            \n                <div class=\"info-box\">\n                    <div class=\"box-info\">\n                        <div class=\"box-image\">\n                            <img decoding=\"async\" data-src=\"https:\/\/mirola.pl\/wp-content\/uploads\/2022\/01\/Infografika_ikony_Mirola-e1643726572186.png\" alt=\"\" class=\"img-fluid lazyload\" src=\"data:image\/svg+xml;base64,PHN2ZyB3aWR0aD0iMSIgaGVpZ2h0PSIxIiB4bWxucz0iaHR0cDovL3d3dy53My5vcmcvMjAwMC9zdmciPjwvc3ZnPg==\" style=\"--smush-placeholder-width: 345px; --smush-placeholder-aspect-ratio: 345\/279;\" \/>\n                        <\/div>\n                        <div class=\"box-title\">\n                            <span>_30 years <\/span>\n                        <\/div>\n                    <\/div>\n                    <div class=\"box-content\">\n                        <div class=\"top\"><\/div>\n                        <p>we have been gaining experience in the area of protective systems since 1991 <\/p>\n                        <div class=\"bottom\"><\/div>\n                    <\/div>\n                <\/div>\n                            \n                <div class=\"info-box\">\n                    <div class=\"box-info\">\n                        <div class=\"box-image\">\n                            <img decoding=\"async\" data-src=\"https:\/\/mirola.pl\/wp-content\/uploads\/2022\/01\/Infografika_ikony_Mirola4-e1643726926559.png\" alt=\"\" class=\"img-fluid lazyload\" src=\"data:image\/svg+xml;base64,PHN2ZyB3aWR0aD0iMSIgaGVpZ2h0PSIxIiB4bWxucz0iaHR0cDovL3d3dy53My5vcmcvMjAwMC9zdmciPjwvc3ZnPg==\" style=\"--smush-placeholder-width: 675px; --smush-placeholder-aspect-ratio: 675\/301;\" \/>\n                        <\/div>\n                        <div class=\"box-title\">\n                            <span>_1 000 000<\/span>\n                        <\/div>\n                    <\/div>\n                    <div class=\"box-content\">\n                        <div class=\"top\"><\/div>\n                        <p>we have already provided our clients with over 1 million products adjusted to their individual needs <\/p>\n                        <div class=\"bottom\"><\/div>\n                    <\/div>\n                <\/div>\n                            \n                <div class=\"info-box\">\n                    <div class=\"box-info\">\n                        <div class=\"box-image\">\n                            <img decoding=\"async\" data-src=\"https:\/\/mirola.pl\/wp-content\/uploads\/2022\/01\/Infografika_ikony_Mirola3-e1643726964776.png\" alt=\"\" class=\"img-fluid lazyload\" src=\"data:image\/svg+xml;base64,PHN2ZyB3aWR0aD0iMSIgaGVpZ2h0PSIxIiB4bWxucz0iaHR0cDovL3d3dy53My5vcmcvMjAwMC9zdmciPjwvc3ZnPg==\" style=\"--smush-placeholder-width: 438px; --smush-placeholder-aspect-ratio: 438\/281;\" \/>\n                        <\/div>\n                        <div class=\"box-title\">\n                            <span>_100 000<\/span>\n                        <\/div>\n                    <\/div>\n                    <div class=\"box-content\">\n                        <div class=\"top\"><\/div>\n                        <p>our products have been installed in 100,000 buildings in Poland and Western Europe<\/p>\n                        <div class=\"bottom\"><\/div>\n                    <\/div>\n                <\/div>\n                            \n                <div class=\"info-box\">\n                    <div class=\"box-info\">\n                        <div class=\"box-image\">\n                            <img decoding=\"async\" data-src=\"https:\/\/mirola.pl\/wp-content\/uploads\/2022\/01\/Infografika_ikony_Mirola5-e1643726821157.png\" alt=\"\" class=\"img-fluid lazyload\" src=\"data:image\/svg+xml;base64,PHN2ZyB3aWR0aD0iMSIgaGVpZ2h0PSIxIiB4bWxucz0iaHR0cDovL3d3dy53My5vcmcvMjAwMC9zdmciPjwvc3ZnPg==\" style=\"--smush-placeholder-width: 264px; --smush-placeholder-aspect-ratio: 264\/315;\" \/>\n                        <\/div>\n                        <div class=\"box-title\">\n                            <span>_3 000<\/span>\n                        <\/div>\n                    <\/div>\n                    <div class=\"box-content\">\n                        <div class=\"top\"><\/div>\n                        <p>we have executed 3,000 non-standard and challenging orders<\/p>\n                        <div class=\"bottom\"><\/div>\n                    <\/div>\n                <\/div>\n                            \n                <div class=\"info-box\">\n                    <div class=\"box-info\">\n                        <div class=\"box-image\">\n                            <img decoding=\"async\" data-src=\"https:\/\/mirola.pl\/wp-content\/uploads\/2022\/01\/Infografika_ikony_Mirola7-e1643726690131.png\" alt=\"\" class=\"img-fluid lazyload\" src=\"data:image\/svg+xml;base64,PHN2ZyB3aWR0aD0iMSIgaGVpZ2h0PSIxIiB4bWxucz0iaHR0cDovL3d3dy53My5vcmcvMjAwMC9zdmciPjwvc3ZnPg==\" style=\"--smush-placeholder-width: 371px; --smush-placeholder-aspect-ratio: 371\/326;\" \/>\n                        <\/div>\n                        <div class=\"box-title\">\n                            <span>_4 000<\/span>\n                        <\/div>\n                    <\/div>\n                    <div class=\"box-content\">\n                        <div class=\"top\"><\/div>\n                        <p>our installation teams perform 4,000 service and installation tasks every year<\/p>\n                        <div class=\"bottom\"><\/div>\n                    <\/div>\n                <\/div>\n                            \n                <div class=\"info-box\">\n                    <div class=\"box-info\">\n                        <div class=\"box-image\">\n                            <img decoding=\"async\" data-src=\"https:\/\/mirola.pl\/wp-content\/uploads\/2022\/01\/Infografika_ikony_Mirola6-e1643726799232.png\" alt=\"\" class=\"img-fluid lazyload\" src=\"data:image\/svg+xml;base64,PHN2ZyB3aWR0aD0iMSIgaGVpZ2h0PSIxIiB4bWxucz0iaHR0cDovL3d3dy53My5vcmcvMjAwMC9zdmciPjwvc3ZnPg==\" style=\"--smush-placeholder-width: 230px; --smush-placeholder-aspect-ratio: 230\/318;\" \/>\n                        <\/div>\n                        <div class=\"box-title\">\n                            <span>_300<\/span>\n                        <\/div>\n                    <\/div>\n                    <div class=\"box-content\">\n                        <div class=\"top\"><\/div>\n                        <p>our products are available in over 300 stores across Poland<\/p>\n                        <div class=\"bottom\"><\/div>\n                    <\/div>\n                <\/div>\n                            \n                <div class=\"info-box\">\n                    <div class=\"box-info\">\n                        <div class=\"box-image\">\n                            <img decoding=\"async\" data-src=\"https:\/\/mirola.pl\/wp-content\/uploads\/2022\/01\/Infografika_ikony_Mirola10-e1643726982501.png\" alt=\"\" class=\"img-fluid lazyload\" src=\"data:image\/svg+xml;base64,PHN2ZyB3aWR0aD0iMSIgaGVpZ2h0PSIxIiB4bWxucz0iaHR0cDovL3d3dy53My5vcmcvMjAwMC9zdmciPjwvc3ZnPg==\" style=\"--smush-placeholder-width: 276px; --smush-placeholder-aspect-ratio: 276\/278;\" \/>\n                        <\/div>\n                        <div class=\"box-title\">\n                            <span>_consistent offer<\/span>\n                        <\/div>\n                    <\/div>\n                    <div class=\"box-content\">\n                        <div class=\"top\"><\/div>\n                        <p>our offer of external coverings and garage doors is comprehensive and consistent with the current trends<\/p>\n                        <div class=\"bottom\"><\/div>\n                    <\/div>\n                <\/div>\n                            \n                <div class=\"info-box\">\n                    <div class=\"box-info\">\n                        <div class=\"box-image\">\n                            <img decoding=\"async\" data-src=\"https:\/\/mirola.pl\/wp-content\/uploads\/2022\/01\/Infografika_ikony_Mirola11-e1643726768678.png\" alt=\"\" class=\"img-fluid lazyload\" src=\"data:image\/svg+xml;base64,PHN2ZyB3aWR0aD0iMSIgaGVpZ2h0PSIxIiB4bWxucz0iaHR0cDovL3d3dy53My5vcmcvMjAwMC9zdmciPjwvc3ZnPg==\" style=\"--smush-placeholder-width: 313px; --smush-placeholder-aspect-ratio: 313\/275;\" \/>\n                        <\/div>\n                        <div class=\"box-title\">\n                            <span>_continuous development<\/span>\n                        <\/div>\n                    <\/div>\n                    <div class=\"box-content\">\n                        <div class=\"top\"><\/div>\n                        <p>We undertake new challenges with passion and involvement to develop our organisation in all areas <\/p>\n                        <div class=\"bottom\"><\/div>\n                    <\/div>\n                <\/div>\n                            \n                <div class=\"info-box\">\n                    <div class=\"box-info\">\n                        <div class=\"box-image\">\n                            <img decoding=\"async\" data-src=\"https:\/\/mirola.pl\/wp-content\/uploads\/2022\/01\/Infografika_ikony_Mirola12-e1643726667672.png\" alt=\"\" class=\"img-fluid lazyload\" src=\"data:image\/svg+xml;base64,PHN2ZyB3aWR0aD0iMSIgaGVpZ2h0PSIxIiB4bWxucz0iaHR0cDovL3d3dy53My5vcmcvMjAwMC9zdmciPjwvc3ZnPg==\" style=\"--smush-placeholder-width: 313px; --smush-placeholder-aspect-ratio: 313\/313;\" \/>\n                        <\/div>\n                        <div class=\"box-title\">\n                            <span>_reliability<\/span>\n                        <\/div>\n                    <\/div>\n                    <div class=\"box-content\">\n                        <div class=\"top\"><\/div>\n                        <p>high quality control standards<br \/>\ntranslate to<br \/>\nthe reliability of our products<br \/>\nand the confidence of our<br \/>\nclients<\/p>\n                        <div class=\"bottom\"><\/div>\n                    <\/div>\n                <\/div>\n                            \n                <div class=\"info-box\">\n                    <div class=\"box-info\">\n                        <div class=\"box-image\">\n                            <img decoding=\"async\" data-src=\"https:\/\/mirola.pl\/wp-content\/uploads\/2022\/01\/Infografika_ikony_Mirola13-e1643726637459.png\" alt=\"\" class=\"img-fluid lazyload\" src=\"data:image\/svg+xml;base64,PHN2ZyB3aWR0aD0iMSIgaGVpZ2h0PSIxIiB4bWxucz0iaHR0cDovL3d3dy53My5vcmcvMjAwMC9zdmciPjwvc3ZnPg==\" style=\"--smush-placeholder-width: 341px; --smush-placeholder-aspect-ratio: 341\/309;\" \/>\n                        <\/div>\n                        <div class=\"box-title\">\n                            <span>_cohesive team<\/span>\n                        <\/div>\n                    <\/div>\n                    <div class=\"box-content\">\n                        <div class=\"top\"><\/div>\n                        <p>We are a team of passionate people with vast experience, involvement and technical expertise.<\/p>\n                        <div class=\"bottom\"><\/div>\n                    <\/div>\n                <\/div>\n                    <\/div>\n    <\/div>\n<\/section>\n","protected":false},"excerpt":{"rendered":"","protected":false},"author":1,"featured_media":0,"parent":0,"menu_order":0,"comment_status":"closed","ping_status":"closed","template":"","meta":{"_acf_changed":false,"inline_featured_image":false,"_joinchat":[],"footnotes":""},"class_list":["post-4647","page","type-page","status-publish","hentry"],"acf":[],"yoast_head":"<!-- This site is optimized with the Yoast SEO plugin v27.3 - https:\/\/yoast.com\/product\/yoast-seo-wordpress\/ -->\n<title>About us &#187; Mirola<\/title>\n<meta name=\"description\" content=\"About us &#187; Mirola rolety zewn\u0119trzne, \u017caluzje fasadowe, pergole, bramy gara\u017cowe, moskitiery, rolety MScreen, rolety zewn\u0119trzne, \u017caluzje fasadowe, pergole tarasowe, bramy gara\u017cowe automatyczne, moskitiery okienne, nowoczesne os\u0142ony, os\u0142ony przeciws\u0142oneczne, ochrona przed owadami, kontrola \u015bwiat\u0142a, os\u0142ony okienne na wymiar, \u015bl\u0105skie, Ma\u0142opolska, Opolskie, Dolny \u015al\u0105sk, Polska, Orzesze\" \/>\n<meta name=\"robots\" content=\"index, follow, max-snippet:-1, max-image-preview:large, max-video-preview:-1\" \/>\n<link rel=\"canonical\" href=\"https:\/\/mirola.pl\/en\/about-us\/\" \/>\n<meta property=\"og:locale\" content=\"en_US\" \/>\n<meta property=\"og:type\" content=\"article\" \/>\n<meta property=\"og:title\" content=\"About us &#187; Mirola\" \/>\n<meta property=\"og:description\" content=\"About us &#187; Mirola rolety zewn\u0119trzne, \u017caluzje fasadowe, pergole, bramy gara\u017cowe, moskitiery, rolety MScreen, rolety zewn\u0119trzne, \u017caluzje fasadowe, pergole tarasowe, bramy gara\u017cowe automatyczne, moskitiery okienne, nowoczesne os\u0142ony, os\u0142ony przeciws\u0142oneczne, ochrona przed owadami, kontrola \u015bwiat\u0142a, os\u0142ony okienne na wymiar, \u015bl\u0105skie, Ma\u0142opolska, Opolskie, Dolny \u015al\u0105sk, Polska, Orzesze\" \/>\n<meta property=\"og:url\" content=\"https:\/\/mirola.pl\/en\/about-us\/\" \/>\n<meta property=\"og:site_name\" content=\"Mirola\" \/>\n<meta property=\"article:publisher\" content=\"https:\/\/www.facebook.com\/MIROLApl\" \/>\n<meta property=\"article:modified_time\" content=\"2022-12-23T09:51:44+00:00\" \/>\n<meta property=\"og:image\" content=\"https:\/\/mirola.pl\/wp-content\/uploads\/2024\/09\/MIROLA-OG-IMAGE-OGOLNY-v2.jpeg\" \/>\n\t<meta property=\"og:image:width\" content=\"1920\" \/>\n\t<meta property=\"og:image:height\" content=\"1006\" \/>\n\t<meta property=\"og:image:type\" content=\"image\/jpeg\" \/>\n<meta name=\"twitter:card\" content=\"summary_large_image\" \/>\n<script type=\"application\/ld+json\" class=\"yoast-schema-graph\">{\"@context\":\"https:\\\/\\\/schema.org\",\"@graph\":[{\"@type\":\"WebPage\",\"@id\":\"https:\\\/\\\/mirola.pl\\\/en\\\/about-us\\\/\",\"url\":\"https:\\\/\\\/mirola.pl\\\/en\\\/about-us\\\/\",\"name\":\"About us &#187; Mirola\",\"isPartOf\":{\"@id\":\"https:\\\/\\\/mirola.pl\\\/en\\\/#website\"},\"datePublished\":\"2020-12-18T21:34:38+00:00\",\"dateModified\":\"2022-12-23T09:51:44+00:00\",\"description\":\"About us &#187; Mirola rolety zewn\u0119trzne, \u017caluzje fasadowe, pergole, bramy gara\u017cowe, moskitiery, rolety MScreen, rolety zewn\u0119trzne, \u017caluzje fasadowe, pergole tarasowe, bramy gara\u017cowe automatyczne, moskitiery okienne, nowoczesne os\u0142ony, os\u0142ony przeciws\u0142oneczne, ochrona przed owadami, kontrola \u015bwiat\u0142a, os\u0142ony okienne na wymiar, \u015bl\u0105skie, Ma\u0142opolska, Opolskie, Dolny \u015al\u0105sk, Polska, Orzesze\",\"breadcrumb\":{\"@id\":\"https:\\\/\\\/mirola.pl\\\/en\\\/about-us\\\/#breadcrumb\"},\"inLanguage\":\"en-US\",\"potentialAction\":[{\"@type\":\"ReadAction\",\"target\":[\"https:\\\/\\\/mirola.pl\\\/en\\\/about-us\\\/\"]}]},{\"@type\":\"BreadcrumbList\",\"@id\":\"https:\\\/\\\/mirola.pl\\\/en\\\/about-us\\\/#breadcrumb\",\"itemListElement\":[{\"@type\":\"ListItem\",\"position\":1,\"name\":\"Strona g\u0142\u00f3wna\",\"item\":\"https:\\\/\\\/mirola.pl\\\/en\\\/\"},{\"@type\":\"ListItem\",\"position\":2,\"name\":\"About us\"}]},{\"@type\":\"WebSite\",\"@id\":\"https:\\\/\\\/mirola.pl\\\/en\\\/#website\",\"url\":\"https:\\\/\\\/mirola.pl\\\/en\\\/\",\"name\":\"Mirola - Rolety, \u017baluzje, Bramy Gara\u017cowe\",\"description\":\"Miejsce dobrych jako\u015bciowo produkt\u00f3w system\u00f3w os\u0142onowych, pergol i bram gara\u017cowych\",\"publisher\":{\"@id\":\"https:\\\/\\\/mirola.pl\\\/en\\\/#organization\"},\"alternateName\":\"Mirola - Specjali\u015bci od Rolet Zewn\u0119trznych, \u017baluzji Fasadowych, Bram Gara\u017cowych, Pergoli i Moskitiery\",\"potentialAction\":[{\"@type\":\"SearchAction\",\"target\":{\"@type\":\"EntryPoint\",\"urlTemplate\":\"https:\\\/\\\/mirola.pl\\\/en\\\/?s={search_term_string}\"},\"query-input\":{\"@type\":\"PropertyValueSpecification\",\"valueRequired\":true,\"valueName\":\"search_term_string\"}}],\"inLanguage\":\"en-US\"},{\"@type\":\"Organization\",\"@id\":\"https:\\\/\\\/mirola.pl\\\/en\\\/#organization\",\"name\":\"Mirola - ekspert w dziedzinie os\u0142on okiennych, bram gara\u017cowych i pergoli\",\"url\":\"https:\\\/\\\/mirola.pl\\\/en\\\/\",\"logo\":{\"@type\":\"ImageObject\",\"inLanguage\":\"en-US\",\"@id\":\"https:\\\/\\\/mirola.pl\\\/en\\\/#\\\/schema\\\/logo\\\/image\\\/\",\"url\":\"https:\\\/\\\/mirola.pl\\\/wp-content\\\/uploads\\\/2021\\\/11\\\/logo_mirola_krzywe.svg\",\"contentUrl\":\"https:\\\/\\\/mirola.pl\\\/wp-content\\\/uploads\\\/2021\\\/11\\\/logo_mirola_krzywe.svg\",\"width\":356,\"height\":80,\"caption\":\"Mirola - ekspert w dziedzinie os\u0142on okiennych, bram gara\u017cowych i pergoli\"},\"image\":{\"@id\":\"https:\\\/\\\/mirola.pl\\\/en\\\/#\\\/schema\\\/logo\\\/image\\\/\"},\"sameAs\":[\"https:\\\/\\\/www.facebook.com\\\/MIROLApl\"]}]}<\/script>\n<!-- \/ Yoast SEO plugin. -->","yoast_head_json":{"title":"About us &#187; Mirola","description":"About us &#187; Mirola rolety zewn\u0119trzne, \u017caluzje fasadowe, pergole, bramy gara\u017cowe, moskitiery, rolety MScreen, rolety zewn\u0119trzne, \u017caluzje fasadowe, pergole tarasowe, bramy gara\u017cowe automatyczne, moskitiery okienne, nowoczesne os\u0142ony, os\u0142ony przeciws\u0142oneczne, ochrona przed owadami, kontrola \u015bwiat\u0142a, os\u0142ony okienne na wymiar, \u015bl\u0105skie, Ma\u0142opolska, Opolskie, Dolny \u015al\u0105sk, Polska, Orzesze","robots":{"index":"index","follow":"follow","max-snippet":"max-snippet:-1","max-image-preview":"max-image-preview:large","max-video-preview":"max-video-preview:-1"},"canonical":"https:\/\/mirola.pl\/en\/about-us\/","og_locale":"en_US","og_type":"article","og_title":"About us &#187; Mirola","og_description":"About us &#187; Mirola rolety zewn\u0119trzne, \u017caluzje fasadowe, pergole, bramy gara\u017cowe, moskitiery, rolety MScreen, rolety zewn\u0119trzne, \u017caluzje fasadowe, pergole tarasowe, bramy gara\u017cowe automatyczne, moskitiery okienne, nowoczesne os\u0142ony, os\u0142ony przeciws\u0142oneczne, ochrona przed owadami, kontrola \u015bwiat\u0142a, os\u0142ony okienne na wymiar, \u015bl\u0105skie, Ma\u0142opolska, Opolskie, Dolny \u015al\u0105sk, Polska, Orzesze","og_url":"https:\/\/mirola.pl\/en\/about-us\/","og_site_name":"Mirola","article_publisher":"https:\/\/www.facebook.com\/MIROLApl","article_modified_time":"2022-12-23T09:51:44+00:00","og_image":[{"width":1920,"height":1006,"url":"https:\/\/mirola.pl\/wp-content\/uploads\/2024\/09\/MIROLA-OG-IMAGE-OGOLNY-v2.jpeg","type":"image\/jpeg"}],"twitter_card":"summary_large_image","schema":{"@context":"https:\/\/schema.org","@graph":[{"@type":"WebPage","@id":"https:\/\/mirola.pl\/en\/about-us\/","url":"https:\/\/mirola.pl\/en\/about-us\/","name":"About us &#187; Mirola","isPartOf":{"@id":"https:\/\/mirola.pl\/en\/#website"},"datePublished":"2020-12-18T21:34:38+00:00","dateModified":"2022-12-23T09:51:44+00:00","description":"About us &#187; Mirola rolety zewn\u0119trzne, \u017caluzje fasadowe, pergole, bramy gara\u017cowe, moskitiery, rolety MScreen, rolety zewn\u0119trzne, \u017caluzje fasadowe, pergole tarasowe, bramy gara\u017cowe automatyczne, moskitiery okienne, nowoczesne os\u0142ony, os\u0142ony przeciws\u0142oneczne, ochrona przed owadami, kontrola \u015bwiat\u0142a, os\u0142ony okienne na wymiar, \u015bl\u0105skie, Ma\u0142opolska, Opolskie, Dolny \u015al\u0105sk, Polska, Orzesze","breadcrumb":{"@id":"https:\/\/mirola.pl\/en\/about-us\/#breadcrumb"},"inLanguage":"en-US","potentialAction":[{"@type":"ReadAction","target":["https:\/\/mirola.pl\/en\/about-us\/"]}]},{"@type":"BreadcrumbList","@id":"https:\/\/mirola.pl\/en\/about-us\/#breadcrumb","itemListElement":[{"@type":"ListItem","position":1,"name":"Strona g\u0142\u00f3wna","item":"https:\/\/mirola.pl\/en\/"},{"@type":"ListItem","position":2,"name":"About us"}]},{"@type":"WebSite","@id":"https:\/\/mirola.pl\/en\/#website","url":"https:\/\/mirola.pl\/en\/","name":"Mirola - Rolety, \u017baluzje, Bramy Gara\u017cowe","description":"Miejsce dobrych jako\u015bciowo produkt\u00f3w system\u00f3w os\u0142onowych, pergol i bram gara\u017cowych","publisher":{"@id":"https:\/\/mirola.pl\/en\/#organization"},"alternateName":"Mirola - Specjali\u015bci od Rolet Zewn\u0119trznych, \u017baluzji Fasadowych, Bram Gara\u017cowych, Pergoli i Moskitiery","potentialAction":[{"@type":"SearchAction","target":{"@type":"EntryPoint","urlTemplate":"https:\/\/mirola.pl\/en\/?s={search_term_string}"},"query-input":{"@type":"PropertyValueSpecification","valueRequired":true,"valueName":"search_term_string"}}],"inLanguage":"en-US"},{"@type":"Organization","@id":"https:\/\/mirola.pl\/en\/#organization","name":"Mirola - ekspert w dziedzinie os\u0142on okiennych, bram gara\u017cowych i pergoli","url":"https:\/\/mirola.pl\/en\/","logo":{"@type":"ImageObject","inLanguage":"en-US","@id":"https:\/\/mirola.pl\/en\/#\/schema\/logo\/image\/","url":"https:\/\/mirola.pl\/wp-content\/uploads\/2021\/11\/logo_mirola_krzywe.svg","contentUrl":"https:\/\/mirola.pl\/wp-content\/uploads\/2021\/11\/logo_mirola_krzywe.svg","width":356,"height":80,"caption":"Mirola - ekspert w dziedzinie os\u0142on okiennych, bram gara\u017cowych i pergoli"},"image":{"@id":"https:\/\/mirola.pl\/en\/#\/schema\/logo\/image\/"},"sameAs":["https:\/\/www.facebook.com\/MIROLApl"]}]}},"_links":{"self":[{"href":"https:\/\/mirola.pl\/en\/wp-json\/wp\/v2\/pages\/4647","targetHints":{"allow":["GET"]}}],"collection":[{"href":"https:\/\/mirola.pl\/en\/wp-json\/wp\/v2\/pages"}],"about":[{"href":"https:\/\/mirola.pl\/en\/wp-json\/wp\/v2\/types\/page"}],"author":[{"embeddable":true,"href":"https:\/\/mirola.pl\/en\/wp-json\/wp\/v2\/users\/1"}],"replies":[{"embeddable":true,"href":"https:\/\/mirola.pl\/en\/wp-json\/wp\/v2\/comments?post=4647"}],"version-history":[{"count":1,"href":"https:\/\/mirola.pl\/en\/wp-json\/wp\/v2\/pages\/4647\/revisions"}],"predecessor-version":[{"id":4651,"href":"https:\/\/mirola.pl\/en\/wp-json\/wp\/v2\/pages\/4647\/revisions\/4651"}],"wp:attachment":[{"href":"https:\/\/mirola.pl\/en\/wp-json\/wp\/v2\/media?parent=4647"}],"curies":[{"name":"wp","href":"https:\/\/api.w.org\/{rel}","templated":true}]}}