{"id":4644,"date":"2020-12-18T22:37:40","date_gmt":"2020-12-18T21:37:40","guid":{"rendered":"https:\/\/mirola.pl\/espace-partenaire\/"},"modified":"2023-01-25T12:22:37","modified_gmt":"2023-01-25T11:22:37","slug":"espace-partenaire","status":"publish","type":"page","link":"https:\/\/mirola.pl\/fr\/espace-partenaire\/","title":{"rendered":"Espace partenaire"},"content":{"rendered":"\n<section id=\"two-column-content-block_d73559bc306f4d05f54c5c24dde21b74\" class=\"two-column-content-block size-32 4|8-layout\">\n    <div class=\"container\">\n        <div class=\"row\">\n            <div class=\"col-lg-4 col-md-6 col-12\">\n                <p><strong>Utilisez notre programme&nbsp;!<\/strong><br \/>\nLe programme Panel Mirola est notre propre instrument qui permettra d&rsquo;am\u00e9liorer le service offert \u00e0 vos clients, qu&rsquo;ils soient polonais ou \u00e9trangers. Il permet de pr\u00e9parer rapidement une offre compl\u00e8te (en plusieurs langues) et, une fois accept\u00e9e, de la transformer en un ordre de production \u00e0 Mirola en quelques secondes.<\/p>\n<p><a target=\"_self\" class=\"more-button yellow-button\" href=\"https:\/\/mirola.pl\/pliki\/app\/setup.exe\" data-title=\"_t\u00e9l\u00e9chargez Le Programme Mirola Panel\"><span class=\"arrow\"><\/span><span class=\"text\">_t\u00e9l\u00e9chargez le programme Mirola Panel<\/span><\/a><div class=\"spacer\" style=\"height:1px;\"><\/div><\/p>\n<p><a target=\"_self\" class=\"more-button yellow-button\" href=\"https:\/\/mirola.pl\/pliki\/PanelNew\/Aktualizator\/lang\/Aktualizator_fr.exe\" data-title=\"_t\u00e9l\u00e9chargez Le Programme Partner Panel\"><span class=\"arrow\"><\/span><span class=\"text\">_t\u00e9l\u00e9chargez le programme Partner Panel<\/span><\/a><div class=\"spacer\" style=\"height:1px;\"><\/div><\/p>\n<p><strong>Bienvenue dans l&rsquo;espace partenaire.<\/strong><\/p>\n<p>Vous trouverez ici des instructions d&rsquo;utilisation, des instructions d&rsquo;installation et des dessins techniques indiquant les dimensions des cassettes et les m\u00e9thodes d&rsquo;installation.<\/p>\n<p>\n        <form id=\"login\" class=\"loginform\" action=\"login\" method=\"post\">\n            <p class=\"status\"><\/p>\n            <p>\n                <label for=\"username\">Nazwa u\u017cytkownika lub adres e-mail<\/label>\n                <input id=\"username\" type=\"text\" name=\"username\">\n            <\/p>\n            <p>\n                <label for=\"password\">Has\u0142o<\/label>\n                <input id=\"password\" type=\"password\" name=\"password\">\n            <\/p>\n            <input class=\"submit_button\" type=\"submit\" value=\"__allez dans l\u2019espace partenaire\" name=\"submit\">\n            <input type=\"hidden\" id=\"redirect\" name=\"redirect_to\" value=\"https:\/\/mirola.pl\/strefa-partnera\/do-pobrania\/\" \/>\n            <input type=\"hidden\" id=\"security\" name=\"security\" value=\"8248721936\" \/><input type=\"hidden\" name=\"_wp_http_referer\" value=\"\/fr\/wp-json\/wp\/v2\/pages\/4644\" \/>        <\/form>\n\n        <div class=\"spacer\" style=\"height:1px;\"><\/div><\/p>\n            <\/div>\n            <div class=\"col-lg-8 col-md-6 col-12\">\n                <div class=\"content1\">\n<div class=\"inner\" style=\"text-align: center;\">\n<div class=\"spacer\" style=\"height:10px;\"><\/div><p class=\"size-36\"><i class=\"fas fa-phone-alt\" style=\"margin-right: 25px;\"><\/i><b>Vous avez besoin d\u2019aide&nbsp;? Appelez le<\/b> <a target=\"_self\" class=\"more-button white-button\" href=\"tel:+48533325562\" data-title=\"+48 533 325 562\"><span class=\"arrow\"><\/span><span class=\"text\">+48 533 325 562<\/span><\/a><div class=\"spacer\" style=\"height:10px;\"><\/div>\n<\/div>\n<\/div>\n<div  class=\"image\"><a href=\"\/wp-content\/uploads\/2021\/10\/mirola-zaluzje-zewnetrze-wnetrze-01-scaled.jpg\" class=\"fancy-image\"><img decoding=\"async\" class=\"img-fluid lazyload\" data-src=\"\/wp-content\/uploads\/2021\/10\/mirola-zaluzje-zewnetrze-wnetrze-01-scaled.jpg\" alt=\"\" src=\"data:image\/svg+xml;base64,PHN2ZyB3aWR0aD0iMSIgaGVpZ2h0PSIxIiB4bWxucz0iaHR0cDovL3d3dy53My5vcmcvMjAwMC9zdmciPjwvc3ZnPg==\" style=\"--smush-placeholder-width: 2560px; --smush-placeholder-aspect-ratio: 2560\/2560;\" \/><\/a><\/div>\n            <\/div>\n        <\/div>\n    <\/div>\n<\/section>\n","protected":false},"excerpt":{"rendered":"","protected":false},"author":1,"featured_media":0,"parent":0,"menu_order":0,"comment_status":"closed","ping_status":"closed","template":"","meta":{"_acf_changed":false,"inline_featured_image":false,"_joinchat":[],"footnotes":""},"class_list":["post-4644","page","type-page","status-publish","hentry"],"acf":[],"yoast_head":"<!-- This site is optimized with the Yoast SEO plugin v27.3 - https:\/\/yoast.com\/product\/yoast-seo-wordpress\/ -->\n<title>Espace partenaire &#187; Mirola<\/title>\n<meta name=\"description\" content=\"Espace partenaire &#187; Mirola rolety zewn\u0119trzne, \u017caluzje fasadowe, pergole, bramy gara\u017cowe, moskitiery, rolety MScreen, rolety zewn\u0119trzne, \u017caluzje fasadowe, pergole tarasowe, bramy gara\u017cowe automatyczne, moskitiery okienne, nowoczesne os\u0142ony, os\u0142ony przeciws\u0142oneczne, ochrona przed owadami, kontrola \u015bwiat\u0142a, os\u0142ony okienne na wymiar, \u015bl\u0105skie, Ma\u0142opolska, Opolskie, Dolny \u015al\u0105sk, Polska, Orzesze\" \/>\n<meta name=\"robots\" content=\"index, follow, max-snippet:-1, max-image-preview:large, max-video-preview:-1\" \/>\n<link rel=\"canonical\" href=\"https:\/\/mirola.pl\/fr\/espace-partenaire\/\" \/>\n<meta property=\"og:locale\" content=\"fr_FR\" \/>\n<meta property=\"og:type\" content=\"article\" \/>\n<meta property=\"og:title\" content=\"Espace partenaire &#187; Mirola\" \/>\n<meta property=\"og:description\" content=\"Espace partenaire &#187; Mirola rolety zewn\u0119trzne, \u017caluzje fasadowe, pergole, bramy gara\u017cowe, moskitiery, rolety MScreen, rolety zewn\u0119trzne, \u017caluzje fasadowe, pergole tarasowe, bramy gara\u017cowe automatyczne, moskitiery okienne, nowoczesne os\u0142ony, os\u0142ony przeciws\u0142oneczne, ochrona przed owadami, kontrola \u015bwiat\u0142a, os\u0142ony okienne na wymiar, \u015bl\u0105skie, Ma\u0142opolska, Opolskie, Dolny \u015al\u0105sk, Polska, Orzesze\" \/>\n<meta property=\"og:url\" content=\"https:\/\/mirola.pl\/fr\/espace-partenaire\/\" \/>\n<meta property=\"og:site_name\" content=\"Mirola\" \/>\n<meta property=\"article:publisher\" content=\"https:\/\/www.facebook.com\/MIROLApl\" \/>\n<meta property=\"article:modified_time\" content=\"2023-01-25T11:22:37+00:00\" \/>\n<meta property=\"og:image\" content=\"https:\/\/mirola.pl\/wp-content\/uploads\/2024\/09\/MIROLA-OG-IMAGE-OGOLNY-v2.jpeg\" \/>\n\t<meta property=\"og:image:width\" content=\"1920\" \/>\n\t<meta property=\"og:image:height\" content=\"1006\" \/>\n\t<meta property=\"og:image:type\" content=\"image\/jpeg\" \/>\n<meta name=\"twitter:card\" content=\"summary_large_image\" \/>\n<script type=\"application\/ld+json\" class=\"yoast-schema-graph\">{\"@context\":\"https:\\\/\\\/schema.org\",\"@graph\":[{\"@type\":\"WebPage\",\"@id\":\"https:\\\/\\\/mirola.pl\\\/fr\\\/espace-partenaire\\\/\",\"url\":\"https:\\\/\\\/mirola.pl\\\/fr\\\/espace-partenaire\\\/\",\"name\":\"Espace partenaire &#187; Mirola\",\"isPartOf\":{\"@id\":\"https:\\\/\\\/mirola.pl\\\/fr\\\/#website\"},\"datePublished\":\"2020-12-18T21:37:40+00:00\",\"dateModified\":\"2023-01-25T11:22:37+00:00\",\"description\":\"Espace partenaire &#187; Mirola rolety zewn\u0119trzne, \u017caluzje fasadowe, pergole, bramy gara\u017cowe, moskitiery, rolety MScreen, rolety zewn\u0119trzne, \u017caluzje fasadowe, pergole tarasowe, bramy gara\u017cowe automatyczne, moskitiery okienne, nowoczesne os\u0142ony, os\u0142ony przeciws\u0142oneczne, ochrona przed owadami, kontrola \u015bwiat\u0142a, os\u0142ony okienne na wymiar, \u015bl\u0105skie, Ma\u0142opolska, Opolskie, Dolny \u015al\u0105sk, Polska, Orzesze\",\"breadcrumb\":{\"@id\":\"https:\\\/\\\/mirola.pl\\\/fr\\\/espace-partenaire\\\/#breadcrumb\"},\"inLanguage\":\"fr-FR\",\"potentialAction\":[{\"@type\":\"ReadAction\",\"target\":[\"https:\\\/\\\/mirola.pl\\\/fr\\\/espace-partenaire\\\/\"]}]},{\"@type\":\"BreadcrumbList\",\"@id\":\"https:\\\/\\\/mirola.pl\\\/fr\\\/espace-partenaire\\\/#breadcrumb\",\"itemListElement\":[{\"@type\":\"ListItem\",\"position\":1,\"name\":\"Strona g\u0142\u00f3wna\",\"item\":\"https:\\\/\\\/mirola.pl\\\/fr\\\/\"},{\"@type\":\"ListItem\",\"position\":2,\"name\":\"Espace partenaire\"}]},{\"@type\":\"WebSite\",\"@id\":\"https:\\\/\\\/mirola.pl\\\/fr\\\/#website\",\"url\":\"https:\\\/\\\/mirola.pl\\\/fr\\\/\",\"name\":\"Mirola - Rolety, \u017baluzje, Bramy Gara\u017cowe\",\"description\":\"Miejsce dobrych jako\u015bciowo produkt\u00f3w system\u00f3w os\u0142onowych, pergol i bram gara\u017cowych\",\"publisher\":{\"@id\":\"https:\\\/\\\/mirola.pl\\\/fr\\\/#organization\"},\"alternateName\":\"Mirola - Specjali\u015bci od Rolet Zewn\u0119trznych, \u017baluzji Fasadowych, Bram Gara\u017cowych, Pergoli i Moskitiery\",\"potentialAction\":[{\"@type\":\"SearchAction\",\"target\":{\"@type\":\"EntryPoint\",\"urlTemplate\":\"https:\\\/\\\/mirola.pl\\\/fr\\\/?s={search_term_string}\"},\"query-input\":{\"@type\":\"PropertyValueSpecification\",\"valueRequired\":true,\"valueName\":\"search_term_string\"}}],\"inLanguage\":\"fr-FR\"},{\"@type\":\"Organization\",\"@id\":\"https:\\\/\\\/mirola.pl\\\/fr\\\/#organization\",\"name\":\"Mirola - ekspert w dziedzinie os\u0142on okiennych, bram gara\u017cowych i pergoli\",\"url\":\"https:\\\/\\\/mirola.pl\\\/fr\\\/\",\"logo\":{\"@type\":\"ImageObject\",\"inLanguage\":\"fr-FR\",\"@id\":\"https:\\\/\\\/mirola.pl\\\/fr\\\/#\\\/schema\\\/logo\\\/image\\\/\",\"url\":\"https:\\\/\\\/mirola.pl\\\/wp-content\\\/uploads\\\/2021\\\/11\\\/logo_mirola_krzywe.svg\",\"contentUrl\":\"https:\\\/\\\/mirola.pl\\\/wp-content\\\/uploads\\\/2021\\\/11\\\/logo_mirola_krzywe.svg\",\"width\":356,\"height\":80,\"caption\":\"Mirola - ekspert w dziedzinie os\u0142on okiennych, bram gara\u017cowych i pergoli\"},\"image\":{\"@id\":\"https:\\\/\\\/mirola.pl\\\/fr\\\/#\\\/schema\\\/logo\\\/image\\\/\"},\"sameAs\":[\"https:\\\/\\\/www.facebook.com\\\/MIROLApl\"]}]}<\/script>\n<!-- \/ Yoast SEO plugin. -->","yoast_head_json":{"title":"Espace partenaire &#187; Mirola","description":"Espace partenaire &#187; Mirola rolety zewn\u0119trzne, \u017caluzje fasadowe, pergole, bramy gara\u017cowe, moskitiery, rolety MScreen, rolety zewn\u0119trzne, \u017caluzje fasadowe, pergole tarasowe, bramy gara\u017cowe automatyczne, moskitiery okienne, nowoczesne os\u0142ony, os\u0142ony przeciws\u0142oneczne, ochrona przed owadami, kontrola \u015bwiat\u0142a, os\u0142ony okienne na wymiar, \u015bl\u0105skie, Ma\u0142opolska, Opolskie, Dolny \u015al\u0105sk, Polska, Orzesze","robots":{"index":"index","follow":"follow","max-snippet":"max-snippet:-1","max-image-preview":"max-image-preview:large","max-video-preview":"max-video-preview:-1"},"canonical":"https:\/\/mirola.pl\/fr\/espace-partenaire\/","og_locale":"fr_FR","og_type":"article","og_title":"Espace partenaire &#187; Mirola","og_description":"Espace partenaire &#187; Mirola rolety zewn\u0119trzne, \u017caluzje fasadowe, pergole, bramy gara\u017cowe, moskitiery, rolety MScreen, rolety zewn\u0119trzne, \u017caluzje fasadowe, pergole tarasowe, bramy gara\u017cowe automatyczne, moskitiery okienne, nowoczesne os\u0142ony, os\u0142ony przeciws\u0142oneczne, ochrona przed owadami, kontrola \u015bwiat\u0142a, os\u0142ony okienne na wymiar, \u015bl\u0105skie, Ma\u0142opolska, Opolskie, Dolny \u015al\u0105sk, Polska, Orzesze","og_url":"https:\/\/mirola.pl\/fr\/espace-partenaire\/","og_site_name":"Mirola","article_publisher":"https:\/\/www.facebook.com\/MIROLApl","article_modified_time":"2023-01-25T11:22:37+00:00","og_image":[{"width":1920,"height":1006,"url":"https:\/\/mirola.pl\/wp-content\/uploads\/2024\/09\/MIROLA-OG-IMAGE-OGOLNY-v2.jpeg","type":"image\/jpeg"}],"twitter_card":"summary_large_image","schema":{"@context":"https:\/\/schema.org","@graph":[{"@type":"WebPage","@id":"https:\/\/mirola.pl\/fr\/espace-partenaire\/","url":"https:\/\/mirola.pl\/fr\/espace-partenaire\/","name":"Espace partenaire &#187; Mirola","isPartOf":{"@id":"https:\/\/mirola.pl\/fr\/#website"},"datePublished":"2020-12-18T21:37:40+00:00","dateModified":"2023-01-25T11:22:37+00:00","description":"Espace partenaire &#187; Mirola rolety zewn\u0119trzne, \u017caluzje fasadowe, pergole, bramy gara\u017cowe, moskitiery, rolety MScreen, rolety zewn\u0119trzne, \u017caluzje fasadowe, pergole tarasowe, bramy gara\u017cowe automatyczne, moskitiery okienne, nowoczesne os\u0142ony, os\u0142ony przeciws\u0142oneczne, ochrona przed owadami, kontrola \u015bwiat\u0142a, os\u0142ony okienne na wymiar, \u015bl\u0105skie, Ma\u0142opolska, Opolskie, Dolny \u015al\u0105sk, Polska, Orzesze","breadcrumb":{"@id":"https:\/\/mirola.pl\/fr\/espace-partenaire\/#breadcrumb"},"inLanguage":"fr-FR","potentialAction":[{"@type":"ReadAction","target":["https:\/\/mirola.pl\/fr\/espace-partenaire\/"]}]},{"@type":"BreadcrumbList","@id":"https:\/\/mirola.pl\/fr\/espace-partenaire\/#breadcrumb","itemListElement":[{"@type":"ListItem","position":1,"name":"Strona g\u0142\u00f3wna","item":"https:\/\/mirola.pl\/fr\/"},{"@type":"ListItem","position":2,"name":"Espace partenaire"}]},{"@type":"WebSite","@id":"https:\/\/mirola.pl\/fr\/#website","url":"https:\/\/mirola.pl\/fr\/","name":"Mirola - Rolety, \u017baluzje, Bramy Gara\u017cowe","description":"Miejsce dobrych jako\u015bciowo produkt\u00f3w system\u00f3w os\u0142onowych, pergol i bram gara\u017cowych","publisher":{"@id":"https:\/\/mirola.pl\/fr\/#organization"},"alternateName":"Mirola - Specjali\u015bci od Rolet Zewn\u0119trznych, \u017baluzji Fasadowych, Bram Gara\u017cowych, Pergoli i Moskitiery","potentialAction":[{"@type":"SearchAction","target":{"@type":"EntryPoint","urlTemplate":"https:\/\/mirola.pl\/fr\/?s={search_term_string}"},"query-input":{"@type":"PropertyValueSpecification","valueRequired":true,"valueName":"search_term_string"}}],"inLanguage":"fr-FR"},{"@type":"Organization","@id":"https:\/\/mirola.pl\/fr\/#organization","name":"Mirola - ekspert w dziedzinie os\u0142on okiennych, bram gara\u017cowych i pergoli","url":"https:\/\/mirola.pl\/fr\/","logo":{"@type":"ImageObject","inLanguage":"fr-FR","@id":"https:\/\/mirola.pl\/fr\/#\/schema\/logo\/image\/","url":"https:\/\/mirola.pl\/wp-content\/uploads\/2021\/11\/logo_mirola_krzywe.svg","contentUrl":"https:\/\/mirola.pl\/wp-content\/uploads\/2021\/11\/logo_mirola_krzywe.svg","width":356,"height":80,"caption":"Mirola - ekspert w dziedzinie os\u0142on okiennych, bram gara\u017cowych i pergoli"},"image":{"@id":"https:\/\/mirola.pl\/fr\/#\/schema\/logo\/image\/"},"sameAs":["https:\/\/www.facebook.com\/MIROLApl"]}]}},"_links":{"self":[{"href":"https:\/\/mirola.pl\/fr\/wp-json\/wp\/v2\/pages\/4644","targetHints":{"allow":["GET"]}}],"collection":[{"href":"https:\/\/mirola.pl\/fr\/wp-json\/wp\/v2\/pages"}],"about":[{"href":"https:\/\/mirola.pl\/fr\/wp-json\/wp\/v2\/types\/page"}],"author":[{"embeddable":true,"href":"https:\/\/mirola.pl\/fr\/wp-json\/wp\/v2\/users\/1"}],"replies":[{"embeddable":true,"href":"https:\/\/mirola.pl\/fr\/wp-json\/wp\/v2\/comments?post=4644"}],"version-history":[{"count":17,"href":"https:\/\/mirola.pl\/fr\/wp-json\/wp\/v2\/pages\/4644\/revisions"}],"predecessor-version":[{"id":5556,"href":"https:\/\/mirola.pl\/fr\/wp-json\/wp\/v2\/pages\/4644\/revisions\/5556"}],"wp:attachment":[{"href":"https:\/\/mirola.pl\/fr\/wp-json\/wp\/v2\/media?parent=4644"}],"curies":[{"name":"wp","href":"https:\/\/api.w.org\/{rel}","templated":true}]}}