{"id":4660,"date":"2020-12-18T22:34:38","date_gmt":"2020-12-18T21:34:38","guid":{"rendered":"https:\/\/mirola.pl\/a-propos-de-nous\/"},"modified":"2022-12-23T10:51:44","modified_gmt":"2022-12-23T09:51:44","slug":"a-propos-de-nous","status":"publish","type":"page","link":"https:\/\/mirola.pl\/fr\/a-propos-de-nous\/","title":{"rendered":"A propos de nous"},"content":{"rendered":"\n<section id=\"full-content-block_61ccc14d23672\" class=\"full-content-block size-36 style1\">\n    <div class=\"container\">\n        <div class=\"outer\">\n            <div class=\"inner\">\n                <div class=\"row\">\n                    <div class=\"col-md-12\">\n                        <p>Nous sommes experts dans la fabrication de portes de garage et de protections pour fen\u00eatres avec pr\u00e8s de 30 ans d&rsquo;exp\u00e9rience sur le march\u00e9.<br \/>\nNotre objectif est de fournir des produits et des services qui r\u00e9pondent aux attentes les plus \u00e9lev\u00e9es de nos clients en termes de qualit\u00e9, de s\u00e9curit\u00e9, de conception et d&rsquo;innovation. Les relations que nous \u00e9tablissons avec le march\u00e9 et nos clients sont syst\u00e9matiquement fond\u00e9es sur le partenariat, l&rsquo;engagement et la confiance mutuelle.<\/p>\n                    <\/div>\n                <\/div>\n            <\/div>\n        <\/div>\n    <\/div>\n<\/section>\n\n<section id=\"info-boxes-block_61ccc429066a6\" class=\"info-boxes-block\">\n    <div class=\"container\">\n        <div class=\"info-boxes\">\n                            \n                <div class=\"info-box\">\n                    <div class=\"box-info\">\n                        <div class=\"box-image\">\n                            <img decoding=\"async\" data-src=\"https:\/\/mirola.pl\/wp-content\/uploads\/2022\/01\/Infografika_ikony_Mirola-e1643726572186.png\" alt=\"\" class=\"img-fluid lazyload\" src=\"data:image\/svg+xml;base64,PHN2ZyB3aWR0aD0iMSIgaGVpZ2h0PSIxIiB4bWxucz0iaHR0cDovL3d3dy53My5vcmcvMjAwMC9zdmciPjwvc3ZnPg==\" style=\"--smush-placeholder-width: 345px; --smush-placeholder-aspect-ratio: 345\/279;\" \/>\n                        <\/div>\n                        <div class=\"box-title\">\n                            <span>_30 ans <\/span>\n                        <\/div>\n                    <\/div>\n                    <div class=\"box-content\">\n                        <div class=\"top\"><\/div>\n                        <p>notre exp\u00e9rience en mati\u00e8re de syst\u00e8mes de protection s&rsquo;est forg\u00e9e depuis 1991 <\/p>\n                        <div class=\"bottom\"><\/div>\n                    <\/div>\n                <\/div>\n                            \n                <div class=\"info-box\">\n                    <div class=\"box-info\">\n                        <div class=\"box-image\">\n                            <img decoding=\"async\" data-src=\"https:\/\/mirola.pl\/wp-content\/uploads\/2022\/01\/Infografika_ikony_Mirola4-e1643726926559.png\" alt=\"\" class=\"img-fluid lazyload\" src=\"data:image\/svg+xml;base64,PHN2ZyB3aWR0aD0iMSIgaGVpZ2h0PSIxIiB4bWxucz0iaHR0cDovL3d3dy53My5vcmcvMjAwMC9zdmciPjwvc3ZnPg==\" style=\"--smush-placeholder-width: 675px; --smush-placeholder-aspect-ratio: 675\/301;\" \/>\n                        <\/div>\n                        <div class=\"box-title\">\n                            <span>_1 000 000<\/span>\n                        <\/div>\n                    <\/div>\n                    <div class=\"box-content\">\n                        <div class=\"top\"><\/div>\n                        <p>nous avons d\u00e9j\u00e0 livr\u00e9 plus de 1 000 000 de produits sur mesure \u00e0 nos clients <\/p>\n                        <div class=\"bottom\"><\/div>\n                    <\/div>\n                <\/div>\n                            \n                <div class=\"info-box\">\n                    <div class=\"box-info\">\n                        <div class=\"box-image\">\n                            <img decoding=\"async\" data-src=\"https:\/\/mirola.pl\/wp-content\/uploads\/2022\/01\/Infografika_ikony_Mirola3-e1643726964776.png\" alt=\"\" class=\"img-fluid lazyload\" src=\"data:image\/svg+xml;base64,PHN2ZyB3aWR0aD0iMSIgaGVpZ2h0PSIxIiB4bWxucz0iaHR0cDovL3d3dy53My5vcmcvMjAwMC9zdmciPjwvc3ZnPg==\" style=\"--smush-placeholder-width: 438px; --smush-placeholder-aspect-ratio: 438\/281;\" \/>\n                        <\/div>\n                        <div class=\"box-title\">\n                            <span>_100 000<\/span>\n                        <\/div>\n                    <\/div>\n                    <div class=\"box-content\">\n                        <div class=\"top\"><\/div>\n                        <p>Nos produits sont pr\u00e9sents dans 100 000 b\u00e2timents en Pologne et en Europe de l\u2019Ouest<\/p>\n                        <div class=\"bottom\"><\/div>\n                    <\/div>\n                <\/div>\n                            \n                <div class=\"info-box\">\n                    <div class=\"box-info\">\n                        <div class=\"box-image\">\n                            <img decoding=\"async\" data-src=\"https:\/\/mirola.pl\/wp-content\/uploads\/2022\/01\/Infografika_ikony_Mirola5-e1643726821157.png\" alt=\"\" class=\"img-fluid lazyload\" src=\"data:image\/svg+xml;base64,PHN2ZyB3aWR0aD0iMSIgaGVpZ2h0PSIxIiB4bWxucz0iaHR0cDovL3d3dy53My5vcmcvMjAwMC9zdmciPjwvc3ZnPg==\" style=\"--smush-placeholder-width: 264px; --smush-placeholder-aspect-ratio: 264\/315;\" \/>\n                        <\/div>\n                        <div class=\"box-title\">\n                            <span>_3 000<\/span>\n                        <\/div>\n                    <\/div>\n                    <div class=\"box-content\">\n                        <div class=\"top\"><\/div>\n                        <p>nous avons r\u00e9alis\u00e9 3 000 projets atypiques et complexes<\/p>\n                        <div class=\"bottom\"><\/div>\n                    <\/div>\n                <\/div>\n                            \n                <div class=\"info-box\">\n                    <div class=\"box-info\">\n                        <div class=\"box-image\">\n                            <img decoding=\"async\" data-src=\"https:\/\/mirola.pl\/wp-content\/uploads\/2022\/01\/Infografika_ikony_Mirola7-e1643726690131.png\" alt=\"\" class=\"img-fluid lazyload\" src=\"data:image\/svg+xml;base64,PHN2ZyB3aWR0aD0iMSIgaGVpZ2h0PSIxIiB4bWxucz0iaHR0cDovL3d3dy53My5vcmcvMjAwMC9zdmciPjwvc3ZnPg==\" style=\"--smush-placeholder-width: 371px; --smush-placeholder-aspect-ratio: 371\/326;\" \/>\n                        <\/div>\n                        <div class=\"box-title\">\n                            <span>_4 000<\/span>\n                        <\/div>\n                    <\/div>\n                    <div class=\"box-content\">\n                        <div class=\"top\"><\/div>\n                        <p>nos \u00e9quipes r\u00e9alisent 4 000 services d&rsquo;entretien et d&rsquo;installation par an<\/p>\n                        <div class=\"bottom\"><\/div>\n                    <\/div>\n                <\/div>\n                            \n                <div class=\"info-box\">\n                    <div class=\"box-info\">\n                        <div class=\"box-image\">\n                            <img decoding=\"async\" data-src=\"https:\/\/mirola.pl\/wp-content\/uploads\/2022\/01\/Infografika_ikony_Mirola6-e1643726799232.png\" alt=\"\" class=\"img-fluid lazyload\" src=\"data:image\/svg+xml;base64,PHN2ZyB3aWR0aD0iMSIgaGVpZ2h0PSIxIiB4bWxucz0iaHR0cDovL3d3dy53My5vcmcvMjAwMC9zdmciPjwvc3ZnPg==\" style=\"--smush-placeholder-width: 230px; --smush-placeholder-aspect-ratio: 230\/318;\" \/>\n                        <\/div>\n                        <div class=\"box-title\">\n                            <span>_300<\/span>\n                        <\/div>\n                    <\/div>\n                    <div class=\"box-content\">\n                        <div class=\"top\"><\/div>\n                        <p>nos produits sont disponibles dans plus de 300 points de vente dans toute la Pologne<\/p>\n                        <div class=\"bottom\"><\/div>\n                    <\/div>\n                <\/div>\n                            \n                <div class=\"info-box\">\n                    <div class=\"box-info\">\n                        <div class=\"box-image\">\n                            <img decoding=\"async\" data-src=\"https:\/\/mirola.pl\/wp-content\/uploads\/2022\/01\/Infografika_ikony_Mirola10-e1643726982501.png\" alt=\"\" class=\"img-fluid lazyload\" src=\"data:image\/svg+xml;base64,PHN2ZyB3aWR0aD0iMSIgaGVpZ2h0PSIxIiB4bWxucz0iaHR0cDovL3d3dy53My5vcmcvMjAwMC9zdmciPjwvc3ZnPg==\" style=\"--smush-placeholder-width: 276px; --smush-placeholder-aspect-ratio: 276\/278;\" \/>\n                        <\/div>\n                        <div class=\"box-title\">\n                            <span>_offre adapt\u00e9e<\/span>\n                        <\/div>\n                    <\/div>\n                    <div class=\"box-content\">\n                        <div class=\"top\"><\/div>\n                        <p>une gamme compl\u00e8te et adapt\u00e9e aux tendances de protections ext\u00e9rieures et de portes de garage<\/p>\n                        <div class=\"bottom\"><\/div>\n                    <\/div>\n                <\/div>\n                            \n                <div class=\"info-box\">\n                    <div class=\"box-info\">\n                        <div class=\"box-image\">\n                            <img decoding=\"async\" data-src=\"https:\/\/mirola.pl\/wp-content\/uploads\/2022\/01\/Infografika_ikony_Mirola11-e1643726768678.png\" alt=\"\" class=\"img-fluid lazyload\" src=\"data:image\/svg+xml;base64,PHN2ZyB3aWR0aD0iMSIgaGVpZ2h0PSIxIiB4bWxucz0iaHR0cDovL3d3dy53My5vcmcvMjAwMC9zdmciPjwvc3ZnPg==\" style=\"--smush-placeholder-width: 313px; --smush-placeholder-aspect-ratio: 313\/275;\" \/>\n                        <\/div>\n                        <div class=\"box-title\">\n                            <span>_d\u00e9veloppement continu<\/span>\n                        <\/div>\n                    <\/div>\n                    <div class=\"box-content\">\n                        <div class=\"top\"><\/div>\n                        <p>nous relevons de nouveaux d\u00e9fis avec passion et engagement afin que notre organisation se d\u00e9veloppe dans tous les domaines <\/p>\n                        <div class=\"bottom\"><\/div>\n                    <\/div>\n                <\/div>\n                            \n                <div class=\"info-box\">\n                    <div class=\"box-info\">\n                        <div class=\"box-image\">\n                            <img decoding=\"async\" data-src=\"https:\/\/mirola.pl\/wp-content\/uploads\/2022\/01\/Infografika_ikony_Mirola12-e1643726667672.png\" alt=\"\" class=\"img-fluid lazyload\" src=\"data:image\/svg+xml;base64,PHN2ZyB3aWR0aD0iMSIgaGVpZ2h0PSIxIiB4bWxucz0iaHR0cDovL3d3dy53My5vcmcvMjAwMC9zdmciPjwvc3ZnPg==\" style=\"--smush-placeholder-width: 313px; --smush-placeholder-aspect-ratio: 313\/313;\" \/>\n                        <\/div>\n                        <div class=\"box-title\">\n                            <span>_fiabilit\u00e9<\/span>\n                        <\/div>\n                    <\/div>\n                    <div class=\"box-content\">\n                        <div class=\"top\"><\/div>\n                        <p>des crit\u00e8res \u00e9lev\u00e9s de contr\u00f4le<br \/>\nde la qualit\u00e9, qui se traduisent<br \/>\npar la fiabilit\u00e9 de nos<br \/>\nproduits et la confiance de nos<br \/>\nClients<\/p>\n                        <div class=\"bottom\"><\/div>\n                    <\/div>\n                <\/div>\n                            \n                <div class=\"info-box\">\n                    <div class=\"box-info\">\n                        <div class=\"box-image\">\n                            <img decoding=\"async\" data-src=\"https:\/\/mirola.pl\/wp-content\/uploads\/2022\/01\/Infografika_ikony_Mirola13-e1643726637459.png\" alt=\"\" class=\"img-fluid lazyload\" src=\"data:image\/svg+xml;base64,PHN2ZyB3aWR0aD0iMSIgaGVpZ2h0PSIxIiB4bWxucz0iaHR0cDovL3d3dy53My5vcmcvMjAwMC9zdmciPjwvc3ZnPg==\" style=\"--smush-placeholder-width: 341px; --smush-placeholder-aspect-ratio: 341\/309;\" \/>\n                        <\/div>\n                        <div class=\"box-title\">\n                            <span>_\u00e9quipe soud\u00e9e<\/span>\n                        <\/div>\n                    <\/div>\n                    <div class=\"box-content\">\n                        <div class=\"top\"><\/div>\n                        <p>nous sommes une \u00e9quipe de personnes passionn\u00e9es et engag\u00e9es, disposant d\u2019une grande exp\u00e9rience et de connaissances techniques<\/p>\n                        <div class=\"bottom\"><\/div>\n                    <\/div>\n                <\/div>\n                    <\/div>\n    <\/div>\n<\/section>\n","protected":false},"excerpt":{"rendered":"","protected":false},"author":1,"featured_media":0,"parent":0,"menu_order":0,"comment_status":"closed","ping_status":"closed","template":"","meta":{"_acf_changed":false,"inline_featured_image":false,"_joinchat":[],"footnotes":""},"class_list":["post-4660","page","type-page","status-publish","hentry"],"acf":[],"yoast_head":"<!-- This site is optimized with the Yoast SEO plugin v27.3 - https:\/\/yoast.com\/product\/yoast-seo-wordpress\/ -->\n<title>A propos de nous &#187; Mirola<\/title>\n<meta name=\"description\" content=\"A propos de nous &#187; Mirola rolety zewn\u0119trzne, \u017caluzje fasadowe, pergole, bramy gara\u017cowe, moskitiery, rolety MScreen, rolety zewn\u0119trzne, \u017caluzje fasadowe, pergole tarasowe, bramy gara\u017cowe automatyczne, moskitiery okienne, nowoczesne os\u0142ony, os\u0142ony przeciws\u0142oneczne, ochrona przed owadami, kontrola \u015bwiat\u0142a, os\u0142ony okienne na wymiar, \u015bl\u0105skie, Ma\u0142opolska, Opolskie, Dolny \u015al\u0105sk, Polska, Orzesze\" \/>\n<meta name=\"robots\" content=\"index, follow, max-snippet:-1, max-image-preview:large, max-video-preview:-1\" \/>\n<link rel=\"canonical\" href=\"https:\/\/mirola.pl\/fr\/a-propos-de-nous\/\" \/>\n<meta property=\"og:locale\" content=\"fr_FR\" \/>\n<meta property=\"og:type\" content=\"article\" \/>\n<meta property=\"og:title\" content=\"A propos de nous &#187; Mirola\" \/>\n<meta property=\"og:description\" content=\"A propos de nous &#187; Mirola rolety zewn\u0119trzne, \u017caluzje fasadowe, pergole, bramy gara\u017cowe, moskitiery, rolety MScreen, rolety zewn\u0119trzne, \u017caluzje fasadowe, pergole tarasowe, bramy gara\u017cowe automatyczne, moskitiery okienne, nowoczesne os\u0142ony, os\u0142ony przeciws\u0142oneczne, ochrona przed owadami, kontrola \u015bwiat\u0142a, os\u0142ony okienne na wymiar, \u015bl\u0105skie, Ma\u0142opolska, Opolskie, Dolny \u015al\u0105sk, Polska, Orzesze\" \/>\n<meta property=\"og:url\" content=\"https:\/\/mirola.pl\/fr\/a-propos-de-nous\/\" \/>\n<meta property=\"og:site_name\" content=\"Mirola\" \/>\n<meta property=\"article:publisher\" content=\"https:\/\/www.facebook.com\/MIROLApl\" \/>\n<meta property=\"article:modified_time\" content=\"2022-12-23T09:51:44+00:00\" \/>\n<meta property=\"og:image\" content=\"https:\/\/mirola.pl\/wp-content\/uploads\/2024\/09\/MIROLA-OG-IMAGE-OGOLNY-v2.jpeg\" \/>\n\t<meta property=\"og:image:width\" content=\"1920\" \/>\n\t<meta property=\"og:image:height\" content=\"1006\" \/>\n\t<meta property=\"og:image:type\" content=\"image\/jpeg\" \/>\n<meta name=\"twitter:card\" content=\"summary_large_image\" \/>\n<script type=\"application\/ld+json\" class=\"yoast-schema-graph\">{\"@context\":\"https:\\\/\\\/schema.org\",\"@graph\":[{\"@type\":\"WebPage\",\"@id\":\"https:\\\/\\\/mirola.pl\\\/fr\\\/a-propos-de-nous\\\/\",\"url\":\"https:\\\/\\\/mirola.pl\\\/fr\\\/a-propos-de-nous\\\/\",\"name\":\"A propos de nous &#187; Mirola\",\"isPartOf\":{\"@id\":\"https:\\\/\\\/mirola.pl\\\/fr\\\/#website\"},\"datePublished\":\"2020-12-18T21:34:38+00:00\",\"dateModified\":\"2022-12-23T09:51:44+00:00\",\"description\":\"A propos de nous &#187; Mirola rolety zewn\u0119trzne, \u017caluzje fasadowe, pergole, bramy gara\u017cowe, moskitiery, rolety MScreen, rolety zewn\u0119trzne, \u017caluzje fasadowe, pergole tarasowe, bramy gara\u017cowe automatyczne, moskitiery okienne, nowoczesne os\u0142ony, os\u0142ony przeciws\u0142oneczne, ochrona przed owadami, kontrola \u015bwiat\u0142a, os\u0142ony okienne na wymiar, \u015bl\u0105skie, Ma\u0142opolska, Opolskie, Dolny \u015al\u0105sk, Polska, Orzesze\",\"breadcrumb\":{\"@id\":\"https:\\\/\\\/mirola.pl\\\/fr\\\/a-propos-de-nous\\\/#breadcrumb\"},\"inLanguage\":\"fr-FR\",\"potentialAction\":[{\"@type\":\"ReadAction\",\"target\":[\"https:\\\/\\\/mirola.pl\\\/fr\\\/a-propos-de-nous\\\/\"]}]},{\"@type\":\"BreadcrumbList\",\"@id\":\"https:\\\/\\\/mirola.pl\\\/fr\\\/a-propos-de-nous\\\/#breadcrumb\",\"itemListElement\":[{\"@type\":\"ListItem\",\"position\":1,\"name\":\"Strona g\u0142\u00f3wna\",\"item\":\"https:\\\/\\\/mirola.pl\\\/fr\\\/\"},{\"@type\":\"ListItem\",\"position\":2,\"name\":\"A propos de nous\"}]},{\"@type\":\"WebSite\",\"@id\":\"https:\\\/\\\/mirola.pl\\\/fr\\\/#website\",\"url\":\"https:\\\/\\\/mirola.pl\\\/fr\\\/\",\"name\":\"Mirola - Rolety, \u017baluzje, Bramy Gara\u017cowe\",\"description\":\"Miejsce dobrych jako\u015bciowo produkt\u00f3w system\u00f3w os\u0142onowych, pergol i bram gara\u017cowych\",\"publisher\":{\"@id\":\"https:\\\/\\\/mirola.pl\\\/fr\\\/#organization\"},\"alternateName\":\"Mirola - Specjali\u015bci od Rolet Zewn\u0119trznych, \u017baluzji Fasadowych, Bram Gara\u017cowych, Pergoli i Moskitiery\",\"potentialAction\":[{\"@type\":\"SearchAction\",\"target\":{\"@type\":\"EntryPoint\",\"urlTemplate\":\"https:\\\/\\\/mirola.pl\\\/fr\\\/?s={search_term_string}\"},\"query-input\":{\"@type\":\"PropertyValueSpecification\",\"valueRequired\":true,\"valueName\":\"search_term_string\"}}],\"inLanguage\":\"fr-FR\"},{\"@type\":\"Organization\",\"@id\":\"https:\\\/\\\/mirola.pl\\\/fr\\\/#organization\",\"name\":\"Mirola - ekspert w dziedzinie os\u0142on okiennych, bram gara\u017cowych i pergoli\",\"url\":\"https:\\\/\\\/mirola.pl\\\/fr\\\/\",\"logo\":{\"@type\":\"ImageObject\",\"inLanguage\":\"fr-FR\",\"@id\":\"https:\\\/\\\/mirola.pl\\\/fr\\\/#\\\/schema\\\/logo\\\/image\\\/\",\"url\":\"https:\\\/\\\/mirola.pl\\\/wp-content\\\/uploads\\\/2021\\\/11\\\/logo_mirola_krzywe.svg\",\"contentUrl\":\"https:\\\/\\\/mirola.pl\\\/wp-content\\\/uploads\\\/2021\\\/11\\\/logo_mirola_krzywe.svg\",\"width\":356,\"height\":80,\"caption\":\"Mirola - ekspert w dziedzinie os\u0142on okiennych, bram gara\u017cowych i pergoli\"},\"image\":{\"@id\":\"https:\\\/\\\/mirola.pl\\\/fr\\\/#\\\/schema\\\/logo\\\/image\\\/\"},\"sameAs\":[\"https:\\\/\\\/www.facebook.com\\\/MIROLApl\"]}]}<\/script>\n<!-- \/ Yoast SEO plugin. -->","yoast_head_json":{"title":"A propos de nous &#187; Mirola","description":"A propos de nous &#187; Mirola rolety zewn\u0119trzne, \u017caluzje fasadowe, pergole, bramy gara\u017cowe, moskitiery, rolety MScreen, rolety zewn\u0119trzne, \u017caluzje fasadowe, pergole tarasowe, bramy gara\u017cowe automatyczne, moskitiery okienne, nowoczesne os\u0142ony, os\u0142ony przeciws\u0142oneczne, ochrona przed owadami, kontrola \u015bwiat\u0142a, os\u0142ony okienne na wymiar, \u015bl\u0105skie, Ma\u0142opolska, Opolskie, Dolny \u015al\u0105sk, Polska, Orzesze","robots":{"index":"index","follow":"follow","max-snippet":"max-snippet:-1","max-image-preview":"max-image-preview:large","max-video-preview":"max-video-preview:-1"},"canonical":"https:\/\/mirola.pl\/fr\/a-propos-de-nous\/","og_locale":"fr_FR","og_type":"article","og_title":"A propos de nous &#187; Mirola","og_description":"A propos de nous &#187; Mirola rolety zewn\u0119trzne, \u017caluzje fasadowe, pergole, bramy gara\u017cowe, moskitiery, rolety MScreen, rolety zewn\u0119trzne, \u017caluzje fasadowe, pergole tarasowe, bramy gara\u017cowe automatyczne, moskitiery okienne, nowoczesne os\u0142ony, os\u0142ony przeciws\u0142oneczne, ochrona przed owadami, kontrola \u015bwiat\u0142a, os\u0142ony okienne na wymiar, \u015bl\u0105skie, Ma\u0142opolska, Opolskie, Dolny \u015al\u0105sk, Polska, Orzesze","og_url":"https:\/\/mirola.pl\/fr\/a-propos-de-nous\/","og_site_name":"Mirola","article_publisher":"https:\/\/www.facebook.com\/MIROLApl","article_modified_time":"2022-12-23T09:51:44+00:00","og_image":[{"width":1920,"height":1006,"url":"https:\/\/mirola.pl\/wp-content\/uploads\/2024\/09\/MIROLA-OG-IMAGE-OGOLNY-v2.jpeg","type":"image\/jpeg"}],"twitter_card":"summary_large_image","schema":{"@context":"https:\/\/schema.org","@graph":[{"@type":"WebPage","@id":"https:\/\/mirola.pl\/fr\/a-propos-de-nous\/","url":"https:\/\/mirola.pl\/fr\/a-propos-de-nous\/","name":"A propos de nous &#187; Mirola","isPartOf":{"@id":"https:\/\/mirola.pl\/fr\/#website"},"datePublished":"2020-12-18T21:34:38+00:00","dateModified":"2022-12-23T09:51:44+00:00","description":"A propos de nous &#187; Mirola rolety zewn\u0119trzne, \u017caluzje fasadowe, pergole, bramy gara\u017cowe, moskitiery, rolety MScreen, rolety zewn\u0119trzne, \u017caluzje fasadowe, pergole tarasowe, bramy gara\u017cowe automatyczne, moskitiery okienne, nowoczesne os\u0142ony, os\u0142ony przeciws\u0142oneczne, ochrona przed owadami, kontrola \u015bwiat\u0142a, os\u0142ony okienne na wymiar, \u015bl\u0105skie, Ma\u0142opolska, Opolskie, Dolny \u015al\u0105sk, Polska, Orzesze","breadcrumb":{"@id":"https:\/\/mirola.pl\/fr\/a-propos-de-nous\/#breadcrumb"},"inLanguage":"fr-FR","potentialAction":[{"@type":"ReadAction","target":["https:\/\/mirola.pl\/fr\/a-propos-de-nous\/"]}]},{"@type":"BreadcrumbList","@id":"https:\/\/mirola.pl\/fr\/a-propos-de-nous\/#breadcrumb","itemListElement":[{"@type":"ListItem","position":1,"name":"Strona g\u0142\u00f3wna","item":"https:\/\/mirola.pl\/fr\/"},{"@type":"ListItem","position":2,"name":"A propos de nous"}]},{"@type":"WebSite","@id":"https:\/\/mirola.pl\/fr\/#website","url":"https:\/\/mirola.pl\/fr\/","name":"Mirola - Rolety, \u017baluzje, Bramy Gara\u017cowe","description":"Miejsce dobrych jako\u015bciowo produkt\u00f3w system\u00f3w os\u0142onowych, pergol i bram gara\u017cowych","publisher":{"@id":"https:\/\/mirola.pl\/fr\/#organization"},"alternateName":"Mirola - Specjali\u015bci od Rolet Zewn\u0119trznych, \u017baluzji Fasadowych, Bram Gara\u017cowych, Pergoli i Moskitiery","potentialAction":[{"@type":"SearchAction","target":{"@type":"EntryPoint","urlTemplate":"https:\/\/mirola.pl\/fr\/?s={search_term_string}"},"query-input":{"@type":"PropertyValueSpecification","valueRequired":true,"valueName":"search_term_string"}}],"inLanguage":"fr-FR"},{"@type":"Organization","@id":"https:\/\/mirola.pl\/fr\/#organization","name":"Mirola - ekspert w dziedzinie os\u0142on okiennych, bram gara\u017cowych i pergoli","url":"https:\/\/mirola.pl\/fr\/","logo":{"@type":"ImageObject","inLanguage":"fr-FR","@id":"https:\/\/mirola.pl\/fr\/#\/schema\/logo\/image\/","url":"https:\/\/mirola.pl\/wp-content\/uploads\/2021\/11\/logo_mirola_krzywe.svg","contentUrl":"https:\/\/mirola.pl\/wp-content\/uploads\/2021\/11\/logo_mirola_krzywe.svg","width":356,"height":80,"caption":"Mirola - ekspert w dziedzinie os\u0142on okiennych, bram gara\u017cowych i pergoli"},"image":{"@id":"https:\/\/mirola.pl\/fr\/#\/schema\/logo\/image\/"},"sameAs":["https:\/\/www.facebook.com\/MIROLApl"]}]}},"_links":{"self":[{"href":"https:\/\/mirola.pl\/fr\/wp-json\/wp\/v2\/pages\/4660","targetHints":{"allow":["GET"]}}],"collection":[{"href":"https:\/\/mirola.pl\/fr\/wp-json\/wp\/v2\/pages"}],"about":[{"href":"https:\/\/mirola.pl\/fr\/wp-json\/wp\/v2\/types\/page"}],"author":[{"embeddable":true,"href":"https:\/\/mirola.pl\/fr\/wp-json\/wp\/v2\/users\/1"}],"replies":[{"embeddable":true,"href":"https:\/\/mirola.pl\/fr\/wp-json\/wp\/v2\/comments?post=4660"}],"version-history":[{"count":1,"href":"https:\/\/mirola.pl\/fr\/wp-json\/wp\/v2\/pages\/4660\/revisions"}],"predecessor-version":[{"id":4664,"href":"https:\/\/mirola.pl\/fr\/wp-json\/wp\/v2\/pages\/4660\/revisions\/4664"}],"wp:attachment":[{"href":"https:\/\/mirola.pl\/fr\/wp-json\/wp\/v2\/media?parent=4660"}],"curies":[{"name":"wp","href":"https:\/\/api.w.org\/{rel}","templated":true}]}}