{"id":4563,"date":"2022-04-01T09:50:30","date_gmt":"2022-04-01T07:50:30","guid":{"rendered":"https:\/\/mirola.pl\/pergole-bioclimatiche\/"},"modified":"2023-01-31T09:21:15","modified_gmt":"2023-01-31T08:21:15","slug":"pergole-bioclimatiche","status":"publish","type":"page","link":"https:\/\/mirola.pl\/it\/prodotti\/pergole-bioclimatiche\/","title":{"rendered":"Pergole bioclimatiche"},"content":{"rendered":"\n<section id=\"product-box-block_f4d31d3a5e22a39f78b3f5d6b81af9b6\" class=\"product-box-block\">\n    <div class=\"container\">\n        <div class=\"row\">\n            <div class=\"col-md-12\">\n                <div class=\"product-title size-36\">\n                    _sun.siesta                <\/div>\n            <\/div>\n        <\/div>\n\n        <div class=\"row\">\n            <div class=\"col-md-5 col-left\">\n                <div class=\"product-image\">\n                    <!--<img decoding=\"async\" data-src=\"https:\/\/mirola.pl\/wp-content\/uploads\/2022\/04\/pergola-artosi-A-e1648806859573.png\" alt=\"\" class=\"img-fluid lazyload\" src=\"data:image\/svg+xml;base64,PHN2ZyB3aWR0aD0iMSIgaGVpZ2h0PSIxIiB4bWxucz0iaHR0cDovL3d3dy53My5vcmcvMjAwMC9zdmciPjwvc3ZnPg==\" style=\"--smush-placeholder-width: 1368px; --smush-placeholder-aspect-ratio: 1368\/1036;\" \/>-->\n                                        <img decoding=\"async\" data-src=\"https:\/\/mirola.pl\/wp-content\/uploads\/2022\/04\/pergola-artosi-A-e1648806859573-1024x775.png\" alt=\"\" class=\"img-fluid lazyload\" src=\"data:image\/svg+xml;base64,PHN2ZyB3aWR0aD0iMSIgaGVpZ2h0PSIxIiB4bWxucz0iaHR0cDovL3d3dy53My5vcmcvMjAwMC9zdmciPjwvc3ZnPg==\" style=\"--smush-placeholder-width: 1024px; --smush-placeholder-aspect-ratio: 1024\/775;\" \/>\n                <\/div>\n            <\/div>\n            <div class=\"col-md-7 col-right \">\n                <div class=\"product-content\">\n                    <div class=\"text\">\n                        <table>\n<tbody>\n<tr>\n<td><img decoding=\"async\" data-src=\"\/wp-content\/uploads\/2021\/10\/ico1.png\" alt=\"\" width=\"45\" height=\"45\" src=\"data:image\/svg+xml;base64,PHN2ZyB3aWR0aD0iMSIgaGVpZ2h0PSIxIiB4bWxucz0iaHR0cDovL3d3dy53My5vcmcvMjAwMC9zdmciPjwvc3ZnPg==\" class=\"lazyload\" style=\"--smush-placeholder-width: 45px; --smush-placeholder-aspect-ratio: 45\/45;\"><\/td>\n<td><strong>Manterrai un clima confortevole sul terrazzo<\/strong><br \/>\ne il sole sotto controllo grazie alla completa gestione dell\u2019angolazione della luce.<\/td>\n<\/tr>\n<tr>\n<td><img decoding=\"async\" data-src=\"\/wp-content\/uploads\/2021\/10\/ico2.png\" alt=\"\" width=\"37\" height=\"37\" src=\"data:image\/svg+xml;base64,PHN2ZyB3aWR0aD0iMSIgaGVpZ2h0PSIxIiB4bWxucz0iaHR0cDovL3d3dy53My5vcmcvMjAwMC9zdmciPjwvc3ZnPg==\" class=\"lazyload\" style=\"--smush-placeholder-width: 37px; --smush-placeholder-aspect-ratio: 37\/37;\"><\/td>\n<td><strong>L\u2019altissima qualit\u00e0<\/strong><br \/>\ndelle soluzioni tecnologiche innovative e del design all\u2019avanguardia sono la garanzia della durevolezza per tanti anni.<\/td>\n<\/tr>\n<tr>\n<td><img decoding=\"async\" data-src=\"\/wp-content\/uploads\/2021\/10\/ico3.png\" alt=\"\" width=\"41\" height=\"42\" src=\"data:image\/svg+xml;base64,PHN2ZyB3aWR0aD0iMSIgaGVpZ2h0PSIxIiB4bWxucz0iaHR0cDovL3d3dy53My5vcmcvMjAwMC9zdmciPjwvc3ZnPg==\" class=\"lazyload\" style=\"--smush-placeholder-width: 41px; --smush-placeholder-aspect-ratio: 41\/42;\"><\/td>\n<td><strong>Garanzia di sicurezza<\/strong><br \/>\ngrazie al posizionamento dell\u2019automazione e del sistema di drenaggio dell\u2019acqua in canali diversi, sui lati opposti della struttura.<\/td>\n<\/tr>\n<tr>\n<td><img decoding=\"async\" data-src=\"\/wp-content\/uploads\/2021\/10\/ico4.png\" alt=\"\" width=\"40\" height=\"40\" src=\"data:image\/svg+xml;base64,PHN2ZyB3aWR0aD0iMSIgaGVpZ2h0PSIxIiB4bWxucz0iaHR0cDovL3d3dy53My5vcmcvMjAwMC9zdmciPjwvc3ZnPg==\" class=\"lazyload\" style=\"--smush-placeholder-width: 40px; --smush-placeholder-aspect-ratio: 40\/40;\"><\/td>\n<td><strong>Il design per un\u2019architettura esigente<\/strong><br \/>\npermette la creazione di allestimenti belli e moderni. La colorazione viene personalizzata secondo esigenze individuali.<\/td>\n<\/tr>\n<\/tbody>\n<\/table>\n                    <\/div>\n\n                    <div class=\"link\">\n                                                    <a target=\"_blank\" href=\"https:\/\/mirola.pl\/wp-content\/uploads\/2022\/04\/pergole-sun.siesta-katalog-2022-wydanie-I-int.pdf\" data-title=\"\n                                Vedi Altro                            \">\n                                Vedi altro                            <\/a>\n                        \n                        \n                                            <\/div>\n\n                <\/div>\n            <\/div>\n        <\/div>\n    <\/div>\n<\/section>\n\n\n\n<section id=\"full-content-block_bc7922f60e87b7e3537c16f7b64db246\" class=\"full-content-block\" style=\"height:50px;\">\n\n<\/section>\n\n\n\n<script type=\"text\/javascript\">\nwindow.addEventListener(\"load\", function() {\n  const bgv = document.getElementById(\"video-handler\");\n\n  \/\/ what jQuery checks under the hood\n  const visible = bgv.offsetWidth ||\n    bgv.offsetHeight ||\n    bgv.getClientRects().length;\n\n  if (visible) {\n    const children = bgv.getElementsByTagName(\"source\");\n\n    for (let i = 0; i < children.length; ++i) {\n      children[i].src = children[i].dataset.src;\n    }\n  }\n\n  bgv.load();\n\n  \/\/ mobile\n\n  const bgvm = document.getElementById(\"mobile-video-handler\");\n\n  \/\/ what jQuery checks under the hood\n  const visibleMobile = bgvm.offsetWidth ||\n    bgvm.offsetHeight ||\n    bgvm.getClientRects().length;\n\n  if (visibleMobile) {\n    const childrenMobile = bgvm.getElementsByTagName(\"source\");\n\n    for (let i = 0; i < childrenMobile.length; ++i) {\n        childrenMobile[i].src = childrenMobile[i].dataset.src;\n    }\n  }\n\n  bgvm.load();\n\n\n});\n<\/script>\n\n<section id=\"start-banner-block_fff8823383b6d6c5fec17e15548d386b\" class=\"start-banner-block video-layout\">\n    \n            <div class=\"container\">\n            <div class=\"video-wrapper\">\n                <div class=\"bg\">\n                    <video id=\"video-handler\" class=\"desktop-video\" width=\"320\" height=\"240\" autoplay loop muted playsinline>\n                        <source data-src=\"https:\/\/mirola.pl\/wp-content\/uploads\/2022\/04\/Pergola-sun.siesta-intro-FHD.mp4\" type=\"video\/mp4\">\n                        Your browser does not support the video tag.\n                    <\/video>\n\n                                    <\/div>\n                <div class=\"content\">\n                    <div class=\"left-content\">\n                                            <\/div>\n                    <div class=\"right-content\">\n                                            <\/div>\n                <\/div>\n            <\/div>\n        <\/div>\n    <\/section>\n\n\n\n<section id=\"full-content-block_bc7922f60e87b7e3537c16f7b64db246\" class=\"full-content-block\" style=\"height:50px;\">\n\n<\/section>\n\n\n\n<section id=\"gallery-carousel-block_ceb1c5896980b749b334c6899e4af87a\" class=\"gallery-carousel-block\">\n    <div class=\"container\">\n        <div class=\"row\">\n            <div class=\"col-md-12 \">\n                <div class=\"heading\">\n                    _galleria delle ispirazioni                <\/div>\n            <\/div>\n\n            <div class=\"col-md-12\">\n                <div class=\"gallery-carousel-slick\">\n                                                                    <div class=\"item\">\n                            <div class=\"image\">\n                                <a href=\"https:\/\/mirola.pl\/wp-content\/uploads\/2022\/04\/Artosi-51-scaled.jpg\">\n                                    <div class=\"img\"><img decoding=\"async\" data-src=\"https:\/\/mirola.pl\/wp-content\/uploads\/2022\/04\/Artosi-51-650x650.jpg\" alt=\"\" class=\"img-fluid lazyload\" src=\"data:image\/svg+xml;base64,PHN2ZyB3aWR0aD0iMSIgaGVpZ2h0PSIxIiB4bWxucz0iaHR0cDovL3d3dy53My5vcmcvMjAwMC9zdmciPjwvc3ZnPg==\" style=\"--smush-placeholder-width: 650px; --smush-placeholder-aspect-ratio: 650\/650;\" \/><\/div>                                <\/a>\n                            <\/div>\n                            <div class=\"title\">\n                                                            <\/div>\n                        <\/div>\n                                                                    <div class=\"item\">\n                            <div class=\"image\">\n                                <a href=\"https:\/\/mirola.pl\/wp-content\/uploads\/2022\/04\/artosi-5.jpg\">\n                                    <div class=\"img\"><img decoding=\"async\" data-src=\"https:\/\/mirola.pl\/wp-content\/uploads\/2022\/04\/artosi-5-650x650.jpg\" alt=\"\" class=\"img-fluid lazyload\" src=\"data:image\/svg+xml;base64,PHN2ZyB3aWR0aD0iMSIgaGVpZ2h0PSIxIiB4bWxucz0iaHR0cDovL3d3dy53My5vcmcvMjAwMC9zdmciPjwvc3ZnPg==\" style=\"--smush-placeholder-width: 650px; --smush-placeholder-aspect-ratio: 650\/650;\" \/><\/div>                                <\/a>\n                            <\/div>\n                            <div class=\"title\">\n                                                            <\/div>\n                        <\/div>\n                                                                    <div class=\"item\">\n                            <div class=\"image\">\n                                <a href=\"https:\/\/mirola.pl\/wp-content\/uploads\/2022\/04\/Artosi-28-kopie-scaled.jpg\">\n                                    <div class=\"img\"><img decoding=\"async\" data-src=\"https:\/\/mirola.pl\/wp-content\/uploads\/2022\/04\/Artosi-28-kopie-650x650.jpg\" alt=\"\" class=\"img-fluid lazyload\" src=\"data:image\/svg+xml;base64,PHN2ZyB3aWR0aD0iMSIgaGVpZ2h0PSIxIiB4bWxucz0iaHR0cDovL3d3dy53My5vcmcvMjAwMC9zdmciPjwvc3ZnPg==\" style=\"--smush-placeholder-width: 650px; --smush-placeholder-aspect-ratio: 650\/650;\" \/><\/div>                                <\/a>\n                            <\/div>\n                            <div class=\"title\">\n                                                            <\/div>\n                        <\/div>\n                                                                    <div class=\"item\">\n                            <div class=\"image\">\n                                <a href=\"https:\/\/mirola.pl\/wp-content\/uploads\/2022\/04\/IMG_7453-scaled.jpeg\">\n                                    <div class=\"img\"><img decoding=\"async\" data-src=\"https:\/\/mirola.pl\/wp-content\/uploads\/2022\/04\/IMG_7453-650x650.jpeg\" alt=\"\" class=\"img-fluid lazyload\" src=\"data:image\/svg+xml;base64,PHN2ZyB3aWR0aD0iMSIgaGVpZ2h0PSIxIiB4bWxucz0iaHR0cDovL3d3dy53My5vcmcvMjAwMC9zdmciPjwvc3ZnPg==\" style=\"--smush-placeholder-width: 650px; --smush-placeholder-aspect-ratio: 650\/650;\" \/><\/div>                                <\/a>\n                            <\/div>\n                            <div class=\"title\">\n                                                            <\/div>\n                        <\/div>\n                                                                    <div class=\"item\">\n                            <div class=\"image\">\n                                <a href=\"https:\/\/mirola.pl\/wp-content\/uploads\/2022\/04\/20200430_145248_resized-oprava.jpg\">\n                                    <div class=\"img\"><img decoding=\"async\" data-src=\"https:\/\/mirola.pl\/wp-content\/uploads\/2022\/04\/20200430_145248_resized-oprava-650x650.jpg\" alt=\"\" class=\"img-fluid lazyload\" src=\"data:image\/svg+xml;base64,PHN2ZyB3aWR0aD0iMSIgaGVpZ2h0PSIxIiB4bWxucz0iaHR0cDovL3d3dy53My5vcmcvMjAwMC9zdmciPjwvc3ZnPg==\" style=\"--smush-placeholder-width: 650px; --smush-placeholder-aspect-ratio: 650\/650;\" \/><\/div>                                <\/a>\n                            <\/div>\n                            <div class=\"title\">\n                                                            <\/div>\n                        <\/div>\n                                                                    <div class=\"item\">\n                            <div class=\"image\">\n                                <a href=\"https:\/\/mirola.pl\/wp-content\/uploads\/2022\/04\/Artosi_upravena-scaled.jpg\">\n                                    <div class=\"img\"><img decoding=\"async\" data-src=\"https:\/\/mirola.pl\/wp-content\/uploads\/2022\/04\/Artosi_upravena-650x650.jpg\" alt=\"\" class=\"img-fluid lazyload\" src=\"data:image\/svg+xml;base64,PHN2ZyB3aWR0aD0iMSIgaGVpZ2h0PSIxIiB4bWxucz0iaHR0cDovL3d3dy53My5vcmcvMjAwMC9zdmciPjwvc3ZnPg==\" style=\"--smush-placeholder-width: 650px; --smush-placeholder-aspect-ratio: 650\/650;\" \/><\/div>                                <\/a>\n                            <\/div>\n                            <div class=\"title\">\n                                                            <\/div>\n                        <\/div>\n                                                                    <div class=\"item\">\n                            <div class=\"image\">\n                                <a href=\"https:\/\/mirola.pl\/wp-content\/uploads\/2022\/04\/IMG_7455-scaled.jpeg\" data-title=\"\n                                                                    \">\n                                    <div class=\"img\"><img decoding=\"async\" data-src=\"https:\/\/mirola.pl\/wp-content\/uploads\/2022\/04\/IMG_7455-650x650.jpeg\" alt=\"\" class=\"img-fluid lazyload\" src=\"data:image\/svg+xml;base64,PHN2ZyB3aWR0aD0iMSIgaGVpZ2h0PSIxIiB4bWxucz0iaHR0cDovL3d3dy53My5vcmcvMjAwMC9zdmciPjwvc3ZnPg==\" style=\"--smush-placeholder-width: 650px; --smush-placeholder-aspect-ratio: 650\/650;\" \/><\/div>                                <\/a>\n                            <\/div>\n                            <div class=\"title\">\n                                                            <\/div>\n                        <\/div>\n                                    <\/div>\n            <\/div>\n\n                    <\/div>\n    <\/div>\n<\/section>\n","protected":false},"excerpt":{"rendered":"","protected":false},"author":7,"featured_media":4040,"parent":4659,"menu_order":0,"comment_status":"closed","ping_status":"closed","template":"","meta":{"_acf_changed":false,"inline_featured_image":false,"_joinchat":[],"footnotes":""},"class_list":["post-4563","page","type-page","status-publish","has-post-thumbnail","hentry"],"acf":[],"yoast_head":"<!-- This site is optimized with the Yoast SEO plugin v27.3 - https:\/\/yoast.com\/product\/yoast-seo-wordpress\/ -->\n<title>Pergole bioclimatiche - da terrazzo o giardino - Mirola<\/title>\n<meta name=\"description\" content=\"Pergole bioclimatiche &#187; Mirola rolety zewn\u0119trzne, \u017caluzje fasadowe, pergole, bramy gara\u017cowe, moskitiery, rolety MScreen, rolety zewn\u0119trzne, \u017caluzje fasadowe, pergole tarasowe, bramy gara\u017cowe automatyczne, moskitiery okienne, nowoczesne os\u0142ony, os\u0142ony przeciws\u0142oneczne, ochrona przed owadami, kontrola \u015bwiat\u0142a, os\u0142ony okienne na wymiar, \u015bl\u0105skie, Ma\u0142opolska, Opolskie, Dolny \u015al\u0105sk, Polska, Orzesze\" \/>\n<meta name=\"robots\" content=\"index, follow, max-snippet:-1, max-image-preview:large, max-video-preview:-1\" \/>\n<link rel=\"canonical\" href=\"https:\/\/mirola.pl\/it\/prodotti\/pergole-bioclimatiche\/\" \/>\n<meta property=\"og:locale\" content=\"it_IT\" \/>\n<meta property=\"og:type\" content=\"article\" \/>\n<meta property=\"og:title\" content=\"Pergole bioclimatiche - da terrazzo o giardino - Mirola\" \/>\n<meta property=\"og:description\" content=\"Pergole bioclimatiche &#187; Mirola rolety zewn\u0119trzne, \u017caluzje fasadowe, pergole, bramy gara\u017cowe, moskitiery, rolety MScreen, rolety zewn\u0119trzne, \u017caluzje fasadowe, pergole tarasowe, bramy gara\u017cowe automatyczne, moskitiery okienne, nowoczesne os\u0142ony, os\u0142ony przeciws\u0142oneczne, ochrona przed owadami, kontrola \u015bwiat\u0142a, os\u0142ony okienne na wymiar, \u015bl\u0105skie, Ma\u0142opolska, Opolskie, Dolny \u015al\u0105sk, Polska, Orzesze\" \/>\n<meta property=\"og:url\" content=\"https:\/\/mirola.pl\/it\/prodotti\/pergole-bioclimatiche\/\" \/>\n<meta property=\"og:site_name\" content=\"Mirola\" \/>\n<meta property=\"article:publisher\" content=\"https:\/\/www.facebook.com\/MIROLApl\" \/>\n<meta property=\"article:modified_time\" content=\"2023-01-31T08:21:15+00:00\" \/>\n<meta property=\"og:image\" content=\"https:\/\/mirola.pl\/wp-content\/uploads\/2022\/04\/Artosi-51-scaled.jpg\" \/>\n\t<meta property=\"og:image:width\" content=\"2560\" \/>\n\t<meta property=\"og:image:height\" content=\"1920\" \/>\n\t<meta property=\"og:image:type\" content=\"image\/jpeg\" \/>\n<meta name=\"twitter:card\" content=\"summary_large_image\" \/>\n<script type=\"application\/ld+json\" class=\"yoast-schema-graph\">{\"@context\":\"https:\\\/\\\/schema.org\",\"@graph\":[{\"@type\":\"WebPage\",\"@id\":\"https:\\\/\\\/mirola.pl\\\/it\\\/prodotti\\\/pergole-bioclimatiche\\\/\",\"url\":\"https:\\\/\\\/mirola.pl\\\/it\\\/prodotti\\\/pergole-bioclimatiche\\\/\",\"name\":\"Pergole bioclimatiche - da terrazzo o giardino - Mirola\",\"isPartOf\":{\"@id\":\"https:\\\/\\\/mirola.pl\\\/it\\\/#website\"},\"primaryImageOfPage\":{\"@id\":\"https:\\\/\\\/mirola.pl\\\/it\\\/prodotti\\\/pergole-bioclimatiche\\\/#primaryimage\"},\"image\":{\"@id\":\"https:\\\/\\\/mirola.pl\\\/it\\\/prodotti\\\/pergole-bioclimatiche\\\/#primaryimage\"},\"thumbnailUrl\":\"https:\\\/\\\/mirola.pl\\\/wp-content\\\/uploads\\\/2022\\\/04\\\/Artosi-51-scaled.jpg\",\"datePublished\":\"2022-04-01T07:50:30+00:00\",\"dateModified\":\"2023-01-31T08:21:15+00:00\",\"description\":\"Pergole bioclimatiche &#187; Mirola rolety zewn\u0119trzne, \u017caluzje fasadowe, pergole, bramy gara\u017cowe, moskitiery, rolety MScreen, rolety zewn\u0119trzne, \u017caluzje fasadowe, pergole tarasowe, bramy gara\u017cowe automatyczne, moskitiery okienne, nowoczesne os\u0142ony, os\u0142ony przeciws\u0142oneczne, ochrona przed owadami, kontrola \u015bwiat\u0142a, os\u0142ony okienne na wymiar, \u015bl\u0105skie, Ma\u0142opolska, Opolskie, Dolny \u015al\u0105sk, Polska, Orzesze\",\"breadcrumb\":{\"@id\":\"https:\\\/\\\/mirola.pl\\\/it\\\/prodotti\\\/pergole-bioclimatiche\\\/#breadcrumb\"},\"inLanguage\":\"it-IT\",\"potentialAction\":[{\"@type\":\"ReadAction\",\"target\":[\"https:\\\/\\\/mirola.pl\\\/it\\\/prodotti\\\/pergole-bioclimatiche\\\/\"]}]},{\"@type\":\"ImageObject\",\"inLanguage\":\"it-IT\",\"@id\":\"https:\\\/\\\/mirola.pl\\\/it\\\/prodotti\\\/pergole-bioclimatiche\\\/#primaryimage\",\"url\":\"https:\\\/\\\/mirola.pl\\\/wp-content\\\/uploads\\\/2022\\\/04\\\/Artosi-51-scaled.jpg\",\"contentUrl\":\"https:\\\/\\\/mirola.pl\\\/wp-content\\\/uploads\\\/2022\\\/04\\\/Artosi-51-scaled.jpg\",\"width\":2560,\"height\":1920},{\"@type\":\"BreadcrumbList\",\"@id\":\"https:\\\/\\\/mirola.pl\\\/it\\\/prodotti\\\/pergole-bioclimatiche\\\/#breadcrumb\",\"itemListElement\":[{\"@type\":\"ListItem\",\"position\":1,\"name\":\"Strona g\u0142\u00f3wna\",\"item\":\"https:\\\/\\\/mirola.pl\\\/it\\\/\"},{\"@type\":\"ListItem\",\"position\":2,\"name\":\"Prodotti\",\"item\":\"https:\\\/\\\/mirola.pl\\\/it\\\/prodotti\\\/\"},{\"@type\":\"ListItem\",\"position\":3,\"name\":\"Pergole bioclimatiche\"}]},{\"@type\":\"WebSite\",\"@id\":\"https:\\\/\\\/mirola.pl\\\/it\\\/#website\",\"url\":\"https:\\\/\\\/mirola.pl\\\/it\\\/\",\"name\":\"Mirola - Rolety, \u017baluzje, Bramy Gara\u017cowe\",\"description\":\"Miejsce dobrych jako\u015bciowo produkt\u00f3w system\u00f3w os\u0142onowych, pergol i bram gara\u017cowych\",\"publisher\":{\"@id\":\"https:\\\/\\\/mirola.pl\\\/it\\\/#organization\"},\"alternateName\":\"Mirola - Specjali\u015bci od Rolet Zewn\u0119trznych, \u017baluzji Fasadowych, Bram Gara\u017cowych, Pergoli i Moskitiery\",\"potentialAction\":[{\"@type\":\"SearchAction\",\"target\":{\"@type\":\"EntryPoint\",\"urlTemplate\":\"https:\\\/\\\/mirola.pl\\\/it\\\/?s={search_term_string}\"},\"query-input\":{\"@type\":\"PropertyValueSpecification\",\"valueRequired\":true,\"valueName\":\"search_term_string\"}}],\"inLanguage\":\"it-IT\"},{\"@type\":\"Organization\",\"@id\":\"https:\\\/\\\/mirola.pl\\\/it\\\/#organization\",\"name\":\"Mirola - ekspert w dziedzinie os\u0142on okiennych, bram gara\u017cowych i pergoli\",\"url\":\"https:\\\/\\\/mirola.pl\\\/it\\\/\",\"logo\":{\"@type\":\"ImageObject\",\"inLanguage\":\"it-IT\",\"@id\":\"https:\\\/\\\/mirola.pl\\\/it\\\/#\\\/schema\\\/logo\\\/image\\\/\",\"url\":\"https:\\\/\\\/mirola.pl\\\/wp-content\\\/uploads\\\/2021\\\/11\\\/logo_mirola_krzywe.svg\",\"contentUrl\":\"https:\\\/\\\/mirola.pl\\\/wp-content\\\/uploads\\\/2021\\\/11\\\/logo_mirola_krzywe.svg\",\"width\":356,\"height\":80,\"caption\":\"Mirola - ekspert w dziedzinie os\u0142on okiennych, bram gara\u017cowych i pergoli\"},\"image\":{\"@id\":\"https:\\\/\\\/mirola.pl\\\/it\\\/#\\\/schema\\\/logo\\\/image\\\/\"},\"sameAs\":[\"https:\\\/\\\/www.facebook.com\\\/MIROLApl\"]}]}<\/script>\n<!-- \/ Yoast SEO plugin. -->","yoast_head_json":{"title":"Pergole bioclimatiche - da terrazzo o giardino - Mirola","description":"Pergole bioclimatiche &#187; Mirola rolety zewn\u0119trzne, \u017caluzje fasadowe, pergole, bramy gara\u017cowe, moskitiery, rolety MScreen, rolety zewn\u0119trzne, \u017caluzje fasadowe, pergole tarasowe, bramy gara\u017cowe automatyczne, moskitiery okienne, nowoczesne os\u0142ony, os\u0142ony przeciws\u0142oneczne, ochrona przed owadami, kontrola \u015bwiat\u0142a, os\u0142ony okienne na wymiar, \u015bl\u0105skie, Ma\u0142opolska, Opolskie, Dolny \u015al\u0105sk, Polska, Orzesze","robots":{"index":"index","follow":"follow","max-snippet":"max-snippet:-1","max-image-preview":"max-image-preview:large","max-video-preview":"max-video-preview:-1"},"canonical":"https:\/\/mirola.pl\/it\/prodotti\/pergole-bioclimatiche\/","og_locale":"it_IT","og_type":"article","og_title":"Pergole bioclimatiche - da terrazzo o giardino - Mirola","og_description":"Pergole bioclimatiche &#187; Mirola rolety zewn\u0119trzne, \u017caluzje fasadowe, pergole, bramy gara\u017cowe, moskitiery, rolety MScreen, rolety zewn\u0119trzne, \u017caluzje fasadowe, pergole tarasowe, bramy gara\u017cowe automatyczne, moskitiery okienne, nowoczesne os\u0142ony, os\u0142ony przeciws\u0142oneczne, ochrona przed owadami, kontrola \u015bwiat\u0142a, os\u0142ony okienne na wymiar, \u015bl\u0105skie, Ma\u0142opolska, Opolskie, Dolny \u015al\u0105sk, Polska, Orzesze","og_url":"https:\/\/mirola.pl\/it\/prodotti\/pergole-bioclimatiche\/","og_site_name":"Mirola","article_publisher":"https:\/\/www.facebook.com\/MIROLApl","article_modified_time":"2023-01-31T08:21:15+00:00","og_image":[{"width":2560,"height":1920,"url":"https:\/\/mirola.pl\/wp-content\/uploads\/2022\/04\/Artosi-51-scaled.jpg","type":"image\/jpeg"}],"twitter_card":"summary_large_image","schema":{"@context":"https:\/\/schema.org","@graph":[{"@type":"WebPage","@id":"https:\/\/mirola.pl\/it\/prodotti\/pergole-bioclimatiche\/","url":"https:\/\/mirola.pl\/it\/prodotti\/pergole-bioclimatiche\/","name":"Pergole bioclimatiche - da terrazzo o giardino - Mirola","isPartOf":{"@id":"https:\/\/mirola.pl\/it\/#website"},"primaryImageOfPage":{"@id":"https:\/\/mirola.pl\/it\/prodotti\/pergole-bioclimatiche\/#primaryimage"},"image":{"@id":"https:\/\/mirola.pl\/it\/prodotti\/pergole-bioclimatiche\/#primaryimage"},"thumbnailUrl":"https:\/\/mirola.pl\/wp-content\/uploads\/2022\/04\/Artosi-51-scaled.jpg","datePublished":"2022-04-01T07:50:30+00:00","dateModified":"2023-01-31T08:21:15+00:00","description":"Pergole bioclimatiche &#187; Mirola rolety zewn\u0119trzne, \u017caluzje fasadowe, pergole, bramy gara\u017cowe, moskitiery, rolety MScreen, rolety zewn\u0119trzne, \u017caluzje fasadowe, pergole tarasowe, bramy gara\u017cowe automatyczne, moskitiery okienne, nowoczesne os\u0142ony, os\u0142ony przeciws\u0142oneczne, ochrona przed owadami, kontrola \u015bwiat\u0142a, os\u0142ony okienne na wymiar, \u015bl\u0105skie, Ma\u0142opolska, Opolskie, Dolny \u015al\u0105sk, Polska, Orzesze","breadcrumb":{"@id":"https:\/\/mirola.pl\/it\/prodotti\/pergole-bioclimatiche\/#breadcrumb"},"inLanguage":"it-IT","potentialAction":[{"@type":"ReadAction","target":["https:\/\/mirola.pl\/it\/prodotti\/pergole-bioclimatiche\/"]}]},{"@type":"ImageObject","inLanguage":"it-IT","@id":"https:\/\/mirola.pl\/it\/prodotti\/pergole-bioclimatiche\/#primaryimage","url":"https:\/\/mirola.pl\/wp-content\/uploads\/2022\/04\/Artosi-51-scaled.jpg","contentUrl":"https:\/\/mirola.pl\/wp-content\/uploads\/2022\/04\/Artosi-51-scaled.jpg","width":2560,"height":1920},{"@type":"BreadcrumbList","@id":"https:\/\/mirola.pl\/it\/prodotti\/pergole-bioclimatiche\/#breadcrumb","itemListElement":[{"@type":"ListItem","position":1,"name":"Strona g\u0142\u00f3wna","item":"https:\/\/mirola.pl\/it\/"},{"@type":"ListItem","position":2,"name":"Prodotti","item":"https:\/\/mirola.pl\/it\/prodotti\/"},{"@type":"ListItem","position":3,"name":"Pergole bioclimatiche"}]},{"@type":"WebSite","@id":"https:\/\/mirola.pl\/it\/#website","url":"https:\/\/mirola.pl\/it\/","name":"Mirola - Rolety, \u017baluzje, Bramy Gara\u017cowe","description":"Miejsce dobrych jako\u015bciowo produkt\u00f3w system\u00f3w os\u0142onowych, pergol i bram gara\u017cowych","publisher":{"@id":"https:\/\/mirola.pl\/it\/#organization"},"alternateName":"Mirola - Specjali\u015bci od Rolet Zewn\u0119trznych, \u017baluzji Fasadowych, Bram Gara\u017cowych, Pergoli i Moskitiery","potentialAction":[{"@type":"SearchAction","target":{"@type":"EntryPoint","urlTemplate":"https:\/\/mirola.pl\/it\/?s={search_term_string}"},"query-input":{"@type":"PropertyValueSpecification","valueRequired":true,"valueName":"search_term_string"}}],"inLanguage":"it-IT"},{"@type":"Organization","@id":"https:\/\/mirola.pl\/it\/#organization","name":"Mirola - ekspert w dziedzinie os\u0142on okiennych, bram gara\u017cowych i pergoli","url":"https:\/\/mirola.pl\/it\/","logo":{"@type":"ImageObject","inLanguage":"it-IT","@id":"https:\/\/mirola.pl\/it\/#\/schema\/logo\/image\/","url":"https:\/\/mirola.pl\/wp-content\/uploads\/2021\/11\/logo_mirola_krzywe.svg","contentUrl":"https:\/\/mirola.pl\/wp-content\/uploads\/2021\/11\/logo_mirola_krzywe.svg","width":356,"height":80,"caption":"Mirola - ekspert w dziedzinie os\u0142on okiennych, bram gara\u017cowych i pergoli"},"image":{"@id":"https:\/\/mirola.pl\/it\/#\/schema\/logo\/image\/"},"sameAs":["https:\/\/www.facebook.com\/MIROLApl"]}]}},"_links":{"self":[{"href":"https:\/\/mirola.pl\/it\/wp-json\/wp\/v2\/pages\/4563","targetHints":{"allow":["GET"]}}],"collection":[{"href":"https:\/\/mirola.pl\/it\/wp-json\/wp\/v2\/pages"}],"about":[{"href":"https:\/\/mirola.pl\/it\/wp-json\/wp\/v2\/types\/page"}],"author":[{"embeddable":true,"href":"https:\/\/mirola.pl\/it\/wp-json\/wp\/v2\/users\/7"}],"replies":[{"embeddable":true,"href":"https:\/\/mirola.pl\/it\/wp-json\/wp\/v2\/comments?post=4563"}],"version-history":[{"count":7,"href":"https:\/\/mirola.pl\/it\/wp-json\/wp\/v2\/pages\/4563\/revisions"}],"predecessor-version":[{"id":5735,"href":"https:\/\/mirola.pl\/it\/wp-json\/wp\/v2\/pages\/4563\/revisions\/5735"}],"up":[{"embeddable":true,"href":"https:\/\/mirola.pl\/it\/wp-json\/wp\/v2\/pages\/4659"}],"wp:featuredmedia":[{"embeddable":true,"href":"https:\/\/mirola.pl\/it\/wp-json\/wp\/v2\/media\/4040"}],"wp:attachment":[{"href":"https:\/\/mirola.pl\/it\/wp-json\/wp\/v2\/media?parent=4563"}],"curies":[{"name":"wp","href":"https:\/\/api.w.org\/{rel}","templated":true}]}}