{"id":4653,"date":"2020-12-18T22:37:40","date_gmt":"2020-12-18T21:37:40","guid":{"rendered":"https:\/\/mirola.pl\/area-partner\/"},"modified":"2023-01-25T09:20:54","modified_gmt":"2023-01-25T08:20:54","slug":"area-partner","status":"publish","type":"page","link":"https:\/\/mirola.pl\/it\/area-partner\/","title":{"rendered":"Area partner"},"content":{"rendered":"\n<section id=\"two-column-content-block_133c5895bad143bf9ad81f0c5d8e4300\" class=\"two-column-content-block size-32 4|8-layout\">\n    <div class=\"container\">\n        <div class=\"row\">\n            <div class=\"col-lg-4 col-md-6 col-12\">\n                <p><strong>Utilizza il nostro programma!<\/strong><br \/>\nIl programma Panel Mirola \u00e8 un nostro strumento che faciliter\u00e0 la gestione dei tuoi clienti, sia polacchi che stranieri. Permette una predisposizione rapida e completa dell\u2019offerta (in varie versioni linguistiche) e, dopo la sua accettazione, inoltrer\u00e0 in qualche secondo l\u2019ordine di produzione all\u2019azienda Mirola.<\/p>\n<p><a target=\"_self\" class=\"more-button yellow-button\" href=\"https:\/\/mirola.pl\/pliki\/app\/setup.exe\" data-title=\"_scarica Il Programma Panel Mirola\"><span class=\"arrow\"><\/span><span class=\"text\">_scarica il programma Panel Mirola<\/span><\/a><div class=\"spacer\" style=\"height:1px;\"><\/div><\/p>\n<p><a target=\"_self\" class=\"more-button yellow-button\" href=\"https:\/\/mirola.pl\/pliki\/PanelNew\/Aktualizator\/lang\/Aktualizator_it.exe\" data-title=\"_scarica Il Programma Partner Panel\"><span class=\"arrow\"><\/span><span class=\"text\">_scarica il programma Partner Panel<\/span><\/a><div class=\"spacer\" style=\"height:1px;\"><\/div><\/p>\n<p><strong>Benvenuti nell\u2019area Partner.<\/strong><\/p>\n<p>Qui troverai le istruzioni per l\u2019uso, il montaggio e disegni tecnici con le misure dei cassonetti, nonch\u00e9 le modalit\u00e0 di montaggio.<\/p>\n<p>\n        <form id=\"login\" class=\"loginform\" action=\"login\" method=\"post\">\n            <p class=\"status\"><\/p>\n            <p>\n                <label for=\"username\">Nazwa u\u017cytkownika lub adres e-mail<\/label>\n                <input id=\"username\" type=\"text\" name=\"username\">\n            <\/p>\n            <p>\n                <label for=\"password\">Has\u0142o<\/label>\n                <input id=\"password\" type=\"password\" name=\"password\">\n            <\/p>\n            <input class=\"submit_button\" type=\"submit\" value=\"_vai alla area partner\" name=\"submit\">\n            <input type=\"hidden\" id=\"redirect\" name=\"redirect_to\" value=\"https:\/\/mirola.pl\/strefa-partnera\/do-pobrania\/\" \/>\n            <input type=\"hidden\" id=\"security\" name=\"security\" value=\"23adfbc443\" \/><input type=\"hidden\" name=\"_wp_http_referer\" value=\"\/it\/wp-json\/wp\/v2\/pages\/4653\" \/>        <\/form>\n\n        <div class=\"spacer\" style=\"height:1px;\"><\/div><\/p>\n            <\/div>\n            <div class=\"col-lg-8 col-md-6 col-12\">\n                <div class=\"content1\">\n<div class=\"inner\" style=\"text-align: center;\">\n<div class=\"spacer\" style=\"height:10px;\"><\/div><p class=\"size-36\"><i class=\"fas fa-phone-alt\" style=\"margin-right: 25px;\"><\/i><b>Hai bisogno di assistenza? Chiamaci<\/b> <a target=\"_self\" class=\"more-button white-button\" href=\"tel:+48533325562\" data-title=\"+48 533 325 562\"><span class=\"arrow\"><\/span><span class=\"text\">+48 533 325 562<\/span><\/a><div class=\"spacer\" style=\"height:10px;\"><\/div>\n<\/div>\n<\/div>\n<div  class=\"image\"><a href=\"\/wp-content\/uploads\/2021\/10\/mirola-zaluzje-zewnetrze-wnetrze-01-scaled.jpg\" class=\"fancy-image\"><img decoding=\"async\" class=\"img-fluid lazyload\" data-src=\"\/wp-content\/uploads\/2021\/10\/mirola-zaluzje-zewnetrze-wnetrze-01-scaled.jpg\" alt=\"\" src=\"data:image\/svg+xml;base64,PHN2ZyB3aWR0aD0iMSIgaGVpZ2h0PSIxIiB4bWxucz0iaHR0cDovL3d3dy53My5vcmcvMjAwMC9zdmciPjwvc3ZnPg==\" style=\"--smush-placeholder-width: 2560px; --smush-placeholder-aspect-ratio: 2560\/2560;\" \/><\/a><\/div>\n            <\/div>\n        <\/div>\n    <\/div>\n<\/section>\n","protected":false},"excerpt":{"rendered":"","protected":false},"author":1,"featured_media":0,"parent":0,"menu_order":0,"comment_status":"closed","ping_status":"closed","template":"","meta":{"_acf_changed":false,"inline_featured_image":false,"_joinchat":[],"footnotes":""},"class_list":["post-4653","page","type-page","status-publish","hentry"],"acf":[],"yoast_head":"<!-- This site is optimized with the Yoast SEO plugin v27.3 - https:\/\/yoast.com\/product\/yoast-seo-wordpress\/ -->\n<title>Area partner &#187; Mirola<\/title>\n<meta name=\"description\" content=\"Area partner &#187; Mirola rolety zewn\u0119trzne, \u017caluzje fasadowe, pergole, bramy gara\u017cowe, moskitiery, rolety MScreen, rolety zewn\u0119trzne, \u017caluzje fasadowe, pergole tarasowe, bramy gara\u017cowe automatyczne, moskitiery okienne, nowoczesne os\u0142ony, os\u0142ony przeciws\u0142oneczne, ochrona przed owadami, kontrola \u015bwiat\u0142a, os\u0142ony okienne na wymiar, \u015bl\u0105skie, Ma\u0142opolska, Opolskie, Dolny \u015al\u0105sk, Polska, Orzesze\" \/>\n<meta name=\"robots\" content=\"index, follow, max-snippet:-1, max-image-preview:large, max-video-preview:-1\" \/>\n<link rel=\"canonical\" href=\"https:\/\/mirola.pl\/it\/area-partner\/\" \/>\n<meta property=\"og:locale\" content=\"it_IT\" \/>\n<meta property=\"og:type\" content=\"article\" \/>\n<meta property=\"og:title\" content=\"Area partner &#187; Mirola\" \/>\n<meta property=\"og:description\" content=\"Area partner &#187; Mirola rolety zewn\u0119trzne, \u017caluzje fasadowe, pergole, bramy gara\u017cowe, moskitiery, rolety MScreen, rolety zewn\u0119trzne, \u017caluzje fasadowe, pergole tarasowe, bramy gara\u017cowe automatyczne, moskitiery okienne, nowoczesne os\u0142ony, os\u0142ony przeciws\u0142oneczne, ochrona przed owadami, kontrola \u015bwiat\u0142a, os\u0142ony okienne na wymiar, \u015bl\u0105skie, Ma\u0142opolska, Opolskie, Dolny \u015al\u0105sk, Polska, Orzesze\" \/>\n<meta property=\"og:url\" content=\"https:\/\/mirola.pl\/it\/area-partner\/\" \/>\n<meta property=\"og:site_name\" content=\"Mirola\" \/>\n<meta property=\"article:publisher\" content=\"https:\/\/www.facebook.com\/MIROLApl\" \/>\n<meta property=\"article:modified_time\" content=\"2023-01-25T08:20:54+00:00\" \/>\n<meta property=\"og:image\" content=\"https:\/\/mirola.pl\/wp-content\/uploads\/2024\/09\/MIROLA-OG-IMAGE-OGOLNY-v2.jpeg\" \/>\n\t<meta property=\"og:image:width\" content=\"1920\" \/>\n\t<meta property=\"og:image:height\" content=\"1006\" \/>\n\t<meta property=\"og:image:type\" content=\"image\/jpeg\" \/>\n<meta name=\"twitter:card\" content=\"summary_large_image\" \/>\n<script type=\"application\/ld+json\" class=\"yoast-schema-graph\">{\"@context\":\"https:\\\/\\\/schema.org\",\"@graph\":[{\"@type\":\"WebPage\",\"@id\":\"https:\\\/\\\/mirola.pl\\\/it\\\/area-partner\\\/\",\"url\":\"https:\\\/\\\/mirola.pl\\\/it\\\/area-partner\\\/\",\"name\":\"Area partner &#187; Mirola\",\"isPartOf\":{\"@id\":\"https:\\\/\\\/mirola.pl\\\/it\\\/#website\"},\"datePublished\":\"2020-12-18T21:37:40+00:00\",\"dateModified\":\"2023-01-25T08:20:54+00:00\",\"description\":\"Area partner &#187; Mirola rolety zewn\u0119trzne, \u017caluzje fasadowe, pergole, bramy gara\u017cowe, moskitiery, rolety MScreen, rolety zewn\u0119trzne, \u017caluzje fasadowe, pergole tarasowe, bramy gara\u017cowe automatyczne, moskitiery okienne, nowoczesne os\u0142ony, os\u0142ony przeciws\u0142oneczne, ochrona przed owadami, kontrola \u015bwiat\u0142a, os\u0142ony okienne na wymiar, \u015bl\u0105skie, Ma\u0142opolska, Opolskie, Dolny \u015al\u0105sk, Polska, Orzesze\",\"breadcrumb\":{\"@id\":\"https:\\\/\\\/mirola.pl\\\/it\\\/area-partner\\\/#breadcrumb\"},\"inLanguage\":\"it-IT\",\"potentialAction\":[{\"@type\":\"ReadAction\",\"target\":[\"https:\\\/\\\/mirola.pl\\\/it\\\/area-partner\\\/\"]}]},{\"@type\":\"BreadcrumbList\",\"@id\":\"https:\\\/\\\/mirola.pl\\\/it\\\/area-partner\\\/#breadcrumb\",\"itemListElement\":[{\"@type\":\"ListItem\",\"position\":1,\"name\":\"Strona g\u0142\u00f3wna\",\"item\":\"https:\\\/\\\/mirola.pl\\\/it\\\/\"},{\"@type\":\"ListItem\",\"position\":2,\"name\":\"Area partner\"}]},{\"@type\":\"WebSite\",\"@id\":\"https:\\\/\\\/mirola.pl\\\/it\\\/#website\",\"url\":\"https:\\\/\\\/mirola.pl\\\/it\\\/\",\"name\":\"Mirola - Rolety, \u017baluzje, Bramy Gara\u017cowe\",\"description\":\"Miejsce dobrych jako\u015bciowo produkt\u00f3w system\u00f3w os\u0142onowych, pergol i bram gara\u017cowych\",\"publisher\":{\"@id\":\"https:\\\/\\\/mirola.pl\\\/it\\\/#organization\"},\"alternateName\":\"Mirola - Specjali\u015bci od Rolet Zewn\u0119trznych, \u017baluzji Fasadowych, Bram Gara\u017cowych, Pergoli i Moskitiery\",\"potentialAction\":[{\"@type\":\"SearchAction\",\"target\":{\"@type\":\"EntryPoint\",\"urlTemplate\":\"https:\\\/\\\/mirola.pl\\\/it\\\/?s={search_term_string}\"},\"query-input\":{\"@type\":\"PropertyValueSpecification\",\"valueRequired\":true,\"valueName\":\"search_term_string\"}}],\"inLanguage\":\"it-IT\"},{\"@type\":\"Organization\",\"@id\":\"https:\\\/\\\/mirola.pl\\\/it\\\/#organization\",\"name\":\"Mirola - ekspert w dziedzinie os\u0142on okiennych, bram gara\u017cowych i pergoli\",\"url\":\"https:\\\/\\\/mirola.pl\\\/it\\\/\",\"logo\":{\"@type\":\"ImageObject\",\"inLanguage\":\"it-IT\",\"@id\":\"https:\\\/\\\/mirola.pl\\\/it\\\/#\\\/schema\\\/logo\\\/image\\\/\",\"url\":\"https:\\\/\\\/mirola.pl\\\/wp-content\\\/uploads\\\/2021\\\/11\\\/logo_mirola_krzywe.svg\",\"contentUrl\":\"https:\\\/\\\/mirola.pl\\\/wp-content\\\/uploads\\\/2021\\\/11\\\/logo_mirola_krzywe.svg\",\"width\":356,\"height\":80,\"caption\":\"Mirola - ekspert w dziedzinie os\u0142on okiennych, bram gara\u017cowych i pergoli\"},\"image\":{\"@id\":\"https:\\\/\\\/mirola.pl\\\/it\\\/#\\\/schema\\\/logo\\\/image\\\/\"},\"sameAs\":[\"https:\\\/\\\/www.facebook.com\\\/MIROLApl\"]}]}<\/script>\n<!-- \/ Yoast SEO plugin. -->","yoast_head_json":{"title":"Area partner &#187; Mirola","description":"Area partner &#187; Mirola rolety zewn\u0119trzne, \u017caluzje fasadowe, pergole, bramy gara\u017cowe, moskitiery, rolety MScreen, rolety zewn\u0119trzne, \u017caluzje fasadowe, pergole tarasowe, bramy gara\u017cowe automatyczne, moskitiery okienne, nowoczesne os\u0142ony, os\u0142ony przeciws\u0142oneczne, ochrona przed owadami, kontrola \u015bwiat\u0142a, os\u0142ony okienne na wymiar, \u015bl\u0105skie, Ma\u0142opolska, Opolskie, Dolny \u015al\u0105sk, Polska, Orzesze","robots":{"index":"index","follow":"follow","max-snippet":"max-snippet:-1","max-image-preview":"max-image-preview:large","max-video-preview":"max-video-preview:-1"},"canonical":"https:\/\/mirola.pl\/it\/area-partner\/","og_locale":"it_IT","og_type":"article","og_title":"Area partner &#187; Mirola","og_description":"Area partner &#187; Mirola rolety zewn\u0119trzne, \u017caluzje fasadowe, pergole, bramy gara\u017cowe, moskitiery, rolety MScreen, rolety zewn\u0119trzne, \u017caluzje fasadowe, pergole tarasowe, bramy gara\u017cowe automatyczne, moskitiery okienne, nowoczesne os\u0142ony, os\u0142ony przeciws\u0142oneczne, ochrona przed owadami, kontrola \u015bwiat\u0142a, os\u0142ony okienne na wymiar, \u015bl\u0105skie, Ma\u0142opolska, Opolskie, Dolny \u015al\u0105sk, Polska, Orzesze","og_url":"https:\/\/mirola.pl\/it\/area-partner\/","og_site_name":"Mirola","article_publisher":"https:\/\/www.facebook.com\/MIROLApl","article_modified_time":"2023-01-25T08:20:54+00:00","og_image":[{"width":1920,"height":1006,"url":"https:\/\/mirola.pl\/wp-content\/uploads\/2024\/09\/MIROLA-OG-IMAGE-OGOLNY-v2.jpeg","type":"image\/jpeg"}],"twitter_card":"summary_large_image","schema":{"@context":"https:\/\/schema.org","@graph":[{"@type":"WebPage","@id":"https:\/\/mirola.pl\/it\/area-partner\/","url":"https:\/\/mirola.pl\/it\/area-partner\/","name":"Area partner &#187; Mirola","isPartOf":{"@id":"https:\/\/mirola.pl\/it\/#website"},"datePublished":"2020-12-18T21:37:40+00:00","dateModified":"2023-01-25T08:20:54+00:00","description":"Area partner &#187; Mirola rolety zewn\u0119trzne, \u017caluzje fasadowe, pergole, bramy gara\u017cowe, moskitiery, rolety MScreen, rolety zewn\u0119trzne, \u017caluzje fasadowe, pergole tarasowe, bramy gara\u017cowe automatyczne, moskitiery okienne, nowoczesne os\u0142ony, os\u0142ony przeciws\u0142oneczne, ochrona przed owadami, kontrola \u015bwiat\u0142a, os\u0142ony okienne na wymiar, \u015bl\u0105skie, Ma\u0142opolska, Opolskie, Dolny \u015al\u0105sk, Polska, Orzesze","breadcrumb":{"@id":"https:\/\/mirola.pl\/it\/area-partner\/#breadcrumb"},"inLanguage":"it-IT","potentialAction":[{"@type":"ReadAction","target":["https:\/\/mirola.pl\/it\/area-partner\/"]}]},{"@type":"BreadcrumbList","@id":"https:\/\/mirola.pl\/it\/area-partner\/#breadcrumb","itemListElement":[{"@type":"ListItem","position":1,"name":"Strona g\u0142\u00f3wna","item":"https:\/\/mirola.pl\/it\/"},{"@type":"ListItem","position":2,"name":"Area partner"}]},{"@type":"WebSite","@id":"https:\/\/mirola.pl\/it\/#website","url":"https:\/\/mirola.pl\/it\/","name":"Mirola - Rolety, \u017baluzje, Bramy Gara\u017cowe","description":"Miejsce dobrych jako\u015bciowo produkt\u00f3w system\u00f3w os\u0142onowych, pergol i bram gara\u017cowych","publisher":{"@id":"https:\/\/mirola.pl\/it\/#organization"},"alternateName":"Mirola - Specjali\u015bci od Rolet Zewn\u0119trznych, \u017baluzji Fasadowych, Bram Gara\u017cowych, Pergoli i Moskitiery","potentialAction":[{"@type":"SearchAction","target":{"@type":"EntryPoint","urlTemplate":"https:\/\/mirola.pl\/it\/?s={search_term_string}"},"query-input":{"@type":"PropertyValueSpecification","valueRequired":true,"valueName":"search_term_string"}}],"inLanguage":"it-IT"},{"@type":"Organization","@id":"https:\/\/mirola.pl\/it\/#organization","name":"Mirola - ekspert w dziedzinie os\u0142on okiennych, bram gara\u017cowych i pergoli","url":"https:\/\/mirola.pl\/it\/","logo":{"@type":"ImageObject","inLanguage":"it-IT","@id":"https:\/\/mirola.pl\/it\/#\/schema\/logo\/image\/","url":"https:\/\/mirola.pl\/wp-content\/uploads\/2021\/11\/logo_mirola_krzywe.svg","contentUrl":"https:\/\/mirola.pl\/wp-content\/uploads\/2021\/11\/logo_mirola_krzywe.svg","width":356,"height":80,"caption":"Mirola - ekspert w dziedzinie os\u0142on okiennych, bram gara\u017cowych i pergoli"},"image":{"@id":"https:\/\/mirola.pl\/it\/#\/schema\/logo\/image\/"},"sameAs":["https:\/\/www.facebook.com\/MIROLApl"]}]}},"_links":{"self":[{"href":"https:\/\/mirola.pl\/it\/wp-json\/wp\/v2\/pages\/4653","targetHints":{"allow":["GET"]}}],"collection":[{"href":"https:\/\/mirola.pl\/it\/wp-json\/wp\/v2\/pages"}],"about":[{"href":"https:\/\/mirola.pl\/it\/wp-json\/wp\/v2\/types\/page"}],"author":[{"embeddable":true,"href":"https:\/\/mirola.pl\/it\/wp-json\/wp\/v2\/users\/1"}],"replies":[{"embeddable":true,"href":"https:\/\/mirola.pl\/it\/wp-json\/wp\/v2\/comments?post=4653"}],"version-history":[{"count":15,"href":"https:\/\/mirola.pl\/it\/wp-json\/wp\/v2\/pages\/4653\/revisions"}],"predecessor-version":[{"id":5486,"href":"https:\/\/mirola.pl\/it\/wp-json\/wp\/v2\/pages\/4653\/revisions\/5486"}],"wp:attachment":[{"href":"https:\/\/mirola.pl\/it\/wp-json\/wp\/v2\/media?parent=4653"}],"curies":[{"name":"wp","href":"https:\/\/api.w.org\/{rel}","templated":true}]}}